{"id":1877,"date":"2023-03-09T13:39:05","date_gmt":"2023-03-09T19:39:05","guid":{"rendered":"https:\/\/adindustrial.com\/?post_type=product&#038;p=1877"},"modified":"2023-03-10T12:52:34","modified_gmt":"2023-03-10T18:52:34","slug":"pl10-motor-bearing","status":"publish","type":"product","link":"https:\/\/adindustrial.com\/en\/productos\/pulsarlube\/lubricantes\/pl10-motor-bearing\/","title":{"rendered":"PL10 Motor Bearing"},"content":{"rendered":"<div data-elementor-type=\"product-post\" data-elementor-id=\"1877\" class=\"elementor elementor-1877\" data-elementor-post-type=\"product\">\n\t\t\t\t\t\t<section class=\"elementor-section elementor-top-section elementor-element elementor-element-95cc4aa elementor-section-boxed elementor-section-height-default elementor-section-height-default\" data-id=\"95cc4aa\" data-element_type=\"section\" data-e-type=\"section\">\n\t\t\t\t\t\t<div class=\"elementor-container elementor-column-gap-default\">\n\t\t\t\t\t<div class=\"elementor-column elementor-col-100 elementor-top-column elementor-element elementor-element-b4fbb52\" data-id=\"b4fbb52\" data-element_type=\"column\" data-e-type=\"column\">\n\t\t\t<div class=\"elementor-widget-wrap elementor-element-populated\">\n\t\t\t\t\t\t<div class=\"elementor-element elementor-element-380af43 elementor-align-justify elementor-widget elementor-widget-button\" data-id=\"380af43\" data-element_type=\"widget\" data-e-type=\"widget\" data-widget_type=\"button.default\">\n\t\t\t\t<div class=\"elementor-widget-container\">\n\t\t\t\t\t\t\t\t\t<div class=\"elementor-button-wrapper\">\n\t\t\t\t\t<a class=\"elementor-button elementor-button-link elementor-size-sm\" href=\"https:\/\/adindustrial.com\/en\/?attachment_id=1915\" target=\"_blank\">\n\t\t\t\t\t\t<span class=\"elementor-button-content-wrapper\">\n\t\t\t\t\t\t\t\t\t<span class=\"elementor-button-text\">Download the flyer<\/span>\n\t\t\t\t\t<\/span>\n\t\t\t\t\t<\/a>\n\t\t\t\t<\/div>\n\t\t\t\t\t\t\t\t<\/div>\n\t\t\t\t<\/div>\n\t\t\t\t<div class=\"elementor-element elementor-element-c3b75a9 elementor-align-justify elementor-widget elementor-widget-button\" data-id=\"c3b75a9\" data-element_type=\"widget\" data-e-type=\"widget\" data-widget_type=\"button.default\">\n\t\t\t\t<div class=\"elementor-widget-container\">\n\t\t\t\t\t\t\t\t\t<div class=\"elementor-button-wrapper\">\n\t\t\t\t\t<a class=\"elementor-button elementor-button-link elementor-size-sm\" href=\"https:\/\/adindustrial.com\/en\/?attachment_id=1917\" target=\"_blank\">\n\t\t\t\t\t\t<span class=\"elementor-button-content-wrapper\">\n\t\t\t\t\t\t\t\t\t<span class=\"elementor-button-text\">Download the PSDS<\/span>\n\t\t\t\t\t<\/span>\n\t\t\t\t\t<\/a>\n\t\t\t\t<\/div>\n\t\t\t\t\t\t\t\t<\/div>\n\t\t\t\t<\/div>\n\t\t\t\t\t<\/div>\n\t\t<\/div>\n\t\t\t\t\t<\/div>\n\t\t<\/section>\n\t\t\t\t<\/div>","protected":false},"excerpt":{"rendered":"<p>Mineral oil + Polyurea, Blue<\/p>\n<p>Temperatura de funcionamiento: -20 \u00b0C ~ 160 \u00b0C (-4 \u00b0F ~ 320 \u00b0F)<\/p>\n<p>DESCRIPCI\u00d3N DEL PRODUCTO:<\/p>\n<ul>\n<li>Estabilidad t\u00e9rmica y resistencia al desgaste.<\/li>\n<li>Propiedad anticorrosi\u00f3n<\/li>\n<li>Compatible con caucho y pl\u00e1stico.<\/li>\n<li>Amplia temperatura de servicio (-20 \u2103 ~ 160 \u2103) (-4 \u2109 ~ 320 \u2109)<\/li>\n<li>Mineral oil + Polyurea, Blue<\/li>\n<\/ul>\n<p>APPLICATIONS:<\/p>\n<ul>\n<li>Lubricador de grasa autom\u00e1tico<\/li>\n<li>Varias piezas de autom\u00f3viles<\/li>\n<li>Rodamientos de motor el\u00e9ctrico, ventilador de aletas y bomba de alta temperatura.<\/li>\n<li>Ball and roller bearings operating in noise sensitive environments<\/li>\n<\/ul>\n<p>ADVANTAGES:<\/p>\n<ul>\n<li>Temperatura de funcionamiento: -20 \u2103 ~ 160 \u2103 (-4 \u2109 ~ 320 \u2109)<\/li>\n<\/ul>","protected":false},"featured_media":1916,"comment_status":"open","ping_status":"closed","template":"","meta":{"site-sidebar-layout":"no-sidebar","site-content-layout":"page-builder","ast-site-content-layout":"default","site-content-style":"default","site-sidebar-style":"default","ast-global-header-display":"","ast-banner-title-visibility":"","ast-main-header-display":"","ast-hfb-above-header-display":"","ast-hfb-below-header-display":"","ast-hfb-mobile-header-display":"","site-post-title":"disabled","ast-breadcrumbs-content":"","ast-featured-img":"disabled","footer-sml-layout":"","ast-disable-related-posts":"","theme-transparent-header-meta":"default","adv-header-id-meta":"","stick-header-meta":"default","header-above-stick-meta":"","header-main-stick-meta":"","header-below-stick-meta":"","astra-migrate-meta-layouts":"default","ast-page-background-enabled":"default","ast-page-background-meta":{"desktop":{"background-color":"","background-image":"","background-repeat":"repeat","background-position":"center center","background-size":"auto","background-attachment":"scroll","background-type":"","background-media":"","overlay-type":"","overlay-color":"","overlay-opacity":"","overlay-gradient":""},"tablet":{"background-color":"","background-image":"","background-repeat":"repeat","background-position":"center center","background-size":"auto","background-attachment":"scroll","background-type":"","background-media":"","overlay-type":"","overlay-color":"","overlay-opacity":"","overlay-gradient":""},"mobile":{"background-color":"","background-image":"","background-repeat":"repeat","background-position":"center center","background-size":"auto","background-attachment":"scroll","background-type":"","background-media":"","overlay-type":"","overlay-color":"","overlay-opacity":"","overlay-gradient":""}},"ast-content-background-meta":{"desktop":{"background-color":"var(--ast-global-color-5)","background-image":"","background-repeat":"repeat","background-position":"center center","background-size":"auto","background-attachment":"scroll","background-type":"","background-media":"","overlay-type":"","overlay-color":"","overlay-opacity":"","overlay-gradient":""},"tablet":{"background-color":"var(--ast-global-color-5)","background-image":"","background-repeat":"repeat","background-position":"center center","background-size":"auto","background-attachment":"scroll","background-type":"","background-media":"","overlay-type":"","overlay-color":"","overlay-opacity":"","overlay-gradient":""},"mobile":{"background-color":"var(--ast-global-color-5)","background-image":"","background-repeat":"repeat","background-position":"center center","background-size":"auto","background-attachment":"scroll","background-type":"","background-media":"","overlay-type":"","overlay-color":"","overlay-opacity":"","overlay-gradient":""}}},"product_brand":[],"product_cat":[89,83],"product_tag":[],"class_list":{"0":"post-1877","1":"product","2":"type-product","3":"status-publish","4":"has-post-thumbnail","6":"product_cat-lubricantes","7":"product_cat-pulsarlube","8":"desktop-align-left","9":"tablet-align-left","10":"mobile-align-left","11":"ast-product-gallery-layout-horizontal-slider","12":"ast-product-gallery-with-no-image","13":"ast-product-tabs-layout-horizontal","15":"first","16":"instock","17":"shipping-taxable","18":"product-type-simple"},"yoast_head":"<!-- This site is optimized with the Yoast SEO plugin v27.0 - https:\/\/yoast.com\/product\/yoast-seo-wordpress\/ -->\n<title>PL10 Motor Bearing - AD INDUSTRIAL<\/title>\n<meta name=\"robots\" content=\"index, follow, max-snippet:-1, max-image-preview:large, max-video-preview:-1\" \/>\n<link rel=\"canonical\" href=\"https:\/\/adindustrial.com\/en\/productos\/pulsarlube\/lubricantes\/pl10-motor-bearing\/\" \/>\n<meta property=\"og:locale\" content=\"en_US\" \/>\n<meta property=\"og:type\" content=\"article\" \/>\n<meta property=\"og:title\" content=\"PL10 Motor Bearing - AD INDUSTRIAL\" \/>\n<meta property=\"og:description\" content=\"Aceite mineral + Poliurea, Azul  Temperatura de funcionamiento: -20 \u00b0C ~ 160 \u00b0C (-4 \u00b0F ~ 320 \u00b0F)  DESCRIPCI\u00d3N DEL PRODUCTO:   Estabilidad t\u00e9rmica y resistencia al desgaste.  Propiedad anticorrosi\u00f3n  Compatible con caucho y pl\u00e1stico.  Amplia temperatura de servicio (-20 \u2103 ~ 160 \u2103) (-4 \u2109 ~ 320 \u2109)  Aceite mineral + Poliurea, Azul  APLICACIONES:   Lubricador de grasa autom\u00e1tico  Varias piezas de autom\u00f3viles  Rodamientos de motor el\u00e9ctrico, ventilador de aletas y bomba de alta temperatura.  Rodamientos de bolas y rodillos que funcionan en entornos sensibles al ruido  VENTAJAS:   Temperatura de funcionamiento: -20 \u2103 ~ 160 \u2103 (-4 \u2109 ~ 320 \u2109)\" \/>\n<meta property=\"og:url\" content=\"https:\/\/adindustrial.com\/en\/productos\/pulsarlube\/lubricantes\/pl10-motor-bearing\/\" \/>\n<meta property=\"og:site_name\" content=\"AD INDUSTRIAL\" \/>\n<meta property=\"article:modified_time\" content=\"2023-03-10T18:52:34+00:00\" \/>\n<meta property=\"og:image\" content=\"https:\/\/adindustrial.com\/wp-content\/uploads\/PL10-Motor-Bearing.png\" \/>\n\t<meta property=\"og:image:width\" content=\"200\" \/>\n\t<meta property=\"og:image:height\" content=\"200\" \/>\n\t<meta property=\"og:image:type\" content=\"image\/png\" \/>\n<meta name=\"twitter:card\" content=\"summary_large_image\" \/>\n<script type=\"application\/ld+json\" class=\"yoast-schema-graph\">{\"@context\":\"https:\/\/schema.org\",\"@graph\":[{\"@type\":\"WebPage\",\"@id\":\"https:\/\/adindustrial.com\/productos\/pulsarlube\/lubricantes\/pl10-motor-bearing\/\",\"url\":\"https:\/\/adindustrial.com\/productos\/pulsarlube\/lubricantes\/pl10-motor-bearing\/\",\"name\":\"PL10 Motor Bearing - AD INDUSTRIAL\",\"isPartOf\":{\"@id\":\"https:\/\/adindustrial.com\/#website\"},\"primaryImageOfPage\":{\"@id\":\"https:\/\/adindustrial.com\/productos\/pulsarlube\/lubricantes\/pl10-motor-bearing\/#primaryimage\"},\"image\":{\"@id\":\"https:\/\/adindustrial.com\/productos\/pulsarlube\/lubricantes\/pl10-motor-bearing\/#primaryimage\"},\"thumbnailUrl\":\"https:\/\/adindustrial.com\/wp-content\/uploads\/PL10-Motor-Bearing.png\",\"datePublished\":\"2023-03-09T19:39:05+00:00\",\"dateModified\":\"2023-03-10T18:52:34+00:00\",\"breadcrumb\":{\"@id\":\"https:\/\/adindustrial.com\/productos\/pulsarlube\/lubricantes\/pl10-motor-bearing\/#breadcrumb\"},\"inLanguage\":\"en-US\",\"potentialAction\":[{\"@type\":\"ReadAction\",\"target\":[\"https:\/\/adindustrial.com\/productos\/pulsarlube\/lubricantes\/pl10-motor-bearing\/\"]}]},{\"@type\":\"ImageObject\",\"inLanguage\":\"en-US\",\"@id\":\"https:\/\/adindustrial.com\/productos\/pulsarlube\/lubricantes\/pl10-motor-bearing\/#primaryimage\",\"url\":\"https:\/\/adindustrial.com\/wp-content\/uploads\/PL10-Motor-Bearing.png\",\"contentUrl\":\"https:\/\/adindustrial.com\/wp-content\/uploads\/PL10-Motor-Bearing.png\",\"width\":200,\"height\":200},{\"@type\":\"BreadcrumbList\",\"@id\":\"https:\/\/adindustrial.com\/productos\/pulsarlube\/lubricantes\/pl10-motor-bearing\/#breadcrumb\",\"itemListElement\":[{\"@type\":\"ListItem\",\"position\":1,\"name\":\"Inicio\",\"item\":\"https:\/\/adindustrial.com\/\"},{\"@type\":\"ListItem\",\"position\":2,\"name\":\"Productos\",\"item\":\"https:\/\/adindustrial.com\/productos\/\"},{\"@type\":\"ListItem\",\"position\":3,\"name\":\"PL10 Motor Bearing\"}]},{\"@type\":\"WebSite\",\"@id\":\"https:\/\/adindustrial.com\/#website\",\"url\":\"https:\/\/adindustrial.com\/\",\"name\":\"AD INDUSTRIAL\",\"description\":\"Industria en movimiento\",\"publisher\":{\"@id\":\"https:\/\/adindustrial.com\/#organization\"},\"potentialAction\":[{\"@type\":\"SearchAction\",\"target\":{\"@type\":\"EntryPoint\",\"urlTemplate\":\"https:\/\/adindustrial.com\/?s={search_term_string}\"},\"query-input\":{\"@type\":\"PropertyValueSpecification\",\"valueRequired\":true,\"valueName\":\"search_term_string\"}}],\"inLanguage\":\"en-US\"},{\"@type\":\"Organization\",\"@id\":\"https:\/\/adindustrial.com\/#organization\",\"name\":\"Ad Industrial S.A. de C.V.\",\"url\":\"https:\/\/adindustrial.com\/\",\"logo\":{\"@type\":\"ImageObject\",\"inLanguage\":\"en-US\",\"@id\":\"https:\/\/adindustrial.com\/#\/schema\/logo\/image\/\",\"url\":\"https:\/\/adindustrial.com\/wp-content\/uploads\/2021\/03\/ADIndustrial-logo.png\",\"contentUrl\":\"https:\/\/adindustrial.com\/wp-content\/uploads\/2021\/03\/ADIndustrial-logo.png\",\"width\":1000,\"height\":265,\"caption\":\"Ad Industrial S.A. de C.V.\"},\"image\":{\"@id\":\"https:\/\/adindustrial.com\/#\/schema\/logo\/image\/\"}}]}<\/script>\n<!-- \/ Yoast SEO plugin. -->","yoast_head_json":{"title":"PL10 Motor Bearing - AD INDUSTRIAL","robots":{"index":"index","follow":"follow","max-snippet":"max-snippet:-1","max-image-preview":"max-image-preview:large","max-video-preview":"max-video-preview:-1"},"canonical":"https:\/\/adindustrial.com\/en\/productos\/pulsarlube\/lubricantes\/pl10-motor-bearing\/","og_locale":"en_US","og_type":"article","og_title":"PL10 Motor Bearing - AD INDUSTRIAL","og_description":"Aceite mineral + Poliurea, Azul  Temperatura de funcionamiento: -20 \u00b0C ~ 160 \u00b0C (-4 \u00b0F ~ 320 \u00b0F)  DESCRIPCI\u00d3N DEL PRODUCTO:   Estabilidad t\u00e9rmica y resistencia al desgaste.  Propiedad anticorrosi\u00f3n  Compatible con caucho y pl\u00e1stico.  Amplia temperatura de servicio (-20 \u2103 ~ 160 \u2103) (-4 \u2109 ~ 320 \u2109)  Aceite mineral + Poliurea, Azul  APLICACIONES:   Lubricador de grasa autom\u00e1tico  Varias piezas de autom\u00f3viles  Rodamientos de motor el\u00e9ctrico, ventilador de aletas y bomba de alta temperatura.  Rodamientos de bolas y rodillos que funcionan en entornos sensibles al ruido  VENTAJAS:   Temperatura de funcionamiento: -20 \u2103 ~ 160 \u2103 (-4 \u2109 ~ 320 \u2109)","og_url":"https:\/\/adindustrial.com\/en\/productos\/pulsarlube\/lubricantes\/pl10-motor-bearing\/","og_site_name":"AD INDUSTRIAL","article_modified_time":"2023-03-10T18:52:34+00:00","og_image":[{"width":200,"height":200,"url":"https:\/\/adindustrial.com\/wp-content\/uploads\/PL10-Motor-Bearing.png","type":"image\/png"}],"twitter_card":"summary_large_image","schema":{"@context":"https:\/\/schema.org","@graph":[{"@type":"WebPage","@id":"https:\/\/adindustrial.com\/productos\/pulsarlube\/lubricantes\/pl10-motor-bearing\/","url":"https:\/\/adindustrial.com\/productos\/pulsarlube\/lubricantes\/pl10-motor-bearing\/","name":"PL10 Motor Bearing - AD INDUSTRIAL","isPartOf":{"@id":"https:\/\/adindustrial.com\/#website"},"primaryImageOfPage":{"@id":"https:\/\/adindustrial.com\/productos\/pulsarlube\/lubricantes\/pl10-motor-bearing\/#primaryimage"},"image":{"@id":"https:\/\/adindustrial.com\/productos\/pulsarlube\/lubricantes\/pl10-motor-bearing\/#primaryimage"},"thumbnailUrl":"https:\/\/adindustrial.com\/wp-content\/uploads\/PL10-Motor-Bearing.png","datePublished":"2023-03-09T19:39:05+00:00","dateModified":"2023-03-10T18:52:34+00:00","breadcrumb":{"@id":"https:\/\/adindustrial.com\/productos\/pulsarlube\/lubricantes\/pl10-motor-bearing\/#breadcrumb"},"inLanguage":"en-US","potentialAction":[{"@type":"ReadAction","target":["https:\/\/adindustrial.com\/productos\/pulsarlube\/lubricantes\/pl10-motor-bearing\/"]}]},{"@type":"ImageObject","inLanguage":"en-US","@id":"https:\/\/adindustrial.com\/productos\/pulsarlube\/lubricantes\/pl10-motor-bearing\/#primaryimage","url":"https:\/\/adindustrial.com\/wp-content\/uploads\/PL10-Motor-Bearing.png","contentUrl":"https:\/\/adindustrial.com\/wp-content\/uploads\/PL10-Motor-Bearing.png","width":200,"height":200},{"@type":"BreadcrumbList","@id":"https:\/\/adindustrial.com\/productos\/pulsarlube\/lubricantes\/pl10-motor-bearing\/#breadcrumb","itemListElement":[{"@type":"ListItem","position":1,"name":"Inicio","item":"https:\/\/adindustrial.com\/"},{"@type":"ListItem","position":2,"name":"Productos","item":"https:\/\/adindustrial.com\/productos\/"},{"@type":"ListItem","position":3,"name":"PL10 Motor Bearing"}]},{"@type":"WebSite","@id":"https:\/\/adindustrial.com\/#website","url":"https:\/\/adindustrial.com\/","name":"AD INDUSTRIAL","description":"Industria en movimiento","publisher":{"@id":"https:\/\/adindustrial.com\/#organization"},"potentialAction":[{"@type":"SearchAction","target":{"@type":"EntryPoint","urlTemplate":"https:\/\/adindustrial.com\/?s={search_term_string}"},"query-input":{"@type":"PropertyValueSpecification","valueRequired":true,"valueName":"search_term_string"}}],"inLanguage":"en-US"},{"@type":"Organization","@id":"https:\/\/adindustrial.com\/#organization","name":"Ad Industrial S.A. de C.V.","url":"https:\/\/adindustrial.com\/","logo":{"@type":"ImageObject","inLanguage":"en-US","@id":"https:\/\/adindustrial.com\/#\/schema\/logo\/image\/","url":"https:\/\/adindustrial.com\/wp-content\/uploads\/2021\/03\/ADIndustrial-logo.png","contentUrl":"https:\/\/adindustrial.com\/wp-content\/uploads\/2021\/03\/ADIndustrial-logo.png","width":1000,"height":265,"caption":"Ad Industrial S.A. de C.V."},"image":{"@id":"https:\/\/adindustrial.com\/#\/schema\/logo\/image\/"}}]}},"_links":{"self":[{"href":"https:\/\/adindustrial.com\/en\/wp-json\/wp\/v2\/product\/1877","targetHints":{"allow":["GET"]}}],"collection":[{"href":"https:\/\/adindustrial.com\/en\/wp-json\/wp\/v2\/product"}],"about":[{"href":"https:\/\/adindustrial.com\/en\/wp-json\/wp\/v2\/types\/product"}],"replies":[{"embeddable":true,"href":"https:\/\/adindustrial.com\/en\/wp-json\/wp\/v2\/comments?post=1877"}],"version-history":[{"count":0,"href":"https:\/\/adindustrial.com\/en\/wp-json\/wp\/v2\/product\/1877\/revisions"}],"wp:featuredmedia":[{"embeddable":true,"href":"https:\/\/adindustrial.com\/en\/wp-json\/wp\/v2\/media\/1916"}],"wp:attachment":[{"href":"https:\/\/adindustrial.com\/en\/wp-json\/wp\/v2\/media?parent=1877"}],"wp:term":[{"taxonomy":"product_brand","embeddable":true,"href":"https:\/\/adindustrial.com\/en\/wp-json\/wp\/v2\/product_brand?post=1877"},{"taxonomy":"product_cat","embeddable":true,"href":"https:\/\/adindustrial.com\/en\/wp-json\/wp\/v2\/product_cat?post=1877"},{"taxonomy":"product_tag","embeddable":true,"href":"https:\/\/adindustrial.com\/en\/wp-json\/wp\/v2\/product_tag?post=1877"}],"curies":[{"name":"wp","href":"https:\/\/api.w.org\/{rel}","templated":true}]}}