{"id":1874,"date":"2023-03-09T13:38:55","date_gmt":"2023-03-09T19:38:55","guid":{"rendered":"https:\/\/adindustrial.com\/?post_type=product&#038;p=1874"},"modified":"2023-03-10T12:51:40","modified_gmt":"2023-03-10T18:51:40","slug":"pl5-high-temperature","status":"publish","type":"product","link":"https:\/\/adindustrial.com\/en\/productos\/pulsarlube\/lubricantes\/pl5-high-temperature\/","title":{"rendered":"PL5 High Temperature"},"content":{"rendered":"<div data-elementor-type=\"product-post\" data-elementor-id=\"1874\" class=\"elementor elementor-1874\" data-elementor-post-type=\"product\">\n\t\t\t\t\t\t<section class=\"elementor-section elementor-top-section elementor-element elementor-element-4866b03 elementor-section-boxed elementor-section-height-default elementor-section-height-default\" data-id=\"4866b03\" data-element_type=\"section\" data-e-type=\"section\">\n\t\t\t\t\t\t<div class=\"elementor-container elementor-column-gap-default\">\n\t\t\t\t\t<div class=\"elementor-column elementor-col-100 elementor-top-column elementor-element elementor-element-9fb3a32\" data-id=\"9fb3a32\" data-element_type=\"column\" data-e-type=\"column\">\n\t\t\t<div class=\"elementor-widget-wrap elementor-element-populated\">\n\t\t\t\t\t\t<div class=\"elementor-element elementor-element-bde920d elementor-align-justify elementor-widget elementor-widget-button\" data-id=\"bde920d\" data-element_type=\"widget\" data-e-type=\"widget\" data-widget_type=\"button.default\">\n\t\t\t\t<div class=\"elementor-widget-container\">\n\t\t\t\t\t\t\t\t\t<div class=\"elementor-button-wrapper\">\n\t\t\t\t\t<a class=\"elementor-button elementor-button-link elementor-size-sm\" href=\"https:\/\/adindustrial.com\/en\/?attachment_id=1906\" target=\"_blank\">\n\t\t\t\t\t\t<span class=\"elementor-button-content-wrapper\">\n\t\t\t\t\t\t\t\t\t<span class=\"elementor-button-text\">Download the flyer<\/span>\n\t\t\t\t\t<\/span>\n\t\t\t\t\t<\/a>\n\t\t\t\t<\/div>\n\t\t\t\t\t\t\t\t<\/div>\n\t\t\t\t<\/div>\n\t\t\t\t<div class=\"elementor-element elementor-element-50efcce elementor-align-justify elementor-widget elementor-widget-button\" data-id=\"50efcce\" data-element_type=\"widget\" data-e-type=\"widget\" data-widget_type=\"button.default\">\n\t\t\t\t<div class=\"elementor-widget-container\">\n\t\t\t\t\t\t\t\t\t<div class=\"elementor-button-wrapper\">\n\t\t\t\t\t<a class=\"elementor-button elementor-button-link elementor-size-sm\" href=\"https:\/\/adindustrial.com\/en\/?attachment_id=1908\" target=\"_blank\">\n\t\t\t\t\t\t<span class=\"elementor-button-content-wrapper\">\n\t\t\t\t\t\t\t\t\t<span class=\"elementor-button-text\">Download the PSDS<\/span>\n\t\t\t\t\t<\/span>\n\t\t\t\t\t<\/a>\n\t\t\t\t<\/div>\n\t\t\t\t\t\t\t\t<\/div>\n\t\t\t\t<\/div>\n\t\t\t\t\t<\/div>\n\t\t<\/div>\n\t\t\t\t\t<\/div>\n\t\t<\/section>\n\t\t\t\t<\/div>","protected":false},"excerpt":{"rendered":"<p>Aceite sint\u00e9tico + complejo de litio, rojo<\/p>\n<p>Temperatura de funcionamiento: -40 \u00b0C ~ 180 \u00b0C (-40 \u00b0F ~ 356 \u00b0F)<\/p>\n<p>DESCRIPCI\u00d3N DEL PRODUCTO:<\/p>\n<ul>\n<li>Outstanding high and low temperature performance<\/li>\n<li>Excelente resistencia al \u00f3xido, la corrosi\u00f3n y la oxidaci\u00f3n.<\/li>\n<li>Consumo de energ\u00eda reducido (bajo coeficiente de tracci\u00f3n)<\/li>\n<\/ul>\n<p>APPLICATIONS:<\/p>\n<ul>\n<li>Lubricador de grasa autom\u00e1tico<\/li>\n<li>For heavy duty, automotive and industrial applications<\/li>\n<li>Aplicaciones de rodamientos de alta velocidad, como motores el\u00e9ctricos<\/li>\n<\/ul>\n<p>ADVANTAGES:<\/p>\n<ul>\n<li>Larga vida \u00fatil: excelente estabilidad al corte, resistencia al agua\/vapor y estabilidad a la oxidaci\u00f3n<\/li>\n<li>Excelente capacidad de carga y antidesgaste: Mayor vida \u00fatil del equipo<\/li>\n<li>Protecci\u00f3n mejorada contra el \u00f3xido y la corrosi\u00f3n<\/li>\n<li>Excellent pumpability<\/li>\n<li>Temperatura de funcionamiento: -40 \u00b0C ~ 180 \u00b0C (-40 \u00b0F ~ 356 \u00b0F)<\/li>\n<\/ul>","protected":false},"featured_media":1907,"comment_status":"open","ping_status":"closed","template":"","meta":{"site-sidebar-layout":"no-sidebar","site-content-layout":"page-builder","ast-site-content-layout":"default","site-content-style":"default","site-sidebar-style":"default","ast-global-header-display":"","ast-banner-title-visibility":"","ast-main-header-display":"","ast-hfb-above-header-display":"","ast-hfb-below-header-display":"","ast-hfb-mobile-header-display":"","site-post-title":"disabled","ast-breadcrumbs-content":"","ast-featured-img":"disabled","footer-sml-layout":"","ast-disable-related-posts":"","theme-transparent-header-meta":"default","adv-header-id-meta":"","stick-header-meta":"default","header-above-stick-meta":"","header-main-stick-meta":"","header-below-stick-meta":"","astra-migrate-meta-layouts":"default","ast-page-background-enabled":"default","ast-page-background-meta":{"desktop":{"background-color":"","background-image":"","background-repeat":"repeat","background-position":"center center","background-size":"auto","background-attachment":"scroll","background-type":"","background-media":"","overlay-type":"","overlay-color":"","overlay-opacity":"","overlay-gradient":""},"tablet":{"background-color":"","background-image":"","background-repeat":"repeat","background-position":"center center","background-size":"auto","background-attachment":"scroll","background-type":"","background-media":"","overlay-type":"","overlay-color":"","overlay-opacity":"","overlay-gradient":""},"mobile":{"background-color":"","background-image":"","background-repeat":"repeat","background-position":"center center","background-size":"auto","background-attachment":"scroll","background-type":"","background-media":"","overlay-type":"","overlay-color":"","overlay-opacity":"","overlay-gradient":""}},"ast-content-background-meta":{"desktop":{"background-color":"var(--ast-global-color-5)","background-image":"","background-repeat":"repeat","background-position":"center center","background-size":"auto","background-attachment":"scroll","background-type":"","background-media":"","overlay-type":"","overlay-color":"","overlay-opacity":"","overlay-gradient":""},"tablet":{"background-color":"var(--ast-global-color-5)","background-image":"","background-repeat":"repeat","background-position":"center center","background-size":"auto","background-attachment":"scroll","background-type":"","background-media":"","overlay-type":"","overlay-color":"","overlay-opacity":"","overlay-gradient":""},"mobile":{"background-color":"var(--ast-global-color-5)","background-image":"","background-repeat":"repeat","background-position":"center center","background-size":"auto","background-attachment":"scroll","background-type":"","background-media":"","overlay-type":"","overlay-color":"","overlay-opacity":"","overlay-gradient":""}}},"product_brand":[],"product_cat":[89,83],"product_tag":[],"class_list":{"0":"post-1874","1":"product","2":"type-product","3":"status-publish","4":"has-post-thumbnail","6":"product_cat-lubricantes","7":"product_cat-pulsarlube","8":"desktop-align-left","9":"tablet-align-left","10":"mobile-align-left","11":"ast-product-gallery-layout-horizontal-slider","12":"ast-product-gallery-with-no-image","13":"ast-product-tabs-layout-horizontal","15":"first","16":"instock","17":"shipping-taxable","18":"product-type-simple"},"yoast_head":"<!-- This site is optimized with the Yoast SEO plugin v27.0 - https:\/\/yoast.com\/product\/yoast-seo-wordpress\/ -->\n<title>PL5 High Temperature - AD INDUSTRIAL<\/title>\n<meta name=\"robots\" content=\"index, follow, max-snippet:-1, max-image-preview:large, max-video-preview:-1\" \/>\n<link rel=\"canonical\" href=\"https:\/\/adindustrial.com\/en\/productos\/pulsarlube\/lubricantes\/pl5-high-temperature\/\" \/>\n<meta property=\"og:locale\" content=\"en_US\" \/>\n<meta property=\"og:type\" content=\"article\" \/>\n<meta property=\"og:title\" content=\"PL5 High Temperature - AD INDUSTRIAL\" \/>\n<meta property=\"og:description\" content=\"Aceite sint\u00e9tico + complejo de litio, rojo  Temperatura de funcionamiento: -40 \u00b0C ~ 180 \u00b0C (-40 \u00b0F ~ 356 \u00b0F)  DESCRIPCI\u00d3N DEL PRODUCTO:   Excelente rendimiento a altas y bajas temperaturas  Excelente resistencia al \u00f3xido, la corrosi\u00f3n y la oxidaci\u00f3n.  Consumo de energ\u00eda reducido (bajo coeficiente de tracci\u00f3n)  APLICACIONES:   Lubricador de grasa autom\u00e1tico  Para aplicaciones industriales, automotrices y de servicio pesado  Aplicaciones de rodamientos de alta velocidad, como motores el\u00e9ctricos  VENTAJAS:   Larga vida \u00fatil: excelente estabilidad al corte, resistencia al agua\/vapor y estabilidad a la oxidaci\u00f3n  Excelente capacidad de carga y antidesgaste: Mayor vida \u00fatil del equipo  Protecci\u00f3n mejorada contra el \u00f3xido y la corrosi\u00f3n  Excelente bombeabilidad  Temperatura de funcionamiento: -40 \u00b0C ~ 180 \u00b0C (-40 \u00b0F ~ 356 \u00b0F)\" \/>\n<meta property=\"og:url\" content=\"https:\/\/adindustrial.com\/en\/productos\/pulsarlube\/lubricantes\/pl5-high-temperature\/\" \/>\n<meta property=\"og:site_name\" content=\"AD INDUSTRIAL\" \/>\n<meta property=\"article:modified_time\" content=\"2023-03-10T18:51:40+00:00\" \/>\n<meta property=\"og:image\" content=\"https:\/\/adindustrial.com\/wp-content\/uploads\/PL5-High-Temperature.png\" \/>\n\t<meta property=\"og:image:width\" content=\"200\" \/>\n\t<meta property=\"og:image:height\" content=\"200\" \/>\n\t<meta property=\"og:image:type\" content=\"image\/png\" \/>\n<meta name=\"twitter:card\" content=\"summary_large_image\" \/>\n<script type=\"application\/ld+json\" class=\"yoast-schema-graph\">{\"@context\":\"https:\/\/schema.org\",\"@graph\":[{\"@type\":\"WebPage\",\"@id\":\"https:\/\/adindustrial.com\/productos\/pulsarlube\/lubricantes\/pl5-high-temperature\/\",\"url\":\"https:\/\/adindustrial.com\/productos\/pulsarlube\/lubricantes\/pl5-high-temperature\/\",\"name\":\"PL5 High Temperature - AD INDUSTRIAL\",\"isPartOf\":{\"@id\":\"https:\/\/adindustrial.com\/#website\"},\"primaryImageOfPage\":{\"@id\":\"https:\/\/adindustrial.com\/productos\/pulsarlube\/lubricantes\/pl5-high-temperature\/#primaryimage\"},\"image\":{\"@id\":\"https:\/\/adindustrial.com\/productos\/pulsarlube\/lubricantes\/pl5-high-temperature\/#primaryimage\"},\"thumbnailUrl\":\"https:\/\/adindustrial.com\/wp-content\/uploads\/PL5-High-Temperature.png\",\"datePublished\":\"2023-03-09T19:38:55+00:00\",\"dateModified\":\"2023-03-10T18:51:40+00:00\",\"breadcrumb\":{\"@id\":\"https:\/\/adindustrial.com\/productos\/pulsarlube\/lubricantes\/pl5-high-temperature\/#breadcrumb\"},\"inLanguage\":\"en-US\",\"potentialAction\":[{\"@type\":\"ReadAction\",\"target\":[\"https:\/\/adindustrial.com\/productos\/pulsarlube\/lubricantes\/pl5-high-temperature\/\"]}]},{\"@type\":\"ImageObject\",\"inLanguage\":\"en-US\",\"@id\":\"https:\/\/adindustrial.com\/productos\/pulsarlube\/lubricantes\/pl5-high-temperature\/#primaryimage\",\"url\":\"https:\/\/adindustrial.com\/wp-content\/uploads\/PL5-High-Temperature.png\",\"contentUrl\":\"https:\/\/adindustrial.com\/wp-content\/uploads\/PL5-High-Temperature.png\",\"width\":200,\"height\":200},{\"@type\":\"BreadcrumbList\",\"@id\":\"https:\/\/adindustrial.com\/productos\/pulsarlube\/lubricantes\/pl5-high-temperature\/#breadcrumb\",\"itemListElement\":[{\"@type\":\"ListItem\",\"position\":1,\"name\":\"Inicio\",\"item\":\"https:\/\/adindustrial.com\/\"},{\"@type\":\"ListItem\",\"position\":2,\"name\":\"Productos\",\"item\":\"https:\/\/adindustrial.com\/productos\/\"},{\"@type\":\"ListItem\",\"position\":3,\"name\":\"PL5 High Temperature\"}]},{\"@type\":\"WebSite\",\"@id\":\"https:\/\/adindustrial.com\/#website\",\"url\":\"https:\/\/adindustrial.com\/\",\"name\":\"AD INDUSTRIAL\",\"description\":\"Industria en movimiento\",\"publisher\":{\"@id\":\"https:\/\/adindustrial.com\/#organization\"},\"potentialAction\":[{\"@type\":\"SearchAction\",\"target\":{\"@type\":\"EntryPoint\",\"urlTemplate\":\"https:\/\/adindustrial.com\/?s={search_term_string}\"},\"query-input\":{\"@type\":\"PropertyValueSpecification\",\"valueRequired\":true,\"valueName\":\"search_term_string\"}}],\"inLanguage\":\"en-US\"},{\"@type\":\"Organization\",\"@id\":\"https:\/\/adindustrial.com\/#organization\",\"name\":\"Ad Industrial S.A. de C.V.\",\"url\":\"https:\/\/adindustrial.com\/\",\"logo\":{\"@type\":\"ImageObject\",\"inLanguage\":\"en-US\",\"@id\":\"https:\/\/adindustrial.com\/#\/schema\/logo\/image\/\",\"url\":\"https:\/\/adindustrial.com\/wp-content\/uploads\/2021\/03\/ADIndustrial-logo.png\",\"contentUrl\":\"https:\/\/adindustrial.com\/wp-content\/uploads\/2021\/03\/ADIndustrial-logo.png\",\"width\":1000,\"height\":265,\"caption\":\"Ad Industrial S.A. de C.V.\"},\"image\":{\"@id\":\"https:\/\/adindustrial.com\/#\/schema\/logo\/image\/\"}}]}<\/script>\n<!-- \/ Yoast SEO plugin. -->","yoast_head_json":{"title":"PL5 High Temperature - AD INDUSTRIAL","robots":{"index":"index","follow":"follow","max-snippet":"max-snippet:-1","max-image-preview":"max-image-preview:large","max-video-preview":"max-video-preview:-1"},"canonical":"https:\/\/adindustrial.com\/en\/productos\/pulsarlube\/lubricantes\/pl5-high-temperature\/","og_locale":"en_US","og_type":"article","og_title":"PL5 High Temperature - AD INDUSTRIAL","og_description":"Aceite sint\u00e9tico + complejo de litio, rojo  Temperatura de funcionamiento: -40 \u00b0C ~ 180 \u00b0C (-40 \u00b0F ~ 356 \u00b0F)  DESCRIPCI\u00d3N DEL PRODUCTO:   Excelente rendimiento a altas y bajas temperaturas  Excelente resistencia al \u00f3xido, la corrosi\u00f3n y la oxidaci\u00f3n.  Consumo de energ\u00eda reducido (bajo coeficiente de tracci\u00f3n)  APLICACIONES:   Lubricador de grasa autom\u00e1tico  Para aplicaciones industriales, automotrices y de servicio pesado  Aplicaciones de rodamientos de alta velocidad, como motores el\u00e9ctricos  VENTAJAS:   Larga vida \u00fatil: excelente estabilidad al corte, resistencia al agua\/vapor y estabilidad a la oxidaci\u00f3n  Excelente capacidad de carga y antidesgaste: Mayor vida \u00fatil del equipo  Protecci\u00f3n mejorada contra el \u00f3xido y la corrosi\u00f3n  Excelente bombeabilidad  Temperatura de funcionamiento: -40 \u00b0C ~ 180 \u00b0C (-40 \u00b0F ~ 356 \u00b0F)","og_url":"https:\/\/adindustrial.com\/en\/productos\/pulsarlube\/lubricantes\/pl5-high-temperature\/","og_site_name":"AD INDUSTRIAL","article_modified_time":"2023-03-10T18:51:40+00:00","og_image":[{"width":200,"height":200,"url":"https:\/\/adindustrial.com\/wp-content\/uploads\/PL5-High-Temperature.png","type":"image\/png"}],"twitter_card":"summary_large_image","schema":{"@context":"https:\/\/schema.org","@graph":[{"@type":"WebPage","@id":"https:\/\/adindustrial.com\/productos\/pulsarlube\/lubricantes\/pl5-high-temperature\/","url":"https:\/\/adindustrial.com\/productos\/pulsarlube\/lubricantes\/pl5-high-temperature\/","name":"PL5 High Temperature - AD INDUSTRIAL","isPartOf":{"@id":"https:\/\/adindustrial.com\/#website"},"primaryImageOfPage":{"@id":"https:\/\/adindustrial.com\/productos\/pulsarlube\/lubricantes\/pl5-high-temperature\/#primaryimage"},"image":{"@id":"https:\/\/adindustrial.com\/productos\/pulsarlube\/lubricantes\/pl5-high-temperature\/#primaryimage"},"thumbnailUrl":"https:\/\/adindustrial.com\/wp-content\/uploads\/PL5-High-Temperature.png","datePublished":"2023-03-09T19:38:55+00:00","dateModified":"2023-03-10T18:51:40+00:00","breadcrumb":{"@id":"https:\/\/adindustrial.com\/productos\/pulsarlube\/lubricantes\/pl5-high-temperature\/#breadcrumb"},"inLanguage":"en-US","potentialAction":[{"@type":"ReadAction","target":["https:\/\/adindustrial.com\/productos\/pulsarlube\/lubricantes\/pl5-high-temperature\/"]}]},{"@type":"ImageObject","inLanguage":"en-US","@id":"https:\/\/adindustrial.com\/productos\/pulsarlube\/lubricantes\/pl5-high-temperature\/#primaryimage","url":"https:\/\/adindustrial.com\/wp-content\/uploads\/PL5-High-Temperature.png","contentUrl":"https:\/\/adindustrial.com\/wp-content\/uploads\/PL5-High-Temperature.png","width":200,"height":200},{"@type":"BreadcrumbList","@id":"https:\/\/adindustrial.com\/productos\/pulsarlube\/lubricantes\/pl5-high-temperature\/#breadcrumb","itemListElement":[{"@type":"ListItem","position":1,"name":"Inicio","item":"https:\/\/adindustrial.com\/"},{"@type":"ListItem","position":2,"name":"Productos","item":"https:\/\/adindustrial.com\/productos\/"},{"@type":"ListItem","position":3,"name":"PL5 High Temperature"}]},{"@type":"WebSite","@id":"https:\/\/adindustrial.com\/#website","url":"https:\/\/adindustrial.com\/","name":"AD INDUSTRIAL","description":"Industria en movimiento","publisher":{"@id":"https:\/\/adindustrial.com\/#organization"},"potentialAction":[{"@type":"SearchAction","target":{"@type":"EntryPoint","urlTemplate":"https:\/\/adindustrial.com\/?s={search_term_string}"},"query-input":{"@type":"PropertyValueSpecification","valueRequired":true,"valueName":"search_term_string"}}],"inLanguage":"en-US"},{"@type":"Organization","@id":"https:\/\/adindustrial.com\/#organization","name":"Ad Industrial S.A. de C.V.","url":"https:\/\/adindustrial.com\/","logo":{"@type":"ImageObject","inLanguage":"en-US","@id":"https:\/\/adindustrial.com\/#\/schema\/logo\/image\/","url":"https:\/\/adindustrial.com\/wp-content\/uploads\/2021\/03\/ADIndustrial-logo.png","contentUrl":"https:\/\/adindustrial.com\/wp-content\/uploads\/2021\/03\/ADIndustrial-logo.png","width":1000,"height":265,"caption":"Ad Industrial S.A. de C.V."},"image":{"@id":"https:\/\/adindustrial.com\/#\/schema\/logo\/image\/"}}]}},"_links":{"self":[{"href":"https:\/\/adindustrial.com\/en\/wp-json\/wp\/v2\/product\/1874","targetHints":{"allow":["GET"]}}],"collection":[{"href":"https:\/\/adindustrial.com\/en\/wp-json\/wp\/v2\/product"}],"about":[{"href":"https:\/\/adindustrial.com\/en\/wp-json\/wp\/v2\/types\/product"}],"replies":[{"embeddable":true,"href":"https:\/\/adindustrial.com\/en\/wp-json\/wp\/v2\/comments?post=1874"}],"version-history":[{"count":0,"href":"https:\/\/adindustrial.com\/en\/wp-json\/wp\/v2\/product\/1874\/revisions"}],"wp:featuredmedia":[{"embeddable":true,"href":"https:\/\/adindustrial.com\/en\/wp-json\/wp\/v2\/media\/1907"}],"wp:attachment":[{"href":"https:\/\/adindustrial.com\/en\/wp-json\/wp\/v2\/media?parent=1874"}],"wp:term":[{"taxonomy":"product_brand","embeddable":true,"href":"https:\/\/adindustrial.com\/en\/wp-json\/wp\/v2\/product_brand?post=1874"},{"taxonomy":"product_cat","embeddable":true,"href":"https:\/\/adindustrial.com\/en\/wp-json\/wp\/v2\/product_cat?post=1874"},{"taxonomy":"product_tag","embeddable":true,"href":"https:\/\/adindustrial.com\/en\/wp-json\/wp\/v2\/product_tag?post=1874"}],"curies":[{"name":"wp","href":"https:\/\/api.w.org\/{rel}","templated":true}]}}