{"id":1873,"date":"2023-03-09T13:38:54","date_gmt":"2023-03-09T19:38:54","guid":{"rendered":"https:\/\/adindustrial.com\/?post_type=product&#038;p=1873"},"modified":"2023-03-10T12:51:26","modified_gmt":"2023-03-10T18:51:26","slug":"pl4-h1-food-grade","status":"publish","type":"product","link":"https:\/\/adindustrial.com\/en\/productos\/pulsarlube\/lubricantes\/pl4-h1-food-grade\/","title":{"rendered":"PL4 H1 Food Grade"},"content":{"rendered":"<div data-elementor-type=\"product-post\" data-elementor-id=\"1873\" class=\"elementor elementor-1873\" data-elementor-post-type=\"product\">\n\t\t\t\t\t\t<section class=\"elementor-section elementor-top-section elementor-element elementor-element-562c7c1 elementor-section-boxed elementor-section-height-default elementor-section-height-default\" data-id=\"562c7c1\" data-element_type=\"section\" data-e-type=\"section\">\n\t\t\t\t\t\t<div class=\"elementor-container elementor-column-gap-default\">\n\t\t\t\t\t<div class=\"elementor-column elementor-col-100 elementor-top-column elementor-element elementor-element-73381e5\" data-id=\"73381e5\" data-element_type=\"column\" data-e-type=\"column\">\n\t\t\t<div class=\"elementor-widget-wrap elementor-element-populated\">\n\t\t\t\t\t\t<div class=\"elementor-element elementor-element-32558c2 elementor-align-justify elementor-widget elementor-widget-button\" data-id=\"32558c2\" data-element_type=\"widget\" data-e-type=\"widget\" data-widget_type=\"button.default\">\n\t\t\t\t<div class=\"elementor-widget-container\">\n\t\t\t\t\t\t\t\t\t<div class=\"elementor-button-wrapper\">\n\t\t\t\t\t<a class=\"elementor-button elementor-button-link elementor-size-sm\" href=\"https:\/\/adindustrial.com\/en\/?attachment_id=1903\" target=\"_blank\">\n\t\t\t\t\t\t<span class=\"elementor-button-content-wrapper\">\n\t\t\t\t\t\t\t\t\t<span class=\"elementor-button-text\">Download the flyer<\/span>\n\t\t\t\t\t<\/span>\n\t\t\t\t\t<\/a>\n\t\t\t\t<\/div>\n\t\t\t\t\t\t\t\t<\/div>\n\t\t\t\t<\/div>\n\t\t\t\t<div class=\"elementor-element elementor-element-ee9c815 elementor-align-justify elementor-widget elementor-widget-button\" data-id=\"ee9c815\" data-element_type=\"widget\" data-e-type=\"widget\" data-widget_type=\"button.default\">\n\t\t\t\t<div class=\"elementor-widget-container\">\n\t\t\t\t\t\t\t\t\t<div class=\"elementor-button-wrapper\">\n\t\t\t\t\t<a class=\"elementor-button elementor-button-link elementor-size-sm\" href=\"https:\/\/adindustrial.com\/en\/?attachment_id=1905\" target=\"_blank\">\n\t\t\t\t\t\t<span class=\"elementor-button-content-wrapper\">\n\t\t\t\t\t\t\t\t\t<span class=\"elementor-button-text\">Download the PSDS<\/span>\n\t\t\t\t\t<\/span>\n\t\t\t\t\t<\/a>\n\t\t\t\t<\/div>\n\t\t\t\t\t\t\t\t<\/div>\n\t\t\t\t<\/div>\n\t\t\t\t\t<\/div>\n\t\t<\/div>\n\t\t\t\t\t<\/div>\n\t\t<\/section>\n\t\t\t\t<\/div>","protected":false},"excerpt":{"rendered":"<p>PAO + Calcium sulfonate, Off-White<\/p>\n<p>Temperatura de funcionamiento: -40 \u00b0C ~ 200 \u00b0C (-40 \u00b0F ~ 392 \u00b0F)<\/p>\n<p>DESCRIPCI\u00d3N DEL PRODUCTO:<\/p>\n<ul>\n<li>La f\u00f3rmula respetuosa con el medio ambiente no contiene antimonio, bario, cloro, f\u00f3sforo, zinc ni azufre libre.<\/li>\n<li>Protecci\u00f3n inherente contra el \u00f3xido y la corrosi\u00f3n.<\/li>\n<li>Superior water washout and spray off<\/li>\n<li>Registered: NSF H1, Kosher and Halal<\/li>\n<\/ul>\n<p>APPLICATIONS:<\/p>\n<ul>\n<li>Lubricador de grasa autom\u00e1tico<\/li>\n<li>Lubricaci\u00f3n general del chasis, para equipos donde se espera contacto incidental con alimentos o contacto humano<\/li>\n<li>Conveyor bearings and enclosed gears in high humidity food processing environments<\/li>\n<li>Equipos de envasado en instalaciones de procesamiento de bebidas como lecher\u00edas, cervecer\u00edas y plantas embotelladoras<\/li>\n<li>Equipo agr\u00edcola utilizado en el mantenimiento y la cosecha de cultivos.<\/li>\n<\/ul>\n<p>ADVANTAGES:<\/p>\n<ul>\n<li>Larga vida \u00fatil: excelente resistencia al lavado con agua\/vapor<\/li>\n<li>Pel\u00edcula de mayor duraci\u00f3n que permite un menor uso de lubricante y mayores intervalos de reengrase<\/li>\n<li>La combinaci\u00f3n \u00fanica de espesantes resiste los problemas de sangrado de aceite que se encuentran a menudo al usar lubricantes convencionales de grado alimenticio<\/li>\n<li>La excelente estabilidad ayuda a retardar el ablandamiento de la grasa durante la acci\u00f3n mec\u00e1nica de alto cizallamiento<\/li>\n<\/ul>","protected":false},"featured_media":1904,"comment_status":"open","ping_status":"closed","template":"","meta":{"site-sidebar-layout":"no-sidebar","site-content-layout":"page-builder","ast-site-content-layout":"default","site-content-style":"default","site-sidebar-style":"default","ast-global-header-display":"","ast-banner-title-visibility":"","ast-main-header-display":"","ast-hfb-above-header-display":"","ast-hfb-below-header-display":"","ast-hfb-mobile-header-display":"","site-post-title":"disabled","ast-breadcrumbs-content":"","ast-featured-img":"disabled","footer-sml-layout":"","ast-disable-related-posts":"","theme-transparent-header-meta":"default","adv-header-id-meta":"","stick-header-meta":"default","header-above-stick-meta":"","header-main-stick-meta":"","header-below-stick-meta":"","astra-migrate-meta-layouts":"default","ast-page-background-enabled":"default","ast-page-background-meta":{"desktop":{"background-color":"","background-image":"","background-repeat":"repeat","background-position":"center center","background-size":"auto","background-attachment":"scroll","background-type":"","background-media":"","overlay-type":"","overlay-color":"","overlay-opacity":"","overlay-gradient":""},"tablet":{"background-color":"","background-image":"","background-repeat":"repeat","background-position":"center center","background-size":"auto","background-attachment":"scroll","background-type":"","background-media":"","overlay-type":"","overlay-color":"","overlay-opacity":"","overlay-gradient":""},"mobile":{"background-color":"","background-image":"","background-repeat":"repeat","background-position":"center center","background-size":"auto","background-attachment":"scroll","background-type":"","background-media":"","overlay-type":"","overlay-color":"","overlay-opacity":"","overlay-gradient":""}},"ast-content-background-meta":{"desktop":{"background-color":"var(--ast-global-color-5)","background-image":"","background-repeat":"repeat","background-position":"center center","background-size":"auto","background-attachment":"scroll","background-type":"","background-media":"","overlay-type":"","overlay-color":"","overlay-opacity":"","overlay-gradient":""},"tablet":{"background-color":"var(--ast-global-color-5)","background-image":"","background-repeat":"repeat","background-position":"center center","background-size":"auto","background-attachment":"scroll","background-type":"","background-media":"","overlay-type":"","overlay-color":"","overlay-opacity":"","overlay-gradient":""},"mobile":{"background-color":"var(--ast-global-color-5)","background-image":"","background-repeat":"repeat","background-position":"center center","background-size":"auto","background-attachment":"scroll","background-type":"","background-media":"","overlay-type":"","overlay-color":"","overlay-opacity":"","overlay-gradient":""}}},"product_brand":[],"product_cat":[89,83],"product_tag":[],"class_list":{"0":"post-1873","1":"product","2":"type-product","3":"status-publish","4":"has-post-thumbnail","6":"product_cat-lubricantes","7":"product_cat-pulsarlube","8":"desktop-align-left","9":"tablet-align-left","10":"mobile-align-left","11":"ast-product-gallery-layout-horizontal-slider","12":"ast-product-gallery-with-no-image","13":"ast-product-tabs-layout-horizontal","15":"first","16":"instock","17":"shipping-taxable","18":"product-type-simple"},"yoast_head":"<!-- This site is optimized with the Yoast SEO plugin v27.0 - https:\/\/yoast.com\/product\/yoast-seo-wordpress\/ -->\n<title>PL4 H1 Food Grade - AD INDUSTRIAL<\/title>\n<meta name=\"robots\" content=\"index, follow, max-snippet:-1, max-image-preview:large, max-video-preview:-1\" \/>\n<link rel=\"canonical\" href=\"https:\/\/adindustrial.com\/en\/productos\/pulsarlube\/lubricantes\/pl4-h1-food-grade\/\" \/>\n<meta property=\"og:locale\" content=\"en_US\" \/>\n<meta property=\"og:type\" content=\"article\" \/>\n<meta property=\"og:title\" content=\"PL4 H1 Food Grade - AD INDUSTRIAL\" \/>\n<meta property=\"og:description\" content=\"PAO + Sulfonato de calcio, Blanquecino  Temperatura de funcionamiento: -40 \u00b0C ~ 200 \u00b0C (-40 \u00b0F ~ 392 \u00b0F)  DESCRIPCI\u00d3N DEL PRODUCTO:   La f\u00f3rmula respetuosa con el medio ambiente no contiene antimonio, bario, cloro, f\u00f3sforo, zinc ni azufre libre.  Protecci\u00f3n inherente contra el \u00f3xido y la corrosi\u00f3n.  Lavado con agua superior y rociado  Registrado: NSF H1, Kosher y Halal  APLICACIONES:   Lubricador de grasa autom\u00e1tico  Lubricaci\u00f3n general del chasis, para equipos donde se espera contacto incidental con alimentos o contacto humano  Rodamientos de transportadores y engranajes cerrados en entornos de procesamiento de alimentos con alta humedad  Equipos de envasado en instalaciones de procesamiento de bebidas como lecher\u00edas, cervecer\u00edas y plantas embotelladoras  Equipo agr\u00edcola utilizado en el mantenimiento y la cosecha de cultivos.  VENTAJAS:   Larga vida \u00fatil: excelente resistencia al lavado con agua\/vapor  Pel\u00edcula de mayor duraci\u00f3n que permite un menor uso de lubricante y mayores intervalos de reengrase  La combinaci\u00f3n \u00fanica de espesantes resiste los problemas de sangrado de aceite que se encuentran a menudo al usar lubricantes convencionales de grado alimenticio  La excelente estabilidad ayuda a retardar el ablandamiento de la grasa durante la acci\u00f3n mec\u00e1nica de alto cizallamiento\" \/>\n<meta property=\"og:url\" content=\"https:\/\/adindustrial.com\/en\/productos\/pulsarlube\/lubricantes\/pl4-h1-food-grade\/\" \/>\n<meta property=\"og:site_name\" content=\"AD INDUSTRIAL\" \/>\n<meta property=\"article:modified_time\" content=\"2023-03-10T18:51:26+00:00\" \/>\n<meta property=\"og:image\" content=\"https:\/\/adindustrial.com\/wp-content\/uploads\/pl4_200-.png\" \/>\n\t<meta property=\"og:image:width\" content=\"200\" \/>\n\t<meta property=\"og:image:height\" content=\"200\" \/>\n\t<meta property=\"og:image:type\" content=\"image\/png\" \/>\n<meta name=\"twitter:card\" content=\"summary_large_image\" \/>\n<script type=\"application\/ld+json\" class=\"yoast-schema-graph\">{\"@context\":\"https:\/\/schema.org\",\"@graph\":[{\"@type\":\"WebPage\",\"@id\":\"https:\/\/adindustrial.com\/productos\/pulsarlube\/lubricantes\/pl4-h1-food-grade\/\",\"url\":\"https:\/\/adindustrial.com\/productos\/pulsarlube\/lubricantes\/pl4-h1-food-grade\/\",\"name\":\"PL4 H1 Food Grade - AD INDUSTRIAL\",\"isPartOf\":{\"@id\":\"https:\/\/adindustrial.com\/#website\"},\"primaryImageOfPage\":{\"@id\":\"https:\/\/adindustrial.com\/productos\/pulsarlube\/lubricantes\/pl4-h1-food-grade\/#primaryimage\"},\"image\":{\"@id\":\"https:\/\/adindustrial.com\/productos\/pulsarlube\/lubricantes\/pl4-h1-food-grade\/#primaryimage\"},\"thumbnailUrl\":\"https:\/\/adindustrial.com\/wp-content\/uploads\/pl4_200-.png\",\"datePublished\":\"2023-03-09T19:38:54+00:00\",\"dateModified\":\"2023-03-10T18:51:26+00:00\",\"breadcrumb\":{\"@id\":\"https:\/\/adindustrial.com\/productos\/pulsarlube\/lubricantes\/pl4-h1-food-grade\/#breadcrumb\"},\"inLanguage\":\"en-US\",\"potentialAction\":[{\"@type\":\"ReadAction\",\"target\":[\"https:\/\/adindustrial.com\/productos\/pulsarlube\/lubricantes\/pl4-h1-food-grade\/\"]}]},{\"@type\":\"ImageObject\",\"inLanguage\":\"en-US\",\"@id\":\"https:\/\/adindustrial.com\/productos\/pulsarlube\/lubricantes\/pl4-h1-food-grade\/#primaryimage\",\"url\":\"https:\/\/adindustrial.com\/wp-content\/uploads\/pl4_200-.png\",\"contentUrl\":\"https:\/\/adindustrial.com\/wp-content\/uploads\/pl4_200-.png\",\"width\":200,\"height\":200},{\"@type\":\"BreadcrumbList\",\"@id\":\"https:\/\/adindustrial.com\/productos\/pulsarlube\/lubricantes\/pl4-h1-food-grade\/#breadcrumb\",\"itemListElement\":[{\"@type\":\"ListItem\",\"position\":1,\"name\":\"Inicio\",\"item\":\"https:\/\/adindustrial.com\/\"},{\"@type\":\"ListItem\",\"position\":2,\"name\":\"Productos\",\"item\":\"https:\/\/adindustrial.com\/productos\/\"},{\"@type\":\"ListItem\",\"position\":3,\"name\":\"PL4 H1 Food Grade\"}]},{\"@type\":\"WebSite\",\"@id\":\"https:\/\/adindustrial.com\/#website\",\"url\":\"https:\/\/adindustrial.com\/\",\"name\":\"AD INDUSTRIAL\",\"description\":\"Industria en movimiento\",\"publisher\":{\"@id\":\"https:\/\/adindustrial.com\/#organization\"},\"potentialAction\":[{\"@type\":\"SearchAction\",\"target\":{\"@type\":\"EntryPoint\",\"urlTemplate\":\"https:\/\/adindustrial.com\/?s={search_term_string}\"},\"query-input\":{\"@type\":\"PropertyValueSpecification\",\"valueRequired\":true,\"valueName\":\"search_term_string\"}}],\"inLanguage\":\"en-US\"},{\"@type\":\"Organization\",\"@id\":\"https:\/\/adindustrial.com\/#organization\",\"name\":\"Ad Industrial S.A. de C.V.\",\"url\":\"https:\/\/adindustrial.com\/\",\"logo\":{\"@type\":\"ImageObject\",\"inLanguage\":\"en-US\",\"@id\":\"https:\/\/adindustrial.com\/#\/schema\/logo\/image\/\",\"url\":\"https:\/\/adindustrial.com\/wp-content\/uploads\/2021\/03\/ADIndustrial-logo.png\",\"contentUrl\":\"https:\/\/adindustrial.com\/wp-content\/uploads\/2021\/03\/ADIndustrial-logo.png\",\"width\":1000,\"height\":265,\"caption\":\"Ad Industrial S.A. de C.V.\"},\"image\":{\"@id\":\"https:\/\/adindustrial.com\/#\/schema\/logo\/image\/\"}}]}<\/script>\n<!-- \/ Yoast SEO plugin. -->","yoast_head_json":{"title":"PL4 H1 Food Grade - AD INDUSTRIAL","robots":{"index":"index","follow":"follow","max-snippet":"max-snippet:-1","max-image-preview":"max-image-preview:large","max-video-preview":"max-video-preview:-1"},"canonical":"https:\/\/adindustrial.com\/en\/productos\/pulsarlube\/lubricantes\/pl4-h1-food-grade\/","og_locale":"en_US","og_type":"article","og_title":"PL4 H1 Food Grade - AD INDUSTRIAL","og_description":"PAO + Sulfonato de calcio, Blanquecino  Temperatura de funcionamiento: -40 \u00b0C ~ 200 \u00b0C (-40 \u00b0F ~ 392 \u00b0F)  DESCRIPCI\u00d3N DEL PRODUCTO:   La f\u00f3rmula respetuosa con el medio ambiente no contiene antimonio, bario, cloro, f\u00f3sforo, zinc ni azufre libre.  Protecci\u00f3n inherente contra el \u00f3xido y la corrosi\u00f3n.  Lavado con agua superior y rociado  Registrado: NSF H1, Kosher y Halal  APLICACIONES:   Lubricador de grasa autom\u00e1tico  Lubricaci\u00f3n general del chasis, para equipos donde se espera contacto incidental con alimentos o contacto humano  Rodamientos de transportadores y engranajes cerrados en entornos de procesamiento de alimentos con alta humedad  Equipos de envasado en instalaciones de procesamiento de bebidas como lecher\u00edas, cervecer\u00edas y plantas embotelladoras  Equipo agr\u00edcola utilizado en el mantenimiento y la cosecha de cultivos.  VENTAJAS:   Larga vida \u00fatil: excelente resistencia al lavado con agua\/vapor  Pel\u00edcula de mayor duraci\u00f3n que permite un menor uso de lubricante y mayores intervalos de reengrase  La combinaci\u00f3n \u00fanica de espesantes resiste los problemas de sangrado de aceite que se encuentran a menudo al usar lubricantes convencionales de grado alimenticio  La excelente estabilidad ayuda a retardar el ablandamiento de la grasa durante la acci\u00f3n mec\u00e1nica de alto cizallamiento","og_url":"https:\/\/adindustrial.com\/en\/productos\/pulsarlube\/lubricantes\/pl4-h1-food-grade\/","og_site_name":"AD INDUSTRIAL","article_modified_time":"2023-03-10T18:51:26+00:00","og_image":[{"width":200,"height":200,"url":"https:\/\/adindustrial.com\/wp-content\/uploads\/pl4_200-.png","type":"image\/png"}],"twitter_card":"summary_large_image","schema":{"@context":"https:\/\/schema.org","@graph":[{"@type":"WebPage","@id":"https:\/\/adindustrial.com\/productos\/pulsarlube\/lubricantes\/pl4-h1-food-grade\/","url":"https:\/\/adindustrial.com\/productos\/pulsarlube\/lubricantes\/pl4-h1-food-grade\/","name":"PL4 H1 Food Grade - AD INDUSTRIAL","isPartOf":{"@id":"https:\/\/adindustrial.com\/#website"},"primaryImageOfPage":{"@id":"https:\/\/adindustrial.com\/productos\/pulsarlube\/lubricantes\/pl4-h1-food-grade\/#primaryimage"},"image":{"@id":"https:\/\/adindustrial.com\/productos\/pulsarlube\/lubricantes\/pl4-h1-food-grade\/#primaryimage"},"thumbnailUrl":"https:\/\/adindustrial.com\/wp-content\/uploads\/pl4_200-.png","datePublished":"2023-03-09T19:38:54+00:00","dateModified":"2023-03-10T18:51:26+00:00","breadcrumb":{"@id":"https:\/\/adindustrial.com\/productos\/pulsarlube\/lubricantes\/pl4-h1-food-grade\/#breadcrumb"},"inLanguage":"en-US","potentialAction":[{"@type":"ReadAction","target":["https:\/\/adindustrial.com\/productos\/pulsarlube\/lubricantes\/pl4-h1-food-grade\/"]}]},{"@type":"ImageObject","inLanguage":"en-US","@id":"https:\/\/adindustrial.com\/productos\/pulsarlube\/lubricantes\/pl4-h1-food-grade\/#primaryimage","url":"https:\/\/adindustrial.com\/wp-content\/uploads\/pl4_200-.png","contentUrl":"https:\/\/adindustrial.com\/wp-content\/uploads\/pl4_200-.png","width":200,"height":200},{"@type":"BreadcrumbList","@id":"https:\/\/adindustrial.com\/productos\/pulsarlube\/lubricantes\/pl4-h1-food-grade\/#breadcrumb","itemListElement":[{"@type":"ListItem","position":1,"name":"Inicio","item":"https:\/\/adindustrial.com\/"},{"@type":"ListItem","position":2,"name":"Productos","item":"https:\/\/adindustrial.com\/productos\/"},{"@type":"ListItem","position":3,"name":"PL4 H1 Food Grade"}]},{"@type":"WebSite","@id":"https:\/\/adindustrial.com\/#website","url":"https:\/\/adindustrial.com\/","name":"AD INDUSTRIAL","description":"Industria en movimiento","publisher":{"@id":"https:\/\/adindustrial.com\/#organization"},"potentialAction":[{"@type":"SearchAction","target":{"@type":"EntryPoint","urlTemplate":"https:\/\/adindustrial.com\/?s={search_term_string}"},"query-input":{"@type":"PropertyValueSpecification","valueRequired":true,"valueName":"search_term_string"}}],"inLanguage":"en-US"},{"@type":"Organization","@id":"https:\/\/adindustrial.com\/#organization","name":"Ad Industrial S.A. de C.V.","url":"https:\/\/adindustrial.com\/","logo":{"@type":"ImageObject","inLanguage":"en-US","@id":"https:\/\/adindustrial.com\/#\/schema\/logo\/image\/","url":"https:\/\/adindustrial.com\/wp-content\/uploads\/2021\/03\/ADIndustrial-logo.png","contentUrl":"https:\/\/adindustrial.com\/wp-content\/uploads\/2021\/03\/ADIndustrial-logo.png","width":1000,"height":265,"caption":"Ad Industrial S.A. de C.V."},"image":{"@id":"https:\/\/adindustrial.com\/#\/schema\/logo\/image\/"}}]}},"_links":{"self":[{"href":"https:\/\/adindustrial.com\/en\/wp-json\/wp\/v2\/product\/1873","targetHints":{"allow":["GET"]}}],"collection":[{"href":"https:\/\/adindustrial.com\/en\/wp-json\/wp\/v2\/product"}],"about":[{"href":"https:\/\/adindustrial.com\/en\/wp-json\/wp\/v2\/types\/product"}],"replies":[{"embeddable":true,"href":"https:\/\/adindustrial.com\/en\/wp-json\/wp\/v2\/comments?post=1873"}],"version-history":[{"count":0,"href":"https:\/\/adindustrial.com\/en\/wp-json\/wp\/v2\/product\/1873\/revisions"}],"wp:featuredmedia":[{"embeddable":true,"href":"https:\/\/adindustrial.com\/en\/wp-json\/wp\/v2\/media\/1904"}],"wp:attachment":[{"href":"https:\/\/adindustrial.com\/en\/wp-json\/wp\/v2\/media?parent=1873"}],"wp:term":[{"taxonomy":"product_brand","embeddable":true,"href":"https:\/\/adindustrial.com\/en\/wp-json\/wp\/v2\/product_brand?post=1873"},{"taxonomy":"product_cat","embeddable":true,"href":"https:\/\/adindustrial.com\/en\/wp-json\/wp\/v2\/product_cat?post=1873"},{"taxonomy":"product_tag","embeddable":true,"href":"https:\/\/adindustrial.com\/en\/wp-json\/wp\/v2\/product_tag?post=1873"}],"curies":[{"name":"wp","href":"https:\/\/api.w.org\/{rel}","templated":true}]}}