{"id":1808,"date":"2023-03-09T12:07:58","date_gmt":"2023-03-09T18:07:58","guid":{"rendered":"https:\/\/adindustrial.com\/?post_type=product&#038;p=1808"},"modified":"2023-03-09T13:31:44","modified_gmt":"2023-03-09T19:31:44","slug":"pulsarlube-ol500","status":"publish","type":"product","link":"https:\/\/adindustrial.com\/en\/productos\/pulsarlube\/sistemas-de-lubricacion\/para-aceite\/pulsarlube-ol500\/","title":{"rendered":"Pulsarlube OL500"},"content":{"rendered":"<div data-elementor-type=\"product-post\" data-elementor-id=\"1808\" class=\"elementor elementor-1808\" data-elementor-post-type=\"product\">\n\t\t\t\t\t\t<section class=\"elementor-section elementor-top-section elementor-element elementor-element-d664ca2 elementor-section-boxed elementor-section-height-default elementor-section-height-default\" data-id=\"d664ca2\" data-element_type=\"section\" data-e-type=\"section\">\n\t\t\t\t\t\t<div class=\"elementor-container elementor-column-gap-default\">\n\t\t\t\t\t<div class=\"elementor-column elementor-col-100 elementor-top-column elementor-element elementor-element-1b5627a\" data-id=\"1b5627a\" data-element_type=\"column\" data-e-type=\"column\">\n\t\t\t<div class=\"elementor-widget-wrap elementor-element-populated\">\n\t\t\t\t\t\t<div class=\"elementor-element elementor-element-8c538f0 elementor-align-justify elementor-widget elementor-widget-button\" data-id=\"8c538f0\" data-element_type=\"widget\" data-e-type=\"widget\" data-widget_type=\"button.default\">\n\t\t\t\t<div class=\"elementor-widget-container\">\n\t\t\t\t\t\t\t\t\t<div class=\"elementor-button-wrapper\">\n\t\t\t\t\t<a class=\"elementor-button elementor-button-link elementor-size-sm\" href=\"https:\/\/adindustrial.com\/en\/?attachment_id=1855\" target=\"_blank\">\n\t\t\t\t\t\t<span class=\"elementor-button-content-wrapper\">\n\t\t\t\t\t\t\t\t\t<span class=\"elementor-button-text\">Descarga el cat\u00e1logo ENG<\/span>\n\t\t\t\t\t<\/span>\n\t\t\t\t\t<\/a>\n\t\t\t\t<\/div>\n\t\t\t\t\t\t\t\t<\/div>\n\t\t\t\t<\/div>\n\t\t\t\t<div class=\"elementor-element elementor-element-d19c709 elementor-align-justify elementor-widget elementor-widget-button\" data-id=\"d19c709\" data-element_type=\"widget\" data-e-type=\"widget\" data-widget_type=\"button.default\">\n\t\t\t\t<div class=\"elementor-widget-container\">\n\t\t\t\t\t\t\t\t\t<div class=\"elementor-button-wrapper\">\n\t\t\t\t\t<a class=\"elementor-button elementor-button-link elementor-size-sm\" href=\"https:\/\/adindustrial.com\/en\/?attachment_id=1856\" target=\"_blank\">\n\t\t\t\t\t\t<span class=\"elementor-button-content-wrapper\">\n\t\t\t\t\t\t\t\t\t<span class=\"elementor-button-text\">Download the user manual<\/span>\n\t\t\t\t\t<\/span>\n\t\t\t\t\t<\/a>\n\t\t\t\t<\/div>\n\t\t\t\t\t\t\t\t<\/div>\n\t\t\t\t<\/div>\n\t\t\t\t\t<\/div>\n\t\t<\/div>\n\t\t\t\t\t<\/div>\n\t\t<\/section>\n\t\t\t\t<\/div>","protected":false},"excerpt":{"rendered":"<p><strong>SERIES<\/strong>\u00a0OL500 : \u00d894mm(3.70&#8243;) x 229mm(9.02&#8243;) (H)<\/p>\n<p>El lubricador de aceite Pulsarlube OL500 consta de un cuerpo principal con una bomba autocebante vertical controlada por el microprocesador, un dep\u00f3sito de aceite de 500 ml y un paquete de bater\u00edas. Este producto tiene la capacidad de entregar con precisi\u00f3n cantidades muy peque\u00f1as de lubricante con un ciclo de dosificaci\u00f3n intermitente seleccionable. El volumen de salida es ajustable de 0,70 ml a 33,4 ml\/d\u00eda, equivalente al per\u00edodo de servicio de medio mes a 24 meses para el dep\u00f3sito de aceite de 500 ml. Est\u00e1 disponible con hasta 4 alimentaciones mediante el uso de kits de instalaci\u00f3n opcionales.<\/p>","protected":false},"featured_media":1858,"comment_status":"open","ping_status":"closed","template":"","meta":{"site-sidebar-layout":"no-sidebar","site-content-layout":"page-builder","ast-site-content-layout":"default","site-content-style":"default","site-sidebar-style":"default","ast-global-header-display":"","ast-banner-title-visibility":"","ast-main-header-display":"","ast-hfb-above-header-display":"","ast-hfb-below-header-display":"","ast-hfb-mobile-header-display":"","site-post-title":"disabled","ast-breadcrumbs-content":"","ast-featured-img":"disabled","footer-sml-layout":"","ast-disable-related-posts":"","theme-transparent-header-meta":"default","adv-header-id-meta":"","stick-header-meta":"default","header-above-stick-meta":"","header-main-stick-meta":"","header-below-stick-meta":"","astra-migrate-meta-layouts":"default","ast-page-background-enabled":"default","ast-page-background-meta":{"desktop":{"background-color":"","background-image":"","background-repeat":"repeat","background-position":"center center","background-size":"auto","background-attachment":"scroll","background-type":"","background-media":"","overlay-type":"","overlay-color":"","overlay-opacity":"","overlay-gradient":""},"tablet":{"background-color":"","background-image":"","background-repeat":"repeat","background-position":"center center","background-size":"auto","background-attachment":"scroll","background-type":"","background-media":"","overlay-type":"","overlay-color":"","overlay-opacity":"","overlay-gradient":""},"mobile":{"background-color":"","background-image":"","background-repeat":"repeat","background-position":"center center","background-size":"auto","background-attachment":"scroll","background-type":"","background-media":"","overlay-type":"","overlay-color":"","overlay-opacity":"","overlay-gradient":""}},"ast-content-background-meta":{"desktop":{"background-color":"var(--ast-global-color-5)","background-image":"","background-repeat":"repeat","background-position":"center center","background-size":"auto","background-attachment":"scroll","background-type":"","background-media":"","overlay-type":"","overlay-color":"","overlay-opacity":"","overlay-gradient":""},"tablet":{"background-color":"var(--ast-global-color-5)","background-image":"","background-repeat":"repeat","background-position":"center center","background-size":"auto","background-attachment":"scroll","background-type":"","background-media":"","overlay-type":"","overlay-color":"","overlay-opacity":"","overlay-gradient":""},"mobile":{"background-color":"var(--ast-global-color-5)","background-image":"","background-repeat":"repeat","background-position":"center center","background-size":"auto","background-attachment":"scroll","background-type":"","background-media":"","overlay-type":"","overlay-color":"","overlay-opacity":"","overlay-gradient":""}}},"product_brand":[],"product_cat":[87,83,88],"product_tag":[],"class_list":{"0":"post-1808","1":"product","2":"type-product","3":"status-publish","4":"has-post-thumbnail","6":"product_cat-para-aceite","7":"product_cat-pulsarlube","8":"product_cat-sistemas-de-lubricacion","9":"desktop-align-left","10":"tablet-align-left","11":"mobile-align-left","12":"ast-product-gallery-layout-horizontal-slider","13":"ast-product-tabs-layout-horizontal","15":"first","16":"instock","17":"shipping-taxable","18":"product-type-simple"},"yoast_head":"<!-- This site is optimized with the Yoast SEO plugin v27.0 - https:\/\/yoast.com\/product\/yoast-seo-wordpress\/ -->\n<title>Pulsarlube OL500 - AD INDUSTRIAL<\/title>\n<meta name=\"robots\" content=\"index, follow, max-snippet:-1, max-image-preview:large, max-video-preview:-1\" \/>\n<link rel=\"canonical\" href=\"https:\/\/adindustrial.com\/en\/productos\/pulsarlube\/sistemas-de-lubricacion\/para-aceite\/pulsarlube-ol500\/\" \/>\n<meta property=\"og:locale\" content=\"en_US\" \/>\n<meta property=\"og:type\" content=\"article\" \/>\n<meta property=\"og:title\" content=\"Pulsarlube OL500 - AD INDUSTRIAL\" \/>\n<meta property=\"og:description\" content=\"SERIES\u00a0OL500 : \u00d894mm(3.70&quot;) x 229mm(9.02&quot;) (H)  El lubricador de aceite Pulsarlube OL500 consta de un cuerpo principal con una bomba autocebante vertical controlada por el microprocesador, un dep\u00f3sito de aceite de 500 ml y un paquete de bater\u00edas. Este producto tiene la capacidad de entregar con precisi\u00f3n cantidades muy peque\u00f1as de lubricante con un ciclo de dosificaci\u00f3n intermitente seleccionable. El volumen de salida es ajustable de 0,70 ml a 33,4 ml\/d\u00eda, equivalente al per\u00edodo de servicio de medio mes a 24 meses para el dep\u00f3sito de aceite de 500 ml. Est\u00e1 disponible con hasta 4 alimentaciones mediante el uso de kits de instalaci\u00f3n opcionales.\" \/>\n<meta property=\"og:url\" content=\"https:\/\/adindustrial.com\/en\/productos\/pulsarlube\/sistemas-de-lubricacion\/para-aceite\/pulsarlube-ol500\/\" \/>\n<meta property=\"og:site_name\" content=\"AD INDUSTRIAL\" \/>\n<meta property=\"article:modified_time\" content=\"2023-03-09T19:31:44+00:00\" \/>\n<meta property=\"og:image\" content=\"https:\/\/adindustrial.com\/wp-content\/uploads\/PulsarlubeOL500.jpeg\" \/>\n\t<meta property=\"og:image:width\" content=\"614\" \/>\n\t<meta property=\"og:image:height\" content=\"409\" \/>\n\t<meta property=\"og:image:type\" content=\"image\/jpeg\" \/>\n<meta name=\"twitter:card\" content=\"summary_large_image\" \/>\n<script type=\"application\/ld+json\" class=\"yoast-schema-graph\">{\"@context\":\"https:\/\/schema.org\",\"@graph\":[{\"@type\":\"WebPage\",\"@id\":\"https:\/\/adindustrial.com\/productos\/pulsarlube\/sistemas-de-lubricacion\/para-aceite\/pulsarlube-ol500\/\",\"url\":\"https:\/\/adindustrial.com\/productos\/pulsarlube\/sistemas-de-lubricacion\/para-aceite\/pulsarlube-ol500\/\",\"name\":\"Pulsarlube OL500 - AD INDUSTRIAL\",\"isPartOf\":{\"@id\":\"https:\/\/adindustrial.com\/#website\"},\"primaryImageOfPage\":{\"@id\":\"https:\/\/adindustrial.com\/productos\/pulsarlube\/sistemas-de-lubricacion\/para-aceite\/pulsarlube-ol500\/#primaryimage\"},\"image\":{\"@id\":\"https:\/\/adindustrial.com\/productos\/pulsarlube\/sistemas-de-lubricacion\/para-aceite\/pulsarlube-ol500\/#primaryimage\"},\"thumbnailUrl\":\"https:\/\/adindustrial.com\/wp-content\/uploads\/PulsarlubeOL500.jpeg\",\"datePublished\":\"2023-03-09T18:07:58+00:00\",\"dateModified\":\"2023-03-09T19:31:44+00:00\",\"breadcrumb\":{\"@id\":\"https:\/\/adindustrial.com\/productos\/pulsarlube\/sistemas-de-lubricacion\/para-aceite\/pulsarlube-ol500\/#breadcrumb\"},\"inLanguage\":\"en-US\",\"potentialAction\":[{\"@type\":\"ReadAction\",\"target\":[\"https:\/\/adindustrial.com\/productos\/pulsarlube\/sistemas-de-lubricacion\/para-aceite\/pulsarlube-ol500\/\"]}]},{\"@type\":\"ImageObject\",\"inLanguage\":\"en-US\",\"@id\":\"https:\/\/adindustrial.com\/productos\/pulsarlube\/sistemas-de-lubricacion\/para-aceite\/pulsarlube-ol500\/#primaryimage\",\"url\":\"https:\/\/adindustrial.com\/wp-content\/uploads\/PulsarlubeOL500.jpeg\",\"contentUrl\":\"https:\/\/adindustrial.com\/wp-content\/uploads\/PulsarlubeOL500.jpeg\",\"width\":614,\"height\":409},{\"@type\":\"BreadcrumbList\",\"@id\":\"https:\/\/adindustrial.com\/productos\/pulsarlube\/sistemas-de-lubricacion\/para-aceite\/pulsarlube-ol500\/#breadcrumb\",\"itemListElement\":[{\"@type\":\"ListItem\",\"position\":1,\"name\":\"Inicio\",\"item\":\"https:\/\/adindustrial.com\/\"},{\"@type\":\"ListItem\",\"position\":2,\"name\":\"Productos\",\"item\":\"https:\/\/adindustrial.com\/productos\/\"},{\"@type\":\"ListItem\",\"position\":3,\"name\":\"Pulsarlube OL500\"}]},{\"@type\":\"WebSite\",\"@id\":\"https:\/\/adindustrial.com\/#website\",\"url\":\"https:\/\/adindustrial.com\/\",\"name\":\"AD INDUSTRIAL\",\"description\":\"Industria en movimiento\",\"publisher\":{\"@id\":\"https:\/\/adindustrial.com\/#organization\"},\"potentialAction\":[{\"@type\":\"SearchAction\",\"target\":{\"@type\":\"EntryPoint\",\"urlTemplate\":\"https:\/\/adindustrial.com\/?s={search_term_string}\"},\"query-input\":{\"@type\":\"PropertyValueSpecification\",\"valueRequired\":true,\"valueName\":\"search_term_string\"}}],\"inLanguage\":\"en-US\"},{\"@type\":\"Organization\",\"@id\":\"https:\/\/adindustrial.com\/#organization\",\"name\":\"Ad Industrial S.A. de C.V.\",\"url\":\"https:\/\/adindustrial.com\/\",\"logo\":{\"@type\":\"ImageObject\",\"inLanguage\":\"en-US\",\"@id\":\"https:\/\/adindustrial.com\/#\/schema\/logo\/image\/\",\"url\":\"https:\/\/adindustrial.com\/wp-content\/uploads\/2021\/03\/ADIndustrial-logo.png\",\"contentUrl\":\"https:\/\/adindustrial.com\/wp-content\/uploads\/2021\/03\/ADIndustrial-logo.png\",\"width\":1000,\"height\":265,\"caption\":\"Ad Industrial S.A. de C.V.\"},\"image\":{\"@id\":\"https:\/\/adindustrial.com\/#\/schema\/logo\/image\/\"}}]}<\/script>\n<!-- \/ Yoast SEO plugin. -->","yoast_head_json":{"title":"Pulsarlube OL500 - AD INDUSTRIAL","robots":{"index":"index","follow":"follow","max-snippet":"max-snippet:-1","max-image-preview":"max-image-preview:large","max-video-preview":"max-video-preview:-1"},"canonical":"https:\/\/adindustrial.com\/en\/productos\/pulsarlube\/sistemas-de-lubricacion\/para-aceite\/pulsarlube-ol500\/","og_locale":"en_US","og_type":"article","og_title":"Pulsarlube OL500 - AD INDUSTRIAL","og_description":"SERIES\u00a0OL500 : \u00d894mm(3.70\") x 229mm(9.02\") (H)  El lubricador de aceite Pulsarlube OL500 consta de un cuerpo principal con una bomba autocebante vertical controlada por el microprocesador, un dep\u00f3sito de aceite de 500 ml y un paquete de bater\u00edas. Este producto tiene la capacidad de entregar con precisi\u00f3n cantidades muy peque\u00f1as de lubricante con un ciclo de dosificaci\u00f3n intermitente seleccionable. El volumen de salida es ajustable de 0,70 ml a 33,4 ml\/d\u00eda, equivalente al per\u00edodo de servicio de medio mes a 24 meses para el dep\u00f3sito de aceite de 500 ml. Est\u00e1 disponible con hasta 4 alimentaciones mediante el uso de kits de instalaci\u00f3n opcionales.","og_url":"https:\/\/adindustrial.com\/en\/productos\/pulsarlube\/sistemas-de-lubricacion\/para-aceite\/pulsarlube-ol500\/","og_site_name":"AD INDUSTRIAL","article_modified_time":"2023-03-09T19:31:44+00:00","og_image":[{"width":614,"height":409,"url":"https:\/\/adindustrial.com\/wp-content\/uploads\/PulsarlubeOL500.jpeg","type":"image\/jpeg"}],"twitter_card":"summary_large_image","schema":{"@context":"https:\/\/schema.org","@graph":[{"@type":"WebPage","@id":"https:\/\/adindustrial.com\/productos\/pulsarlube\/sistemas-de-lubricacion\/para-aceite\/pulsarlube-ol500\/","url":"https:\/\/adindustrial.com\/productos\/pulsarlube\/sistemas-de-lubricacion\/para-aceite\/pulsarlube-ol500\/","name":"Pulsarlube OL500 - AD INDUSTRIAL","isPartOf":{"@id":"https:\/\/adindustrial.com\/#website"},"primaryImageOfPage":{"@id":"https:\/\/adindustrial.com\/productos\/pulsarlube\/sistemas-de-lubricacion\/para-aceite\/pulsarlube-ol500\/#primaryimage"},"image":{"@id":"https:\/\/adindustrial.com\/productos\/pulsarlube\/sistemas-de-lubricacion\/para-aceite\/pulsarlube-ol500\/#primaryimage"},"thumbnailUrl":"https:\/\/adindustrial.com\/wp-content\/uploads\/PulsarlubeOL500.jpeg","datePublished":"2023-03-09T18:07:58+00:00","dateModified":"2023-03-09T19:31:44+00:00","breadcrumb":{"@id":"https:\/\/adindustrial.com\/productos\/pulsarlube\/sistemas-de-lubricacion\/para-aceite\/pulsarlube-ol500\/#breadcrumb"},"inLanguage":"en-US","potentialAction":[{"@type":"ReadAction","target":["https:\/\/adindustrial.com\/productos\/pulsarlube\/sistemas-de-lubricacion\/para-aceite\/pulsarlube-ol500\/"]}]},{"@type":"ImageObject","inLanguage":"en-US","@id":"https:\/\/adindustrial.com\/productos\/pulsarlube\/sistemas-de-lubricacion\/para-aceite\/pulsarlube-ol500\/#primaryimage","url":"https:\/\/adindustrial.com\/wp-content\/uploads\/PulsarlubeOL500.jpeg","contentUrl":"https:\/\/adindustrial.com\/wp-content\/uploads\/PulsarlubeOL500.jpeg","width":614,"height":409},{"@type":"BreadcrumbList","@id":"https:\/\/adindustrial.com\/productos\/pulsarlube\/sistemas-de-lubricacion\/para-aceite\/pulsarlube-ol500\/#breadcrumb","itemListElement":[{"@type":"ListItem","position":1,"name":"Inicio","item":"https:\/\/adindustrial.com\/"},{"@type":"ListItem","position":2,"name":"Productos","item":"https:\/\/adindustrial.com\/productos\/"},{"@type":"ListItem","position":3,"name":"Pulsarlube OL500"}]},{"@type":"WebSite","@id":"https:\/\/adindustrial.com\/#website","url":"https:\/\/adindustrial.com\/","name":"AD INDUSTRIAL","description":"Industria en movimiento","publisher":{"@id":"https:\/\/adindustrial.com\/#organization"},"potentialAction":[{"@type":"SearchAction","target":{"@type":"EntryPoint","urlTemplate":"https:\/\/adindustrial.com\/?s={search_term_string}"},"query-input":{"@type":"PropertyValueSpecification","valueRequired":true,"valueName":"search_term_string"}}],"inLanguage":"en-US"},{"@type":"Organization","@id":"https:\/\/adindustrial.com\/#organization","name":"Ad Industrial S.A. de C.V.","url":"https:\/\/adindustrial.com\/","logo":{"@type":"ImageObject","inLanguage":"en-US","@id":"https:\/\/adindustrial.com\/#\/schema\/logo\/image\/","url":"https:\/\/adindustrial.com\/wp-content\/uploads\/2021\/03\/ADIndustrial-logo.png","contentUrl":"https:\/\/adindustrial.com\/wp-content\/uploads\/2021\/03\/ADIndustrial-logo.png","width":1000,"height":265,"caption":"Ad Industrial S.A. de C.V."},"image":{"@id":"https:\/\/adindustrial.com\/#\/schema\/logo\/image\/"}}]}},"_links":{"self":[{"href":"https:\/\/adindustrial.com\/en\/wp-json\/wp\/v2\/product\/1808","targetHints":{"allow":["GET"]}}],"collection":[{"href":"https:\/\/adindustrial.com\/en\/wp-json\/wp\/v2\/product"}],"about":[{"href":"https:\/\/adindustrial.com\/en\/wp-json\/wp\/v2\/types\/product"}],"replies":[{"embeddable":true,"href":"https:\/\/adindustrial.com\/en\/wp-json\/wp\/v2\/comments?post=1808"}],"version-history":[{"count":0,"href":"https:\/\/adindustrial.com\/en\/wp-json\/wp\/v2\/product\/1808\/revisions"}],"wp:featuredmedia":[{"embeddable":true,"href":"https:\/\/adindustrial.com\/en\/wp-json\/wp\/v2\/media\/1858"}],"wp:attachment":[{"href":"https:\/\/adindustrial.com\/en\/wp-json\/wp\/v2\/media?parent=1808"}],"wp:term":[{"taxonomy":"product_brand","embeddable":true,"href":"https:\/\/adindustrial.com\/en\/wp-json\/wp\/v2\/product_brand?post=1808"},{"taxonomy":"product_cat","embeddable":true,"href":"https:\/\/adindustrial.com\/en\/wp-json\/wp\/v2\/product_cat?post=1808"},{"taxonomy":"product_tag","embeddable":true,"href":"https:\/\/adindustrial.com\/en\/wp-json\/wp\/v2\/product_tag?post=1808"}],"curies":[{"name":"wp","href":"https:\/\/api.w.org\/{rel}","templated":true}]}}