{"id":175,"date":"2021-03-11T22:18:21","date_gmt":"2021-03-12T04:18:21","guid":{"rendered":"https:\/\/wp.adindustrial.com\/producto\/reductor-cross-drive\/"},"modified":"2021-03-17T18:20:07","modified_gmt":"2021-03-18T00:20:07","slug":"reductor-cross-drive","status":"publish","type":"product","link":"https:\/\/adindustrial.com\/en\/productos\/van-der-graaf\/reductores-cross-drive\/reductor-cross-drive\/","title":{"rendered":"Cross Drive Reducer"},"content":{"rendered":"","protected":false},"excerpt":{"rendered":"<p>This unique design has all the benefits of a Motor Pulley combined with the flexibility of a Type C flange outboard motor, which our customers can purchase from the local supplier of their choice and which is not sold by Van der Graaf. The Cross Drive design groups all components such as perfectly lubricated gears, bearings and seals within the drum. The electric motor, which is the most sensitive component of any conveyor system, can now be easily removed by simply removing 4 nuts.<\/p>\n<ul>\n<li>Available in standard diameters of 6.50 \u2033 and 8.50\u2033 and other special diameters.<\/li>\n<li>Van der Graaf is currently developing the system for units of 500mm or more)<\/li>\n<li>Gear ratios from 17.52: 1 to 41.08: 1<\/li>\n<li>Designed for belt speeds from 51 to 410 feet per minute.<\/li>\n<li>They can operate with conventional motors from 1,150 RPM up to 3,450 RPM with power from fractions of HP and up to 7.5 HP in standard sizes.<\/li>\n<\/ul>","protected":false},"featured_media":421,"comment_status":"closed","ping_status":"closed","template":"","meta":{"site-sidebar-layout":"default","site-content-layout":"default","ast-site-content-layout":"default","site-content-style":"default","site-sidebar-style":"default","ast-global-header-display":"","ast-banner-title-visibility":"","ast-main-header-display":"","ast-hfb-above-header-display":"","ast-hfb-below-header-display":"","ast-hfb-mobile-header-display":"","site-post-title":"","ast-breadcrumbs-content":"","ast-featured-img":"","footer-sml-layout":"","ast-disable-related-posts":"","theme-transparent-header-meta":"default","adv-header-id-meta":"","stick-header-meta":"default","header-above-stick-meta":"","header-main-stick-meta":"","header-below-stick-meta":"","astra-migrate-meta-layouts":"default","ast-page-background-enabled":"default","ast-page-background-meta":{"desktop":{"background-color":"","background-image":"","background-repeat":"repeat","background-position":"center center","background-size":"auto","background-attachment":"scroll","background-type":"","background-media":"","overlay-type":"","overlay-color":"","overlay-opacity":"","overlay-gradient":""},"tablet":{"background-color":"","background-image":"","background-repeat":"repeat","background-position":"center center","background-size":"auto","background-attachment":"scroll","background-type":"","background-media":"","overlay-type":"","overlay-color":"","overlay-opacity":"","overlay-gradient":""},"mobile":{"background-color":"","background-image":"","background-repeat":"repeat","background-position":"center center","background-size":"auto","background-attachment":"scroll","background-type":"","background-media":"","overlay-type":"","overlay-color":"","overlay-opacity":"","overlay-gradient":""}},"ast-content-background-meta":{"desktop":{"background-color":"var(--ast-global-color-5)","background-image":"","background-repeat":"repeat","background-position":"center center","background-size":"auto","background-attachment":"scroll","background-type":"","background-media":"","overlay-type":"","overlay-color":"","overlay-opacity":"","overlay-gradient":""},"tablet":{"background-color":"var(--ast-global-color-5)","background-image":"","background-repeat":"repeat","background-position":"center center","background-size":"auto","background-attachment":"scroll","background-type":"","background-media":"","overlay-type":"","overlay-color":"","overlay-opacity":"","overlay-gradient":""},"mobile":{"background-color":"var(--ast-global-color-5)","background-image":"","background-repeat":"repeat","background-position":"center center","background-size":"auto","background-attachment":"scroll","background-type":"","background-media":"","overlay-type":"","overlay-color":"","overlay-opacity":"","overlay-gradient":""}}},"product_brand":[],"product_cat":[50],"product_tag":[],"class_list":{"0":"post-175","1":"product","2":"type-product","3":"status-publish","4":"has-post-thumbnail","6":"product_cat-reductores-cross-drive","7":"desktop-align-left","8":"tablet-align-left","9":"mobile-align-left","10":"ast-product-gallery-layout-horizontal-slider","11":"ast-product-gallery-with-no-image","12":"ast-product-tabs-layout-horizontal","14":"first","15":"instock","16":"shipping-taxable","17":"product-type-simple"},"yoast_head":"<!-- This site is optimized with the Yoast SEO plugin v27.0 - https:\/\/yoast.com\/product\/yoast-seo-wordpress\/ -->\n<title>Reductor Cross Drive - AD INDUSTRIAL<\/title>\n<meta name=\"robots\" content=\"index, follow, max-snippet:-1, max-image-preview:large, max-video-preview:-1\" \/>\n<link rel=\"canonical\" href=\"https:\/\/adindustrial.com\/en\/productos\/van-der-graaf\/reductores-cross-drive\/reductor-cross-drive\/\" \/>\n<meta property=\"og:locale\" content=\"en_US\" \/>\n<meta property=\"og:type\" content=\"article\" \/>\n<meta property=\"og:title\" content=\"Reductor Cross Drive - AD INDUSTRIAL\" \/>\n<meta property=\"og:description\" content=\"Este dise\u00f1o \u00fanico cuenta con todos los beneficios de una Moto Polea combinado con la flexibilidad de un motor externo con reborde tipo C, que nuestros clientes pueden adquirir con el proveedor local de su preferencia y que no es vendido por Van der Graaf. El dise\u00f1o del Cross Drive agrupa todos los componentes como los engranajes, rodamientos y sellos perfectamente lubricados dentro del tambor. El motor el\u00e9ctrico, que es el componente mas sensible de cualquier sistema de transporte, ahora puede ser removido f\u00e1cilmente simplemente removiendo 4 tuercas.   Disponible en di\u00e1metros est\u00e1ndar de 6.50&quot; y 8.50&quot; y otros di\u00e1metros especiales.  Van der Graaf est\u00e1 actualmente desarrollando el sistema para unidades de 500 mm o m\u00e1s)  Relaciones de engranaje desde 17.52:1 hasta 41.08:1  Dise\u00f1ados para velocidades de banda desde 51 hasta 410 pies por minuto.  Pueden operar con motores convencionales de 1,150 RPM hasta 3,450 RPM con potencia desde fracciones de HP y hasta 7.5 HP en los tama\u00f1os est\u00e1ndar.\" \/>\n<meta property=\"og:url\" content=\"https:\/\/adindustrial.com\/en\/productos\/van-der-graaf\/reductores-cross-drive\/reductor-cross-drive\/\" \/>\n<meta property=\"og:site_name\" content=\"AD INDUSTRIAL\" \/>\n<meta property=\"article:modified_time\" content=\"2021-03-18T00:20:07+00:00\" \/>\n<meta property=\"og:image\" content=\"https:\/\/adindustrial.com\/wp-content\/uploads\/Reductor-CD.jpg\" \/>\n\t<meta property=\"og:image:width\" content=\"350\" \/>\n\t<meta property=\"og:image:height\" content=\"250\" \/>\n\t<meta property=\"og:image:type\" content=\"image\/jpeg\" \/>\n<meta name=\"twitter:card\" content=\"summary_large_image\" \/>\n<script type=\"application\/ld+json\" class=\"yoast-schema-graph\">{\"@context\":\"https:\/\/schema.org\",\"@graph\":[{\"@type\":\"WebPage\",\"@id\":\"https:\/\/adindustrial.com\/productos\/van-der-graaf\/reductores-cross-drive\/reductor-cross-drive\/\",\"url\":\"https:\/\/adindustrial.com\/productos\/van-der-graaf\/reductores-cross-drive\/reductor-cross-drive\/\",\"name\":\"Reductor Cross Drive - AD INDUSTRIAL\",\"isPartOf\":{\"@id\":\"https:\/\/adindustrial.com\/#website\"},\"primaryImageOfPage\":{\"@id\":\"https:\/\/adindustrial.com\/productos\/van-der-graaf\/reductores-cross-drive\/reductor-cross-drive\/#primaryimage\"},\"image\":{\"@id\":\"https:\/\/adindustrial.com\/productos\/van-der-graaf\/reductores-cross-drive\/reductor-cross-drive\/#primaryimage\"},\"thumbnailUrl\":\"https:\/\/adindustrial.com\/wp-content\/uploads\/Reductor-CD.jpg\",\"datePublished\":\"2021-03-12T04:18:21+00:00\",\"dateModified\":\"2021-03-18T00:20:07+00:00\",\"breadcrumb\":{\"@id\":\"https:\/\/adindustrial.com\/productos\/van-der-graaf\/reductores-cross-drive\/reductor-cross-drive\/#breadcrumb\"},\"inLanguage\":\"en-US\",\"potentialAction\":[{\"@type\":\"ReadAction\",\"target\":[\"https:\/\/adindustrial.com\/productos\/van-der-graaf\/reductores-cross-drive\/reductor-cross-drive\/\"]}]},{\"@type\":\"ImageObject\",\"inLanguage\":\"en-US\",\"@id\":\"https:\/\/adindustrial.com\/productos\/van-der-graaf\/reductores-cross-drive\/reductor-cross-drive\/#primaryimage\",\"url\":\"https:\/\/adindustrial.com\/wp-content\/uploads\/Reductor-CD.jpg\",\"contentUrl\":\"https:\/\/adindustrial.com\/wp-content\/uploads\/Reductor-CD.jpg\",\"width\":350,\"height\":250},{\"@type\":\"BreadcrumbList\",\"@id\":\"https:\/\/adindustrial.com\/productos\/van-der-graaf\/reductores-cross-drive\/reductor-cross-drive\/#breadcrumb\",\"itemListElement\":[{\"@type\":\"ListItem\",\"position\":1,\"name\":\"Inicio\",\"item\":\"https:\/\/adindustrial.com\/\"},{\"@type\":\"ListItem\",\"position\":2,\"name\":\"Productos\",\"item\":\"https:\/\/adindustrial.com\/productos\/\"},{\"@type\":\"ListItem\",\"position\":3,\"name\":\"Reductor Cross Drive\"}]},{\"@type\":\"WebSite\",\"@id\":\"https:\/\/adindustrial.com\/#website\",\"url\":\"https:\/\/adindustrial.com\/\",\"name\":\"AD INDUSTRIAL\",\"description\":\"Industria en movimiento\",\"publisher\":{\"@id\":\"https:\/\/adindustrial.com\/#organization\"},\"potentialAction\":[{\"@type\":\"SearchAction\",\"target\":{\"@type\":\"EntryPoint\",\"urlTemplate\":\"https:\/\/adindustrial.com\/?s={search_term_string}\"},\"query-input\":{\"@type\":\"PropertyValueSpecification\",\"valueRequired\":true,\"valueName\":\"search_term_string\"}}],\"inLanguage\":\"en-US\"},{\"@type\":\"Organization\",\"@id\":\"https:\/\/adindustrial.com\/#organization\",\"name\":\"Ad Industrial S.A. de C.V.\",\"url\":\"https:\/\/adindustrial.com\/\",\"logo\":{\"@type\":\"ImageObject\",\"inLanguage\":\"en-US\",\"@id\":\"https:\/\/adindustrial.com\/#\/schema\/logo\/image\/\",\"url\":\"https:\/\/adindustrial.com\/wp-content\/uploads\/2021\/03\/ADIndustrial-logo.png\",\"contentUrl\":\"https:\/\/adindustrial.com\/wp-content\/uploads\/2021\/03\/ADIndustrial-logo.png\",\"width\":1000,\"height\":265,\"caption\":\"Ad Industrial S.A. de C.V.\"},\"image\":{\"@id\":\"https:\/\/adindustrial.com\/#\/schema\/logo\/image\/\"}}]}<\/script>\n<!-- \/ Yoast SEO plugin. -->","yoast_head_json":{"title":"Reductor Cross Drive - AD INDUSTRIAL","robots":{"index":"index","follow":"follow","max-snippet":"max-snippet:-1","max-image-preview":"max-image-preview:large","max-video-preview":"max-video-preview:-1"},"canonical":"https:\/\/adindustrial.com\/en\/productos\/van-der-graaf\/reductores-cross-drive\/reductor-cross-drive\/","og_locale":"en_US","og_type":"article","og_title":"Reductor Cross Drive - AD INDUSTRIAL","og_description":"Este dise\u00f1o \u00fanico cuenta con todos los beneficios de una Moto Polea combinado con la flexibilidad de un motor externo con reborde tipo C, que nuestros clientes pueden adquirir con el proveedor local de su preferencia y que no es vendido por Van der Graaf. El dise\u00f1o del Cross Drive agrupa todos los componentes como los engranajes, rodamientos y sellos perfectamente lubricados dentro del tambor. El motor el\u00e9ctrico, que es el componente mas sensible de cualquier sistema de transporte, ahora puede ser removido f\u00e1cilmente simplemente removiendo 4 tuercas.   Disponible en di\u00e1metros est\u00e1ndar de 6.50\" y 8.50\" y otros di\u00e1metros especiales.  Van der Graaf est\u00e1 actualmente desarrollando el sistema para unidades de 500 mm o m\u00e1s)  Relaciones de engranaje desde 17.52:1 hasta 41.08:1  Dise\u00f1ados para velocidades de banda desde 51 hasta 410 pies por minuto.  Pueden operar con motores convencionales de 1,150 RPM hasta 3,450 RPM con potencia desde fracciones de HP y hasta 7.5 HP en los tama\u00f1os est\u00e1ndar.","og_url":"https:\/\/adindustrial.com\/en\/productos\/van-der-graaf\/reductores-cross-drive\/reductor-cross-drive\/","og_site_name":"AD INDUSTRIAL","article_modified_time":"2021-03-18T00:20:07+00:00","og_image":[{"width":350,"height":250,"url":"https:\/\/adindustrial.com\/wp-content\/uploads\/Reductor-CD.jpg","type":"image\/jpeg"}],"twitter_card":"summary_large_image","schema":{"@context":"https:\/\/schema.org","@graph":[{"@type":"WebPage","@id":"https:\/\/adindustrial.com\/productos\/van-der-graaf\/reductores-cross-drive\/reductor-cross-drive\/","url":"https:\/\/adindustrial.com\/productos\/van-der-graaf\/reductores-cross-drive\/reductor-cross-drive\/","name":"Reductor Cross Drive - AD INDUSTRIAL","isPartOf":{"@id":"https:\/\/adindustrial.com\/#website"},"primaryImageOfPage":{"@id":"https:\/\/adindustrial.com\/productos\/van-der-graaf\/reductores-cross-drive\/reductor-cross-drive\/#primaryimage"},"image":{"@id":"https:\/\/adindustrial.com\/productos\/van-der-graaf\/reductores-cross-drive\/reductor-cross-drive\/#primaryimage"},"thumbnailUrl":"https:\/\/adindustrial.com\/wp-content\/uploads\/Reductor-CD.jpg","datePublished":"2021-03-12T04:18:21+00:00","dateModified":"2021-03-18T00:20:07+00:00","breadcrumb":{"@id":"https:\/\/adindustrial.com\/productos\/van-der-graaf\/reductores-cross-drive\/reductor-cross-drive\/#breadcrumb"},"inLanguage":"en-US","potentialAction":[{"@type":"ReadAction","target":["https:\/\/adindustrial.com\/productos\/van-der-graaf\/reductores-cross-drive\/reductor-cross-drive\/"]}]},{"@type":"ImageObject","inLanguage":"en-US","@id":"https:\/\/adindustrial.com\/productos\/van-der-graaf\/reductores-cross-drive\/reductor-cross-drive\/#primaryimage","url":"https:\/\/adindustrial.com\/wp-content\/uploads\/Reductor-CD.jpg","contentUrl":"https:\/\/adindustrial.com\/wp-content\/uploads\/Reductor-CD.jpg","width":350,"height":250},{"@type":"BreadcrumbList","@id":"https:\/\/adindustrial.com\/productos\/van-der-graaf\/reductores-cross-drive\/reductor-cross-drive\/#breadcrumb","itemListElement":[{"@type":"ListItem","position":1,"name":"Inicio","item":"https:\/\/adindustrial.com\/"},{"@type":"ListItem","position":2,"name":"Productos","item":"https:\/\/adindustrial.com\/productos\/"},{"@type":"ListItem","position":3,"name":"Reductor Cross Drive"}]},{"@type":"WebSite","@id":"https:\/\/adindustrial.com\/#website","url":"https:\/\/adindustrial.com\/","name":"AD INDUSTRIAL","description":"Industria en movimiento","publisher":{"@id":"https:\/\/adindustrial.com\/#organization"},"potentialAction":[{"@type":"SearchAction","target":{"@type":"EntryPoint","urlTemplate":"https:\/\/adindustrial.com\/?s={search_term_string}"},"query-input":{"@type":"PropertyValueSpecification","valueRequired":true,"valueName":"search_term_string"}}],"inLanguage":"en-US"},{"@type":"Organization","@id":"https:\/\/adindustrial.com\/#organization","name":"Ad Industrial S.A. de C.V.","url":"https:\/\/adindustrial.com\/","logo":{"@type":"ImageObject","inLanguage":"en-US","@id":"https:\/\/adindustrial.com\/#\/schema\/logo\/image\/","url":"https:\/\/adindustrial.com\/wp-content\/uploads\/2021\/03\/ADIndustrial-logo.png","contentUrl":"https:\/\/adindustrial.com\/wp-content\/uploads\/2021\/03\/ADIndustrial-logo.png","width":1000,"height":265,"caption":"Ad Industrial S.A. de C.V."},"image":{"@id":"https:\/\/adindustrial.com\/#\/schema\/logo\/image\/"}}]}},"_links":{"self":[{"href":"https:\/\/adindustrial.com\/en\/wp-json\/wp\/v2\/product\/175","targetHints":{"allow":["GET"]}}],"collection":[{"href":"https:\/\/adindustrial.com\/en\/wp-json\/wp\/v2\/product"}],"about":[{"href":"https:\/\/adindustrial.com\/en\/wp-json\/wp\/v2\/types\/product"}],"replies":[{"embeddable":true,"href":"https:\/\/adindustrial.com\/en\/wp-json\/wp\/v2\/comments?post=175"}],"version-history":[{"count":0,"href":"https:\/\/adindustrial.com\/en\/wp-json\/wp\/v2\/product\/175\/revisions"}],"wp:featuredmedia":[{"embeddable":true,"href":"https:\/\/adindustrial.com\/en\/wp-json\/wp\/v2\/media\/421"}],"wp:attachment":[{"href":"https:\/\/adindustrial.com\/en\/wp-json\/wp\/v2\/media?parent=175"}],"wp:term":[{"taxonomy":"product_brand","embeddable":true,"href":"https:\/\/adindustrial.com\/en\/wp-json\/wp\/v2\/product_brand?post=175"},{"taxonomy":"product_cat","embeddable":true,"href":"https:\/\/adindustrial.com\/en\/wp-json\/wp\/v2\/product_cat?post=175"},{"taxonomy":"product_tag","embeddable":true,"href":"https:\/\/adindustrial.com\/en\/wp-json\/wp\/v2\/product_tag?post=175"}],"curies":[{"name":"wp","href":"https:\/\/api.w.org\/{rel}","templated":true}]}}