{"id":173,"date":"2021-03-11T22:18:21","date_gmt":"2021-03-12T04:18:21","guid":{"rendered":"https:\/\/wp.adindustrial.com\/producto\/moto-polea-con-freno-electromagnetico-clutch-o-freno-manual-de-contra-giro\/"},"modified":"2021-03-17T18:18:30","modified_gmt":"2021-03-18T00:18:30","slug":"moto-polea-con-freno-electromagnetico-clutch-o-freno-manual-de-contra-giro","status":"publish","type":"product","link":"https:\/\/adindustrial.com\/en\/productos\/van-der-graaf\/moto-poleas\/moto-polea-con-freno-electromagnetico-clutch-o-freno-manual-de-contra-giro\/","title":{"rendered":"Motor Pulley with Electromagnetic Brake, Clutch or manual counter-rotation brake"},"content":{"rendered":"","protected":false},"excerpt":{"rendered":"<p><strong>Benefits<\/strong><\/p>\n<ul>\n<li>96% mechanical efficiency, allowing savings of up to 30% in energy consumption compared to external units.<\/li>\n<li>Virtually maintenance free, it only requires oil change every 50,000 hours of operation.<\/li>\n<li>They can operate with an inverter and do not lose torque up to 1\/10 of the nominal frequency of 60HZ.<\/li>\n<li>Hermetic sealing that prevents leaks and prevents contaminants from affecting the engine.<\/li>\n<li>High alloy steel gears. Precision cut, hardened and sharp, reducing noise levels to a minimum.<\/li>\n<li>All components are made of iron to withstand higher stress levels.<\/li>\n<li>High pressure polymer immersed (VPI) vacuum wound electric motors, 100% tested and above NEMA standards.<\/li>\n<li>The drum can have a wide variety of coatings and finishes, handle sprockets and even have special shapes or attachments, such as brushes, teeth, paddles for grinding or grinding, conical shape for curved conveyors, different diameters to accommodate more than one type of belt at the same time , etc.<\/li>\n<li>The electromechanical brake system allows all rotating components to come to a complete stop when desired. This system is ideal for:<\/li>\n<li>Bi-directional applications with indexing up to 40 starts and stops per minute.<\/li>\n<li>Typical applications include baggage handling, manufacturing and assembly lines, document or parcel handling, palletizing and packaging, etc.<\/li>\n<li>The clutch system is a patented design that allows greater indexing by allowing the electric motor to always remain in motion, avoiding the voltage consumption peaks typical of motor starting, reducing energy consumption and the heat generated. The system is located inside the motorbike pulley, but in a separate compartment from the engine<\/li>\n<li>The manual counter-twist brake is ideal for use on inclined conveyors, allowing the motor pulley to rotate freely in the opposite direction so that the belt can be unloaded.<\/li>\n<\/ul>","protected":false},"featured_media":419,"comment_status":"closed","ping_status":"closed","template":"","meta":{"site-sidebar-layout":"default","site-content-layout":"default","ast-site-content-layout":"default","site-content-style":"default","site-sidebar-style":"default","ast-global-header-display":"","ast-banner-title-visibility":"","ast-main-header-display":"","ast-hfb-above-header-display":"","ast-hfb-below-header-display":"","ast-hfb-mobile-header-display":"","site-post-title":"","ast-breadcrumbs-content":"","ast-featured-img":"","footer-sml-layout":"","ast-disable-related-posts":"","theme-transparent-header-meta":"default","adv-header-id-meta":"","stick-header-meta":"default","header-above-stick-meta":"","header-main-stick-meta":"","header-below-stick-meta":"","astra-migrate-meta-layouts":"default","ast-page-background-enabled":"default","ast-page-background-meta":{"desktop":{"background-color":"","background-image":"","background-repeat":"repeat","background-position":"center center","background-size":"auto","background-attachment":"scroll","background-type":"","background-media":"","overlay-type":"","overlay-color":"","overlay-opacity":"","overlay-gradient":""},"tablet":{"background-color":"","background-image":"","background-repeat":"repeat","background-position":"center center","background-size":"auto","background-attachment":"scroll","background-type":"","background-media":"","overlay-type":"","overlay-color":"","overlay-opacity":"","overlay-gradient":""},"mobile":{"background-color":"","background-image":"","background-repeat":"repeat","background-position":"center center","background-size":"auto","background-attachment":"scroll","background-type":"","background-media":"","overlay-type":"","overlay-color":"","overlay-opacity":"","overlay-gradient":""}},"ast-content-background-meta":{"desktop":{"background-color":"var(--ast-global-color-5)","background-image":"","background-repeat":"repeat","background-position":"center center","background-size":"auto","background-attachment":"scroll","background-type":"","background-media":"","overlay-type":"","overlay-color":"","overlay-opacity":"","overlay-gradient":""},"tablet":{"background-color":"var(--ast-global-color-5)","background-image":"","background-repeat":"repeat","background-position":"center center","background-size":"auto","background-attachment":"scroll","background-type":"","background-media":"","overlay-type":"","overlay-color":"","overlay-opacity":"","overlay-gradient":""},"mobile":{"background-color":"var(--ast-global-color-5)","background-image":"","background-repeat":"repeat","background-position":"center center","background-size":"auto","background-attachment":"scroll","background-type":"","background-media":"","overlay-type":"","overlay-color":"","overlay-opacity":"","overlay-gradient":""}}},"product_brand":[],"product_cat":[49],"product_tag":[],"class_list":{"0":"post-173","1":"product","2":"type-product","3":"status-publish","4":"has-post-thumbnail","6":"product_cat-moto-poleas","7":"desktop-align-left","8":"tablet-align-left","9":"mobile-align-left","10":"ast-product-gallery-layout-horizontal-slider","11":"ast-product-tabs-layout-horizontal","13":"first","14":"instock","15":"shipping-taxable","16":"product-type-simple"},"yoast_head":"<!-- This site is optimized with the Yoast SEO plugin v27.0 - https:\/\/yoast.com\/product\/yoast-seo-wordpress\/ -->\n<title>Moto Polea con Freno Electromagn\u00e9tico, Clutch o freno manual de contra-giro - AD INDUSTRIAL<\/title>\n<meta name=\"robots\" content=\"index, follow, max-snippet:-1, max-image-preview:large, max-video-preview:-1\" \/>\n<link rel=\"canonical\" href=\"https:\/\/adindustrial.com\/en\/productos\/van-der-graaf\/moto-poleas\/moto-polea-con-freno-electromagnetico-clutch-o-freno-manual-de-contra-giro\/\" \/>\n<meta property=\"og:locale\" content=\"en_US\" \/>\n<meta property=\"og:type\" content=\"article\" \/>\n<meta property=\"og:title\" content=\"Moto Polea con Freno Electromagn\u00e9tico, Clutch o freno manual de contra-giro - AD INDUSTRIAL\" \/>\n<meta property=\"og:description\" content=\"Beneficios   Eficiencia mec\u00e1nica del 96%, que permite ahorros de hasta un 30% en el consumo de energ\u00eda en comparaci\u00f3n con las unidades externas.  Virtualmente libre de mantenimiento, solo requiere cambio de aceite cada 50,000 horas de operaci\u00f3n.  Pueden operar con variador y no pierden torque hasta 1\/10 de la frecuencia nominal de 60HZ.  Sellado herm\u00e9tico que previene fugas e impide que los contaminantes afecten el motor.  Engranes de acero de alta aleaci\u00f3n. Cortados con precisi\u00f3n, templados y afilados, lo que reduce los niveles de ruido al m\u00ednimo.  Todos los componentes son de hierro para soportar mayores niveles de tensi\u00f3n.  Motores el\u00e9ctricos embobinados al vac\u00edo, en alta presi\u00f3n y sumergidos en pol\u00edmero (VPI), probados 100% y por encima de las normas NEMA.  El tambor puede tener recubrimientos y acabados muy diversos, manejar sprockets e incluso tener formas o aditamentos especiales, como cepillos, dientes, paletas para triturar o moler, forma c\u00f3nica para transportadores curvos, distintos di\u00e1metros para acomodar m\u00e1s de un tipo de banda al mismo tiempo, etc.  El sistema de freno electromec\u00e1nico permite que todos los componentes de rotaci\u00f3n se detengan por completo cuando se desee. Este sistema es ideal para:  Aplicaciones bi-direccionales con indexaci\u00f3n de hasta 40 arranques y paradas por minuto.  Las aplicaciones t\u00edpicas incluyen el manejo de equipaje, las l\u00edneas de fabricaci\u00f3n y montaje, manejo de documentos o paqueter\u00eda, paletizaci\u00f3n y embalaje, etc.  El sistema de clutch es un dise\u00f1o patentado que permite una mayor indexaci\u00f3n al permitr que el motor el\u00e9ctrico permanezca siempre en movimiento, evitando los picos de consumo de voltaje propios del arranque del motor, reduciendo el consumo de energ\u00eda y el calor generado. El sistema se encuentra dentro de la moto polea, pero en compartimiento separado del motor  El freno manual de contra-giro es ideal para uso en transportadores inclinados, permitiendo que la moto polea rote libremente en sentido contrario para que la banda pueda ser descargada.\" \/>\n<meta property=\"og:url\" content=\"https:\/\/adindustrial.com\/en\/productos\/van-der-graaf\/moto-poleas\/moto-polea-con-freno-electromagnetico-clutch-o-freno-manual-de-contra-giro\/\" \/>\n<meta property=\"og:site_name\" content=\"AD INDUSTRIAL\" \/>\n<meta property=\"article:modified_time\" content=\"2021-03-18T00:18:30+00:00\" \/>\n<meta property=\"og:image\" content=\"https:\/\/adindustrial.com\/wp-content\/uploads\/MP-freno1.jpg\" \/>\n\t<meta property=\"og:image:width\" content=\"350\" \/>\n\t<meta property=\"og:image:height\" content=\"250\" \/>\n\t<meta property=\"og:image:type\" content=\"image\/jpeg\" \/>\n<meta name=\"twitter:card\" content=\"summary_large_image\" \/>\n<script type=\"application\/ld+json\" class=\"yoast-schema-graph\">{\"@context\":\"https:\/\/schema.org\",\"@graph\":[{\"@type\":\"WebPage\",\"@id\":\"https:\/\/adindustrial.com\/productos\/van-der-graaf\/moto-poleas\/moto-polea-con-freno-electromagnetico-clutch-o-freno-manual-de-contra-giro\/\",\"url\":\"https:\/\/adindustrial.com\/productos\/van-der-graaf\/moto-poleas\/moto-polea-con-freno-electromagnetico-clutch-o-freno-manual-de-contra-giro\/\",\"name\":\"Moto Polea con Freno Electromagn\u00e9tico, Clutch o freno manual de contra-giro - AD INDUSTRIAL\",\"isPartOf\":{\"@id\":\"https:\/\/adindustrial.com\/#website\"},\"primaryImageOfPage\":{\"@id\":\"https:\/\/adindustrial.com\/productos\/van-der-graaf\/moto-poleas\/moto-polea-con-freno-electromagnetico-clutch-o-freno-manual-de-contra-giro\/#primaryimage\"},\"image\":{\"@id\":\"https:\/\/adindustrial.com\/productos\/van-der-graaf\/moto-poleas\/moto-polea-con-freno-electromagnetico-clutch-o-freno-manual-de-contra-giro\/#primaryimage\"},\"thumbnailUrl\":\"https:\/\/adindustrial.com\/wp-content\/uploads\/MP-freno1.jpg\",\"datePublished\":\"2021-03-12T04:18:21+00:00\",\"dateModified\":\"2021-03-18T00:18:30+00:00\",\"breadcrumb\":{\"@id\":\"https:\/\/adindustrial.com\/productos\/van-der-graaf\/moto-poleas\/moto-polea-con-freno-electromagnetico-clutch-o-freno-manual-de-contra-giro\/#breadcrumb\"},\"inLanguage\":\"en-US\",\"potentialAction\":[{\"@type\":\"ReadAction\",\"target\":[\"https:\/\/adindustrial.com\/productos\/van-der-graaf\/moto-poleas\/moto-polea-con-freno-electromagnetico-clutch-o-freno-manual-de-contra-giro\/\"]}]},{\"@type\":\"ImageObject\",\"inLanguage\":\"en-US\",\"@id\":\"https:\/\/adindustrial.com\/productos\/van-der-graaf\/moto-poleas\/moto-polea-con-freno-electromagnetico-clutch-o-freno-manual-de-contra-giro\/#primaryimage\",\"url\":\"https:\/\/adindustrial.com\/wp-content\/uploads\/MP-freno1.jpg\",\"contentUrl\":\"https:\/\/adindustrial.com\/wp-content\/uploads\/MP-freno1.jpg\",\"width\":350,\"height\":250},{\"@type\":\"BreadcrumbList\",\"@id\":\"https:\/\/adindustrial.com\/productos\/van-der-graaf\/moto-poleas\/moto-polea-con-freno-electromagnetico-clutch-o-freno-manual-de-contra-giro\/#breadcrumb\",\"itemListElement\":[{\"@type\":\"ListItem\",\"position\":1,\"name\":\"Inicio\",\"item\":\"https:\/\/adindustrial.com\/\"},{\"@type\":\"ListItem\",\"position\":2,\"name\":\"Productos\",\"item\":\"https:\/\/adindustrial.com\/productos\/\"},{\"@type\":\"ListItem\",\"position\":3,\"name\":\"Moto Polea con Freno Electromagn\u00e9tico, Clutch o freno manual de contra-giro\"}]},{\"@type\":\"WebSite\",\"@id\":\"https:\/\/adindustrial.com\/#website\",\"url\":\"https:\/\/adindustrial.com\/\",\"name\":\"AD INDUSTRIAL\",\"description\":\"Industria en movimiento\",\"publisher\":{\"@id\":\"https:\/\/adindustrial.com\/#organization\"},\"potentialAction\":[{\"@type\":\"SearchAction\",\"target\":{\"@type\":\"EntryPoint\",\"urlTemplate\":\"https:\/\/adindustrial.com\/?s={search_term_string}\"},\"query-input\":{\"@type\":\"PropertyValueSpecification\",\"valueRequired\":true,\"valueName\":\"search_term_string\"}}],\"inLanguage\":\"en-US\"},{\"@type\":\"Organization\",\"@id\":\"https:\/\/adindustrial.com\/#organization\",\"name\":\"Ad Industrial S.A. de C.V.\",\"url\":\"https:\/\/adindustrial.com\/\",\"logo\":{\"@type\":\"ImageObject\",\"inLanguage\":\"en-US\",\"@id\":\"https:\/\/adindustrial.com\/#\/schema\/logo\/image\/\",\"url\":\"https:\/\/adindustrial.com\/wp-content\/uploads\/2021\/03\/ADIndustrial-logo.png\",\"contentUrl\":\"https:\/\/adindustrial.com\/wp-content\/uploads\/2021\/03\/ADIndustrial-logo.png\",\"width\":1000,\"height\":265,\"caption\":\"Ad Industrial S.A. de C.V.\"},\"image\":{\"@id\":\"https:\/\/adindustrial.com\/#\/schema\/logo\/image\/\"}}]}<\/script>\n<!-- \/ Yoast SEO plugin. -->","yoast_head_json":{"title":"Moto Polea con Freno Electromagn\u00e9tico, Clutch o freno manual de contra-giro - AD INDUSTRIAL","robots":{"index":"index","follow":"follow","max-snippet":"max-snippet:-1","max-image-preview":"max-image-preview:large","max-video-preview":"max-video-preview:-1"},"canonical":"https:\/\/adindustrial.com\/en\/productos\/van-der-graaf\/moto-poleas\/moto-polea-con-freno-electromagnetico-clutch-o-freno-manual-de-contra-giro\/","og_locale":"en_US","og_type":"article","og_title":"Moto Polea con Freno Electromagn\u00e9tico, Clutch o freno manual de contra-giro - AD INDUSTRIAL","og_description":"Beneficios   Eficiencia mec\u00e1nica del 96%, que permite ahorros de hasta un 30% en el consumo de energ\u00eda en comparaci\u00f3n con las unidades externas.  Virtualmente libre de mantenimiento, solo requiere cambio de aceite cada 50,000 horas de operaci\u00f3n.  Pueden operar con variador y no pierden torque hasta 1\/10 de la frecuencia nominal de 60HZ.  Sellado herm\u00e9tico que previene fugas e impide que los contaminantes afecten el motor.  Engranes de acero de alta aleaci\u00f3n. Cortados con precisi\u00f3n, templados y afilados, lo que reduce los niveles de ruido al m\u00ednimo.  Todos los componentes son de hierro para soportar mayores niveles de tensi\u00f3n.  Motores el\u00e9ctricos embobinados al vac\u00edo, en alta presi\u00f3n y sumergidos en pol\u00edmero (VPI), probados 100% y por encima de las normas NEMA.  El tambor puede tener recubrimientos y acabados muy diversos, manejar sprockets e incluso tener formas o aditamentos especiales, como cepillos, dientes, paletas para triturar o moler, forma c\u00f3nica para transportadores curvos, distintos di\u00e1metros para acomodar m\u00e1s de un tipo de banda al mismo tiempo, etc.  El sistema de freno electromec\u00e1nico permite que todos los componentes de rotaci\u00f3n se detengan por completo cuando se desee. Este sistema es ideal para:  Aplicaciones bi-direccionales con indexaci\u00f3n de hasta 40 arranques y paradas por minuto.  Las aplicaciones t\u00edpicas incluyen el manejo de equipaje, las l\u00edneas de fabricaci\u00f3n y montaje, manejo de documentos o paqueter\u00eda, paletizaci\u00f3n y embalaje, etc.  El sistema de clutch es un dise\u00f1o patentado que permite una mayor indexaci\u00f3n al permitr que el motor el\u00e9ctrico permanezca siempre en movimiento, evitando los picos de consumo de voltaje propios del arranque del motor, reduciendo el consumo de energ\u00eda y el calor generado. El sistema se encuentra dentro de la moto polea, pero en compartimiento separado del motor  El freno manual de contra-giro es ideal para uso en transportadores inclinados, permitiendo que la moto polea rote libremente en sentido contrario para que la banda pueda ser descargada.","og_url":"https:\/\/adindustrial.com\/en\/productos\/van-der-graaf\/moto-poleas\/moto-polea-con-freno-electromagnetico-clutch-o-freno-manual-de-contra-giro\/","og_site_name":"AD INDUSTRIAL","article_modified_time":"2021-03-18T00:18:30+00:00","og_image":[{"width":350,"height":250,"url":"https:\/\/adindustrial.com\/wp-content\/uploads\/MP-freno1.jpg","type":"image\/jpeg"}],"twitter_card":"summary_large_image","schema":{"@context":"https:\/\/schema.org","@graph":[{"@type":"WebPage","@id":"https:\/\/adindustrial.com\/productos\/van-der-graaf\/moto-poleas\/moto-polea-con-freno-electromagnetico-clutch-o-freno-manual-de-contra-giro\/","url":"https:\/\/adindustrial.com\/productos\/van-der-graaf\/moto-poleas\/moto-polea-con-freno-electromagnetico-clutch-o-freno-manual-de-contra-giro\/","name":"Moto Polea con Freno Electromagn\u00e9tico, Clutch o freno manual de contra-giro - AD INDUSTRIAL","isPartOf":{"@id":"https:\/\/adindustrial.com\/#website"},"primaryImageOfPage":{"@id":"https:\/\/adindustrial.com\/productos\/van-der-graaf\/moto-poleas\/moto-polea-con-freno-electromagnetico-clutch-o-freno-manual-de-contra-giro\/#primaryimage"},"image":{"@id":"https:\/\/adindustrial.com\/productos\/van-der-graaf\/moto-poleas\/moto-polea-con-freno-electromagnetico-clutch-o-freno-manual-de-contra-giro\/#primaryimage"},"thumbnailUrl":"https:\/\/adindustrial.com\/wp-content\/uploads\/MP-freno1.jpg","datePublished":"2021-03-12T04:18:21+00:00","dateModified":"2021-03-18T00:18:30+00:00","breadcrumb":{"@id":"https:\/\/adindustrial.com\/productos\/van-der-graaf\/moto-poleas\/moto-polea-con-freno-electromagnetico-clutch-o-freno-manual-de-contra-giro\/#breadcrumb"},"inLanguage":"en-US","potentialAction":[{"@type":"ReadAction","target":["https:\/\/adindustrial.com\/productos\/van-der-graaf\/moto-poleas\/moto-polea-con-freno-electromagnetico-clutch-o-freno-manual-de-contra-giro\/"]}]},{"@type":"ImageObject","inLanguage":"en-US","@id":"https:\/\/adindustrial.com\/productos\/van-der-graaf\/moto-poleas\/moto-polea-con-freno-electromagnetico-clutch-o-freno-manual-de-contra-giro\/#primaryimage","url":"https:\/\/adindustrial.com\/wp-content\/uploads\/MP-freno1.jpg","contentUrl":"https:\/\/adindustrial.com\/wp-content\/uploads\/MP-freno1.jpg","width":350,"height":250},{"@type":"BreadcrumbList","@id":"https:\/\/adindustrial.com\/productos\/van-der-graaf\/moto-poleas\/moto-polea-con-freno-electromagnetico-clutch-o-freno-manual-de-contra-giro\/#breadcrumb","itemListElement":[{"@type":"ListItem","position":1,"name":"Inicio","item":"https:\/\/adindustrial.com\/"},{"@type":"ListItem","position":2,"name":"Productos","item":"https:\/\/adindustrial.com\/productos\/"},{"@type":"ListItem","position":3,"name":"Moto Polea con Freno Electromagn\u00e9tico, Clutch o freno manual de contra-giro"}]},{"@type":"WebSite","@id":"https:\/\/adindustrial.com\/#website","url":"https:\/\/adindustrial.com\/","name":"AD INDUSTRIAL","description":"Industria en movimiento","publisher":{"@id":"https:\/\/adindustrial.com\/#organization"},"potentialAction":[{"@type":"SearchAction","target":{"@type":"EntryPoint","urlTemplate":"https:\/\/adindustrial.com\/?s={search_term_string}"},"query-input":{"@type":"PropertyValueSpecification","valueRequired":true,"valueName":"search_term_string"}}],"inLanguage":"en-US"},{"@type":"Organization","@id":"https:\/\/adindustrial.com\/#organization","name":"Ad Industrial S.A. de C.V.","url":"https:\/\/adindustrial.com\/","logo":{"@type":"ImageObject","inLanguage":"en-US","@id":"https:\/\/adindustrial.com\/#\/schema\/logo\/image\/","url":"https:\/\/adindustrial.com\/wp-content\/uploads\/2021\/03\/ADIndustrial-logo.png","contentUrl":"https:\/\/adindustrial.com\/wp-content\/uploads\/2021\/03\/ADIndustrial-logo.png","width":1000,"height":265,"caption":"Ad Industrial S.A. de C.V."},"image":{"@id":"https:\/\/adindustrial.com\/#\/schema\/logo\/image\/"}}]}},"_links":{"self":[{"href":"https:\/\/adindustrial.com\/en\/wp-json\/wp\/v2\/product\/173","targetHints":{"allow":["GET"]}}],"collection":[{"href":"https:\/\/adindustrial.com\/en\/wp-json\/wp\/v2\/product"}],"about":[{"href":"https:\/\/adindustrial.com\/en\/wp-json\/wp\/v2\/types\/product"}],"replies":[{"embeddable":true,"href":"https:\/\/adindustrial.com\/en\/wp-json\/wp\/v2\/comments?post=173"}],"version-history":[{"count":0,"href":"https:\/\/adindustrial.com\/en\/wp-json\/wp\/v2\/product\/173\/revisions"}],"wp:featuredmedia":[{"embeddable":true,"href":"https:\/\/adindustrial.com\/en\/wp-json\/wp\/v2\/media\/419"}],"wp:attachment":[{"href":"https:\/\/adindustrial.com\/en\/wp-json\/wp\/v2\/media?parent=173"}],"wp:term":[{"taxonomy":"product_brand","embeddable":true,"href":"https:\/\/adindustrial.com\/en\/wp-json\/wp\/v2\/product_brand?post=173"},{"taxonomy":"product_cat","embeddable":true,"href":"https:\/\/adindustrial.com\/en\/wp-json\/wp\/v2\/product_cat?post=173"},{"taxonomy":"product_tag","embeddable":true,"href":"https:\/\/adindustrial.com\/en\/wp-json\/wp\/v2\/product_tag?post=173"}],"curies":[{"name":"wp","href":"https:\/\/api.w.org\/{rel}","templated":true}]}}