{"id":169,"date":"2021-03-11T22:18:20","date_gmt":"2021-03-12T04:18:20","guid":{"rendered":"https:\/\/wp.adindustrial.com\/producto\/moto-polea-estandar\/"},"modified":"2021-03-17T18:11:32","modified_gmt":"2021-03-18T00:11:32","slug":"moto-polea-estandar","status":"publish","type":"product","link":"https:\/\/adindustrial.com\/en\/productos\/van-der-graaf\/moto-poleas\/moto-polea-estandar\/","title":{"rendered":"Standard Motor Pulley"},"content":{"rendered":"","protected":false},"excerpt":{"rendered":"<p><strong>Benefits<\/strong><\/p>\n<ul>\n<li>96% mechanical efficiency, allowing savings of up to 30% in energy consumption compared to external units.<\/li>\n<li>Virtually maintenance free, it only requires oil change every 50,000 hours of operation.<\/li>\n<li>They can operate with an inverter and do not lose torque up to 1\/10 of the nominal frequency of 60HZ.<\/li>\n<li>Hermetic sealing that prevents leaks and prevents contaminants from affecting the engine.<\/li>\n<li>High alloy steel gears. Precision cut, hardened and sharp, reducing noise levels to a minimum. All components are made of iron to withstand higher stress levels.<\/li>\n<li>High pressure polymer immersed (VPI) vacuum wound electric motors, 100% tested and above NEMA standards.<\/li>\n<li>The drum can have a wide variety of coatings and finishes, handle sprockets and even have special shapes or attachments, such as brushes, teeth, paddles for grinding or grinding, conical shape for curved conveyors, different diameters to accommodate more than one type of belt at the same time , etc.<\/li>\n<li>Available in the following diameters: 3.90\u2033, 4.50\u2033, 5.00\u2033, 5.43\u2033, 5.90\u2033, 6.50\u2033, 8.50\u2033, 12.50\u2033, 15.75\u2033, 19.69\u2033 and 39.37\u2033<\/li>\n<li>Made of carbon steel<\/li>\n<li>Orange painted lids<\/li>\n<li>Powers from 0.13 HP to 180 HP<\/li>\n<li>They are optionally offered with a planetary gear system to increase torque.<\/li>\n<li>Junction box can be replaced by cable<\/li>\n<li>Standard lengths for all models, but it can also be manufactured in the exact length required.<\/li>\n<li>Designed to operate with friction conveyor belts<\/li>\n<li>Drum surface with or without pattern<\/li>\n<li>Rubber and urethane coatings available.<\/li>\n<\/ul>","protected":false},"featured_media":406,"comment_status":"closed","ping_status":"closed","template":"","meta":{"site-sidebar-layout":"default","site-content-layout":"default","ast-site-content-layout":"default","site-content-style":"default","site-sidebar-style":"default","ast-global-header-display":"","ast-banner-title-visibility":"","ast-main-header-display":"","ast-hfb-above-header-display":"","ast-hfb-below-header-display":"","ast-hfb-mobile-header-display":"","site-post-title":"","ast-breadcrumbs-content":"","ast-featured-img":"","footer-sml-layout":"","ast-disable-related-posts":"","theme-transparent-header-meta":"default","adv-header-id-meta":"","stick-header-meta":"default","header-above-stick-meta":"","header-main-stick-meta":"","header-below-stick-meta":"","astra-migrate-meta-layouts":"default","ast-page-background-enabled":"default","ast-page-background-meta":{"desktop":{"background-color":"","background-image":"","background-repeat":"repeat","background-position":"center center","background-size":"auto","background-attachment":"scroll","background-type":"","background-media":"","overlay-type":"","overlay-color":"","overlay-opacity":"","overlay-gradient":""},"tablet":{"background-color":"","background-image":"","background-repeat":"repeat","background-position":"center center","background-size":"auto","background-attachment":"scroll","background-type":"","background-media":"","overlay-type":"","overlay-color":"","overlay-opacity":"","overlay-gradient":""},"mobile":{"background-color":"","background-image":"","background-repeat":"repeat","background-position":"center center","background-size":"auto","background-attachment":"scroll","background-type":"","background-media":"","overlay-type":"","overlay-color":"","overlay-opacity":"","overlay-gradient":""}},"ast-content-background-meta":{"desktop":{"background-color":"var(--ast-global-color-5)","background-image":"","background-repeat":"repeat","background-position":"center center","background-size":"auto","background-attachment":"scroll","background-type":"","background-media":"","overlay-type":"","overlay-color":"","overlay-opacity":"","overlay-gradient":""},"tablet":{"background-color":"var(--ast-global-color-5)","background-image":"","background-repeat":"repeat","background-position":"center center","background-size":"auto","background-attachment":"scroll","background-type":"","background-media":"","overlay-type":"","overlay-color":"","overlay-opacity":"","overlay-gradient":""},"mobile":{"background-color":"var(--ast-global-color-5)","background-image":"","background-repeat":"repeat","background-position":"center center","background-size":"auto","background-attachment":"scroll","background-type":"","background-media":"","overlay-type":"","overlay-color":"","overlay-opacity":"","overlay-gradient":""}}},"product_brand":[],"product_cat":[49],"product_tag":[],"class_list":{"0":"post-169","1":"product","2":"type-product","3":"status-publish","4":"has-post-thumbnail","6":"product_cat-moto-poleas","7":"desktop-align-left","8":"tablet-align-left","9":"mobile-align-left","10":"ast-product-gallery-layout-horizontal-slider","11":"ast-product-gallery-with-no-image","12":"ast-product-tabs-layout-horizontal","14":"first","15":"instock","16":"shipping-taxable","17":"product-type-simple"},"yoast_head":"<!-- This site is optimized with the Yoast SEO plugin v27.0 - https:\/\/yoast.com\/product\/yoast-seo-wordpress\/ -->\n<title>Moto Polea Estandar - AD INDUSTRIAL<\/title>\n<meta name=\"robots\" content=\"index, follow, max-snippet:-1, max-image-preview:large, max-video-preview:-1\" \/>\n<link rel=\"canonical\" href=\"https:\/\/adindustrial.com\/en\/productos\/van-der-graaf\/moto-poleas\/moto-polea-estandar\/\" \/>\n<meta property=\"og:locale\" content=\"en_US\" \/>\n<meta property=\"og:type\" content=\"article\" \/>\n<meta property=\"og:title\" content=\"Moto Polea Estandar - AD INDUSTRIAL\" \/>\n<meta property=\"og:description\" content=\"Beneficios   Eficiencia mec\u00e1nica del 96%, que permite ahorros de hasta un 30% en el consumo de energ\u00eda en comparaci\u00f3n con las unidades externas.  Virtualmente libre de mantenimiento, solo requiere cambio de aceite cada 50,000 horas de operaci\u00f3n.  Pueden operar con variador y no pierden torque hasta 1\/10 de la frecuencia nominal de 60HZ.  Sellado herm\u00e9tico que previene fugas e impide que los contaminantes afecten el motor.  Engranes de acero de alta aleaci\u00f3n. Cortados con precisi\u00f3n, templados y afilados, lo que reduce los niveles de ruido al m\u00ednimo. Todos los componentes son de hierro para soportar mayores niveles de tensi\u00f3n.  Motores el\u00e9ctricos embobinados al vac\u00edo, en alta presi\u00f3n y sumergidos en pol\u00edmero (VPI), probados 100% y por encima de las normas NEMA.  El tambor puede tener recubrimientos y acabados muy diversos, manejar sprockets e incluso tener formas o aditamentos especiales, como cepillos, dientes, paletas para triturar o moler, forma c\u00f3nica para transportadores curvos, distintos di\u00e1metros para acomodar m\u00e1s de un tipo de banda al mismo tiempo, etc.  Disponible en los siguientes di\u00e1metros: 3.90&quot;, 4.50&quot;, 5.00&quot;, 5.43&quot;, 5.90&quot;, 6.50&quot;, 8.50&quot;, 12.50&quot;, 15.75&quot;, 19.69&quot; y hasta 39.37&quot;  Fabricada en acero al carb\u00f3n  Tapas pintadas de color naranja  Potencias desde 0.13 HP hasta 180 HP  Se ofrecen opcionalmente con sistema de engranes planetarios para incrementar el torque.  Caja de conexi\u00f3n puede ser reemplazada por cable  Largos est\u00e1ndar para todos los modelos, pero tambi\u00e9n puede fabricarse en el largo exacto que se requiera.  Dise\u00f1ada para operar con bandas transportadoras por fricci\u00f3n  Superficie del tambor con o sin dibujo  Recubrimientos disponibles de hule y uretano.\" \/>\n<meta property=\"og:url\" content=\"https:\/\/adindustrial.com\/en\/productos\/van-der-graaf\/moto-poleas\/moto-polea-estandar\/\" \/>\n<meta property=\"og:site_name\" content=\"AD INDUSTRIAL\" \/>\n<meta property=\"article:modified_time\" content=\"2021-03-18T00:11:32+00:00\" \/>\n<meta property=\"og:image\" content=\"https:\/\/adindustrial.com\/wp-content\/uploads\/MP-estandar.jpg\" \/>\n\t<meta property=\"og:image:width\" content=\"350\" \/>\n\t<meta property=\"og:image:height\" content=\"250\" \/>\n\t<meta property=\"og:image:type\" content=\"image\/jpeg\" \/>\n<meta name=\"twitter:card\" content=\"summary_large_image\" \/>\n<script type=\"application\/ld+json\" class=\"yoast-schema-graph\">{\"@context\":\"https:\/\/schema.org\",\"@graph\":[{\"@type\":\"WebPage\",\"@id\":\"https:\/\/adindustrial.com\/productos\/van-der-graaf\/moto-poleas\/moto-polea-estandar\/\",\"url\":\"https:\/\/adindustrial.com\/productos\/van-der-graaf\/moto-poleas\/moto-polea-estandar\/\",\"name\":\"Moto Polea Estandar - AD INDUSTRIAL\",\"isPartOf\":{\"@id\":\"https:\/\/adindustrial.com\/#website\"},\"primaryImageOfPage\":{\"@id\":\"https:\/\/adindustrial.com\/productos\/van-der-graaf\/moto-poleas\/moto-polea-estandar\/#primaryimage\"},\"image\":{\"@id\":\"https:\/\/adindustrial.com\/productos\/van-der-graaf\/moto-poleas\/moto-polea-estandar\/#primaryimage\"},\"thumbnailUrl\":\"https:\/\/adindustrial.com\/wp-content\/uploads\/MP-estandar.jpg\",\"datePublished\":\"2021-03-12T04:18:20+00:00\",\"dateModified\":\"2021-03-18T00:11:32+00:00\",\"breadcrumb\":{\"@id\":\"https:\/\/adindustrial.com\/productos\/van-der-graaf\/moto-poleas\/moto-polea-estandar\/#breadcrumb\"},\"inLanguage\":\"en-US\",\"potentialAction\":[{\"@type\":\"ReadAction\",\"target\":[\"https:\/\/adindustrial.com\/productos\/van-der-graaf\/moto-poleas\/moto-polea-estandar\/\"]}]},{\"@type\":\"ImageObject\",\"inLanguage\":\"en-US\",\"@id\":\"https:\/\/adindustrial.com\/productos\/van-der-graaf\/moto-poleas\/moto-polea-estandar\/#primaryimage\",\"url\":\"https:\/\/adindustrial.com\/wp-content\/uploads\/MP-estandar.jpg\",\"contentUrl\":\"https:\/\/adindustrial.com\/wp-content\/uploads\/MP-estandar.jpg\",\"width\":350,\"height\":250},{\"@type\":\"BreadcrumbList\",\"@id\":\"https:\/\/adindustrial.com\/productos\/van-der-graaf\/moto-poleas\/moto-polea-estandar\/#breadcrumb\",\"itemListElement\":[{\"@type\":\"ListItem\",\"position\":1,\"name\":\"Inicio\",\"item\":\"https:\/\/adindustrial.com\/\"},{\"@type\":\"ListItem\",\"position\":2,\"name\":\"Productos\",\"item\":\"https:\/\/adindustrial.com\/productos\/\"},{\"@type\":\"ListItem\",\"position\":3,\"name\":\"Moto Polea Estandar\"}]},{\"@type\":\"WebSite\",\"@id\":\"https:\/\/adindustrial.com\/#website\",\"url\":\"https:\/\/adindustrial.com\/\",\"name\":\"AD INDUSTRIAL\",\"description\":\"Industria en movimiento\",\"publisher\":{\"@id\":\"https:\/\/adindustrial.com\/#organization\"},\"potentialAction\":[{\"@type\":\"SearchAction\",\"target\":{\"@type\":\"EntryPoint\",\"urlTemplate\":\"https:\/\/adindustrial.com\/?s={search_term_string}\"},\"query-input\":{\"@type\":\"PropertyValueSpecification\",\"valueRequired\":true,\"valueName\":\"search_term_string\"}}],\"inLanguage\":\"en-US\"},{\"@type\":\"Organization\",\"@id\":\"https:\/\/adindustrial.com\/#organization\",\"name\":\"Ad Industrial S.A. de C.V.\",\"url\":\"https:\/\/adindustrial.com\/\",\"logo\":{\"@type\":\"ImageObject\",\"inLanguage\":\"en-US\",\"@id\":\"https:\/\/adindustrial.com\/#\/schema\/logo\/image\/\",\"url\":\"https:\/\/adindustrial.com\/wp-content\/uploads\/2021\/03\/ADIndustrial-logo.png\",\"contentUrl\":\"https:\/\/adindustrial.com\/wp-content\/uploads\/2021\/03\/ADIndustrial-logo.png\",\"width\":1000,\"height\":265,\"caption\":\"Ad Industrial S.A. de C.V.\"},\"image\":{\"@id\":\"https:\/\/adindustrial.com\/#\/schema\/logo\/image\/\"}}]}<\/script>\n<!-- \/ Yoast SEO plugin. -->","yoast_head_json":{"title":"Moto Polea Estandar - AD INDUSTRIAL","robots":{"index":"index","follow":"follow","max-snippet":"max-snippet:-1","max-image-preview":"max-image-preview:large","max-video-preview":"max-video-preview:-1"},"canonical":"https:\/\/adindustrial.com\/en\/productos\/van-der-graaf\/moto-poleas\/moto-polea-estandar\/","og_locale":"en_US","og_type":"article","og_title":"Moto Polea Estandar - AD INDUSTRIAL","og_description":"Beneficios   Eficiencia mec\u00e1nica del 96%, que permite ahorros de hasta un 30% en el consumo de energ\u00eda en comparaci\u00f3n con las unidades externas.  Virtualmente libre de mantenimiento, solo requiere cambio de aceite cada 50,000 horas de operaci\u00f3n.  Pueden operar con variador y no pierden torque hasta 1\/10 de la frecuencia nominal de 60HZ.  Sellado herm\u00e9tico que previene fugas e impide que los contaminantes afecten el motor.  Engranes de acero de alta aleaci\u00f3n. Cortados con precisi\u00f3n, templados y afilados, lo que reduce los niveles de ruido al m\u00ednimo. Todos los componentes son de hierro para soportar mayores niveles de tensi\u00f3n.  Motores el\u00e9ctricos embobinados al vac\u00edo, en alta presi\u00f3n y sumergidos en pol\u00edmero (VPI), probados 100% y por encima de las normas NEMA.  El tambor puede tener recubrimientos y acabados muy diversos, manejar sprockets e incluso tener formas o aditamentos especiales, como cepillos, dientes, paletas para triturar o moler, forma c\u00f3nica para transportadores curvos, distintos di\u00e1metros para acomodar m\u00e1s de un tipo de banda al mismo tiempo, etc.  Disponible en los siguientes di\u00e1metros: 3.90\", 4.50\", 5.00\", 5.43\", 5.90\", 6.50\", 8.50\", 12.50\", 15.75\", 19.69\" y hasta 39.37\"  Fabricada en acero al carb\u00f3n  Tapas pintadas de color naranja  Potencias desde 0.13 HP hasta 180 HP  Se ofrecen opcionalmente con sistema de engranes planetarios para incrementar el torque.  Caja de conexi\u00f3n puede ser reemplazada por cable  Largos est\u00e1ndar para todos los modelos, pero tambi\u00e9n puede fabricarse en el largo exacto que se requiera.  Dise\u00f1ada para operar con bandas transportadoras por fricci\u00f3n  Superficie del tambor con o sin dibujo  Recubrimientos disponibles de hule y uretano.","og_url":"https:\/\/adindustrial.com\/en\/productos\/van-der-graaf\/moto-poleas\/moto-polea-estandar\/","og_site_name":"AD INDUSTRIAL","article_modified_time":"2021-03-18T00:11:32+00:00","og_image":[{"width":350,"height":250,"url":"https:\/\/adindustrial.com\/wp-content\/uploads\/MP-estandar.jpg","type":"image\/jpeg"}],"twitter_card":"summary_large_image","schema":{"@context":"https:\/\/schema.org","@graph":[{"@type":"WebPage","@id":"https:\/\/adindustrial.com\/productos\/van-der-graaf\/moto-poleas\/moto-polea-estandar\/","url":"https:\/\/adindustrial.com\/productos\/van-der-graaf\/moto-poleas\/moto-polea-estandar\/","name":"Moto Polea Estandar - AD INDUSTRIAL","isPartOf":{"@id":"https:\/\/adindustrial.com\/#website"},"primaryImageOfPage":{"@id":"https:\/\/adindustrial.com\/productos\/van-der-graaf\/moto-poleas\/moto-polea-estandar\/#primaryimage"},"image":{"@id":"https:\/\/adindustrial.com\/productos\/van-der-graaf\/moto-poleas\/moto-polea-estandar\/#primaryimage"},"thumbnailUrl":"https:\/\/adindustrial.com\/wp-content\/uploads\/MP-estandar.jpg","datePublished":"2021-03-12T04:18:20+00:00","dateModified":"2021-03-18T00:11:32+00:00","breadcrumb":{"@id":"https:\/\/adindustrial.com\/productos\/van-der-graaf\/moto-poleas\/moto-polea-estandar\/#breadcrumb"},"inLanguage":"en-US","potentialAction":[{"@type":"ReadAction","target":["https:\/\/adindustrial.com\/productos\/van-der-graaf\/moto-poleas\/moto-polea-estandar\/"]}]},{"@type":"ImageObject","inLanguage":"en-US","@id":"https:\/\/adindustrial.com\/productos\/van-der-graaf\/moto-poleas\/moto-polea-estandar\/#primaryimage","url":"https:\/\/adindustrial.com\/wp-content\/uploads\/MP-estandar.jpg","contentUrl":"https:\/\/adindustrial.com\/wp-content\/uploads\/MP-estandar.jpg","width":350,"height":250},{"@type":"BreadcrumbList","@id":"https:\/\/adindustrial.com\/productos\/van-der-graaf\/moto-poleas\/moto-polea-estandar\/#breadcrumb","itemListElement":[{"@type":"ListItem","position":1,"name":"Inicio","item":"https:\/\/adindustrial.com\/"},{"@type":"ListItem","position":2,"name":"Productos","item":"https:\/\/adindustrial.com\/productos\/"},{"@type":"ListItem","position":3,"name":"Moto Polea Estandar"}]},{"@type":"WebSite","@id":"https:\/\/adindustrial.com\/#website","url":"https:\/\/adindustrial.com\/","name":"AD INDUSTRIAL","description":"Industria en movimiento","publisher":{"@id":"https:\/\/adindustrial.com\/#organization"},"potentialAction":[{"@type":"SearchAction","target":{"@type":"EntryPoint","urlTemplate":"https:\/\/adindustrial.com\/?s={search_term_string}"},"query-input":{"@type":"PropertyValueSpecification","valueRequired":true,"valueName":"search_term_string"}}],"inLanguage":"en-US"},{"@type":"Organization","@id":"https:\/\/adindustrial.com\/#organization","name":"Ad Industrial S.A. de C.V.","url":"https:\/\/adindustrial.com\/","logo":{"@type":"ImageObject","inLanguage":"en-US","@id":"https:\/\/adindustrial.com\/#\/schema\/logo\/image\/","url":"https:\/\/adindustrial.com\/wp-content\/uploads\/2021\/03\/ADIndustrial-logo.png","contentUrl":"https:\/\/adindustrial.com\/wp-content\/uploads\/2021\/03\/ADIndustrial-logo.png","width":1000,"height":265,"caption":"Ad Industrial S.A. de C.V."},"image":{"@id":"https:\/\/adindustrial.com\/#\/schema\/logo\/image\/"}}]}},"_links":{"self":[{"href":"https:\/\/adindustrial.com\/en\/wp-json\/wp\/v2\/product\/169","targetHints":{"allow":["GET"]}}],"collection":[{"href":"https:\/\/adindustrial.com\/en\/wp-json\/wp\/v2\/product"}],"about":[{"href":"https:\/\/adindustrial.com\/en\/wp-json\/wp\/v2\/types\/product"}],"replies":[{"embeddable":true,"href":"https:\/\/adindustrial.com\/en\/wp-json\/wp\/v2\/comments?post=169"}],"version-history":[{"count":0,"href":"https:\/\/adindustrial.com\/en\/wp-json\/wp\/v2\/product\/169\/revisions"}],"wp:featuredmedia":[{"embeddable":true,"href":"https:\/\/adindustrial.com\/en\/wp-json\/wp\/v2\/media\/406"}],"wp:attachment":[{"href":"https:\/\/adindustrial.com\/en\/wp-json\/wp\/v2\/media?parent=169"}],"wp:term":[{"taxonomy":"product_brand","embeddable":true,"href":"https:\/\/adindustrial.com\/en\/wp-json\/wp\/v2\/product_brand?post=169"},{"taxonomy":"product_cat","embeddable":true,"href":"https:\/\/adindustrial.com\/en\/wp-json\/wp\/v2\/product_cat?post=169"},{"taxonomy":"product_tag","embeddable":true,"href":"https:\/\/adindustrial.com\/en\/wp-json\/wp\/v2\/product_tag?post=169"}],"curies":[{"name":"wp","href":"https:\/\/api.w.org\/{rel}","templated":true}]}}