{"id":1677,"date":"2023-01-18T22:55:08","date_gmt":"2023-01-19T04:55:08","guid":{"rendered":"https:\/\/adindustrial.com\/?post_type=product&#038;p=1677"},"modified":"2023-03-09T11:53:00","modified_gmt":"2023-03-09T17:53:00","slug":"pulsarlube-plc","status":"publish","type":"product","link":"https:\/\/adindustrial.com\/en\/productos\/pulsarlube\/sistemas-de-lubricacion\/electromecanicos\/pulsarlube-plc\/","title":{"rendered":"Pulsarlube PLC"},"content":{"rendered":"<div data-elementor-type=\"product-post\" data-elementor-id=\"1677\" class=\"elementor elementor-1677\" data-elementor-post-type=\"product\">\n\t\t\t\t\t\t<section class=\"elementor-section elementor-top-section elementor-element elementor-element-af0f578 elementor-section-boxed elementor-section-height-default elementor-section-height-default\" data-id=\"af0f578\" data-element_type=\"section\" data-e-type=\"section\">\n\t\t\t\t\t\t<div class=\"elementor-container elementor-column-gap-default\">\n\t\t\t\t\t<div class=\"elementor-column elementor-col-100 elementor-top-column elementor-element elementor-element-ee6c208\" data-id=\"ee6c208\" data-element_type=\"column\" data-e-type=\"column\">\n\t\t\t<div class=\"elementor-widget-wrap elementor-element-populated\">\n\t\t\t\t\t\t<div class=\"elementor-element elementor-element-6c647e5 elementor-align-justify elementor-widget elementor-widget-button\" data-id=\"6c647e5\" data-element_type=\"widget\" data-e-type=\"widget\" data-widget_type=\"button.default\">\n\t\t\t\t<div class=\"elementor-widget-container\">\n\t\t\t\t\t\t\t\t\t<div class=\"elementor-button-wrapper\">\n\t\t\t\t\t<a class=\"elementor-button elementor-button-link elementor-size-sm\" href=\"https:\/\/adindustrial.com\/en\/pulsarlube\/service-packs-y-kits-de-instalacion\/\" target=\"_blank\">\n\t\t\t\t\t\t<span class=\"elementor-button-content-wrapper\">\n\t\t\t\t\t\t\t\t\t<span class=\"elementor-button-text\">Available with Service Pack<\/span>\n\t\t\t\t\t<\/span>\n\t\t\t\t\t<\/a>\n\t\t\t\t<\/div>\n\t\t\t\t\t\t\t\t<\/div>\n\t\t\t\t<\/div>\n\t\t\t\t\t<\/div>\n\t\t<\/div>\n\t\t\t\t\t<\/div>\n\t\t<\/section>\n\t\t\t\t<section class=\"elementor-section elementor-top-section elementor-element elementor-element-7333f9a elementor-section-boxed elementor-section-height-default elementor-section-height-default\" data-id=\"7333f9a\" data-element_type=\"section\" data-e-type=\"section\">\n\t\t\t\t\t\t<div class=\"elementor-container elementor-column-gap-default\">\n\t\t\t\t\t<div class=\"elementor-column elementor-col-100 elementor-top-column elementor-element elementor-element-bd8b9a0\" data-id=\"bd8b9a0\" data-element_type=\"column\" data-e-type=\"column\">\n\t\t\t<div class=\"elementor-widget-wrap elementor-element-populated\">\n\t\t\t\t\t\t<div class=\"elementor-element elementor-element-fac2686 elementor-align-justify elementor-widget elementor-widget-button\" data-id=\"fac2686\" data-element_type=\"widget\" data-e-type=\"widget\" data-widget_type=\"button.default\">\n\t\t\t\t<div class=\"elementor-widget-container\">\n\t\t\t\t\t\t\t\t\t<div class=\"elementor-button-wrapper\">\n\t\t\t\t\t<a class=\"elementor-button elementor-button-link elementor-size-sm\" href=\"https:\/\/adindustrial.com\/en\/?attachment_id=1782\" target=\"_blank\">\n\t\t\t\t\t\t<span class=\"elementor-button-content-wrapper\">\n\t\t\t\t\t\t\t\t\t<span class=\"elementor-button-text\">Download the flyer<\/span>\n\t\t\t\t\t<\/span>\n\t\t\t\t\t<\/a>\n\t\t\t\t<\/div>\n\t\t\t\t\t\t\t\t<\/div>\n\t\t\t\t<\/div>\n\t\t\t\t\t<\/div>\n\t\t<\/div>\n\t\t\t\t\t<\/div>\n\t\t<\/section>\n\t\t\t\t<section class=\"elementor-section elementor-top-section elementor-element elementor-element-12ffd86 elementor-section-boxed elementor-section-height-default elementor-section-height-default\" data-id=\"12ffd86\" data-element_type=\"section\" data-e-type=\"section\">\n\t\t\t\t\t\t<div class=\"elementor-container elementor-column-gap-default\">\n\t\t\t\t\t<div class=\"elementor-column elementor-col-50 elementor-top-column elementor-element elementor-element-c537314\" data-id=\"c537314\" data-element_type=\"column\" data-e-type=\"column\">\n\t\t\t<div class=\"elementor-widget-wrap elementor-element-populated\">\n\t\t\t\t\t\t<div class=\"elementor-element elementor-element-f7ee324 elementor-align-justify elementor-widget elementor-widget-button\" data-id=\"f7ee324\" data-element_type=\"widget\" data-e-type=\"widget\" data-widget_type=\"button.default\">\n\t\t\t\t<div class=\"elementor-widget-container\">\n\t\t\t\t\t\t\t\t\t<div class=\"elementor-button-wrapper\">\n\t\t\t\t\t<a class=\"elementor-button elementor-button-link elementor-size-sm\" href=\"https:\/\/adindustrial.com\/en\/?attachment_id=1780\" target=\"_blank\">\n\t\t\t\t\t\t<span class=\"elementor-button-content-wrapper\">\n\t\t\t\t\t\t\t\t\t<span class=\"elementor-button-text\">Download the user manual PNP<\/span>\n\t\t\t\t\t<\/span>\n\t\t\t\t\t<\/a>\n\t\t\t\t<\/div>\n\t\t\t\t\t\t\t\t<\/div>\n\t\t\t\t<\/div>\n\t\t\t\t\t<\/div>\n\t\t<\/div>\n\t\t\t\t<div class=\"elementor-column elementor-col-50 elementor-top-column elementor-element elementor-element-98c3715\" data-id=\"98c3715\" data-element_type=\"column\" data-e-type=\"column\">\n\t\t\t<div class=\"elementor-widget-wrap elementor-element-populated\">\n\t\t\t\t\t\t<div class=\"elementor-element elementor-element-6c00e80 elementor-align-justify elementor-widget elementor-widget-button\" data-id=\"6c00e80\" data-element_type=\"widget\" data-e-type=\"widget\" data-widget_type=\"button.default\">\n\t\t\t\t<div class=\"elementor-widget-container\">\n\t\t\t\t\t\t\t\t\t<div class=\"elementor-button-wrapper\">\n\t\t\t\t\t<a class=\"elementor-button elementor-button-link elementor-size-sm\" href=\"https:\/\/adindustrial.com\/en\/?attachment_id=1781\" target=\"_blank\">\n\t\t\t\t\t\t<span class=\"elementor-button-content-wrapper\">\n\t\t\t\t\t\t\t\t\t<span class=\"elementor-button-text\">Download the user manual NPN<\/span>\n\t\t\t\t\t<\/span>\n\t\t\t\t\t<\/a>\n\t\t\t\t<\/div>\n\t\t\t\t\t\t\t\t<\/div>\n\t\t\t\t<\/div>\n\t\t\t\t\t<\/div>\n\t\t<\/div>\n\t\t\t\t\t<\/div>\n\t\t<\/section>\n\t\t\t\t<\/div>","protected":false},"excerpt":{"rendered":"<p><strong>SERIES\u00a0PLC60<\/strong> :\u00d891mm(3.60&#8243;) x 181mm(7.13&#8243;) (H)<\/p>\n<p>El lubricador de grasa autom\u00e1tico electromec\u00e1nico Pulsarlube PLC est\u00e1 especialmente dise\u00f1ado para integrarse completamente y sincronizarse con un sistema PLC.\u00a0 Este sistema ofrece dos tipos de lubricador PLC, Mes e Intervalo para una gama m\u00e1s amplia de uso.<\/p>\n<p>Para el tipo Mes, el intervalo de dosificaci\u00f3n se calcula en funci\u00f3n del lubricador y se descarga solo cuando la m\u00e1quina est\u00e1 en funcionamiento.<\/p>\n<p>Para el tipo de intervalo, el intervalo de dosificaci\u00f3n se calcula mediante PLC y proporciona los modos selectivos para descargar una cantidad de lubricante predefinida. Pulsarlube PLC es ideal para lubricar una amplia variedad de robots, transportadores, rodamientos de rodillos, sellos de ejes de motores, generadores, bombas, ventiladores y muchos otros sistemas de gu\u00edas lineales. En caso de mal funcionamiento, permite al usuario administrar y obtener los datos necesarios del lubricador de forma remota desde una unidad de control central (panel PLC) sin tener que ir al sitio.<\/p>","protected":false},"featured_media":1785,"comment_status":"open","ping_status":"closed","template":"","meta":{"site-sidebar-layout":"no-sidebar","site-content-layout":"page-builder","ast-site-content-layout":"default","site-content-style":"default","site-sidebar-style":"default","ast-global-header-display":"","ast-banner-title-visibility":"","ast-main-header-display":"","ast-hfb-above-header-display":"","ast-hfb-below-header-display":"","ast-hfb-mobile-header-display":"","site-post-title":"disabled","ast-breadcrumbs-content":"","ast-featured-img":"disabled","footer-sml-layout":"","ast-disable-related-posts":"","theme-transparent-header-meta":"default","adv-header-id-meta":"","stick-header-meta":"default","header-above-stick-meta":"","header-main-stick-meta":"","header-below-stick-meta":"","astra-migrate-meta-layouts":"default","ast-page-background-enabled":"default","ast-page-background-meta":{"desktop":{"background-color":"","background-image":"","background-repeat":"repeat","background-position":"center center","background-size":"auto","background-attachment":"scroll","background-type":"","background-media":"","overlay-type":"","overlay-color":"","overlay-opacity":"","overlay-gradient":""},"tablet":{"background-color":"","background-image":"","background-repeat":"repeat","background-position":"center center","background-size":"auto","background-attachment":"scroll","background-type":"","background-media":"","overlay-type":"","overlay-color":"","overlay-opacity":"","overlay-gradient":""},"mobile":{"background-color":"","background-image":"","background-repeat":"repeat","background-position":"center center","background-size":"auto","background-attachment":"scroll","background-type":"","background-media":"","overlay-type":"","overlay-color":"","overlay-opacity":"","overlay-gradient":""}},"ast-content-background-meta":{"desktop":{"background-color":"var(--ast-global-color-5)","background-image":"","background-repeat":"repeat","background-position":"center center","background-size":"auto","background-attachment":"scroll","background-type":"","background-media":"","overlay-type":"","overlay-color":"","overlay-opacity":"","overlay-gradient":""},"tablet":{"background-color":"var(--ast-global-color-5)","background-image":"","background-repeat":"repeat","background-position":"center center","background-size":"auto","background-attachment":"scroll","background-type":"","background-media":"","overlay-type":"","overlay-color":"","overlay-opacity":"","overlay-gradient":""},"mobile":{"background-color":"var(--ast-global-color-5)","background-image":"","background-repeat":"repeat","background-position":"center center","background-size":"auto","background-attachment":"scroll","background-type":"","background-media":"","overlay-type":"","overlay-color":"","overlay-opacity":"","overlay-gradient":""}}},"product_brand":[],"product_cat":[85,83],"product_tag":[],"class_list":{"0":"post-1677","1":"product","2":"type-product","3":"status-publish","4":"has-post-thumbnail","6":"product_cat-electromecanicos","7":"product_cat-pulsarlube","8":"desktop-align-left","9":"tablet-align-left","10":"mobile-align-left","11":"ast-product-gallery-layout-horizontal-slider","12":"ast-product-tabs-layout-horizontal","14":"first","15":"instock","16":"shipping-taxable","17":"product-type-simple"},"yoast_head":"<!-- This site is optimized with the Yoast SEO plugin v27.0 - https:\/\/yoast.com\/product\/yoast-seo-wordpress\/ -->\n<title>Pulsarlube PLC - AD INDUSTRIAL<\/title>\n<meta name=\"robots\" content=\"index, follow, max-snippet:-1, max-image-preview:large, max-video-preview:-1\" \/>\n<link rel=\"canonical\" href=\"https:\/\/adindustrial.com\/en\/productos\/pulsarlube\/sistemas-de-lubricacion\/electromecanicos\/pulsarlube-plc\/\" \/>\n<meta property=\"og:locale\" content=\"en_US\" \/>\n<meta property=\"og:type\" content=\"article\" \/>\n<meta property=\"og:title\" content=\"Pulsarlube PLC - AD INDUSTRIAL\" \/>\n<meta property=\"og:description\" content=\"SERIES\u00a0PLC60 :\u00d891mm(3.60&quot;) x 181mm(7.13&quot;) (H)  El lubricador de grasa autom\u00e1tico electromec\u00e1nico Pulsarlube PLC est\u00e1 especialmente dise\u00f1ado para integrarse completamente y sincronizarse con un sistema PLC.\u00a0 Este sistema ofrece dos tipos de lubricador PLC, Mes e Intervalo para una gama m\u00e1s amplia de uso.  Para el tipo Mes, el intervalo de dosificaci\u00f3n se calcula en funci\u00f3n del lubricador y se descarga solo cuando la m\u00e1quina est\u00e1 en funcionamiento.  Para el tipo de intervalo, el intervalo de dosificaci\u00f3n se calcula mediante PLC y proporciona los modos selectivos para descargar una cantidad de lubricante predefinida. Pulsarlube PLC es ideal para lubricar una amplia variedad de robots, transportadores, rodamientos de rodillos, sellos de ejes de motores, generadores, bombas, ventiladores y muchos otros sistemas de gu\u00edas lineales. En caso de mal funcionamiento, permite al usuario administrar y obtener los datos necesarios del lubricador de forma remota desde una unidad de control central (panel PLC) sin tener que ir al sitio.\" \/>\n<meta property=\"og:url\" content=\"https:\/\/adindustrial.com\/en\/productos\/pulsarlube\/sistemas-de-lubricacion\/electromecanicos\/pulsarlube-plc\/\" \/>\n<meta property=\"og:site_name\" content=\"AD INDUSTRIAL\" \/>\n<meta property=\"article:modified_time\" content=\"2023-03-09T17:53:00+00:00\" \/>\n<meta property=\"og:image\" content=\"https:\/\/adindustrial.com\/wp-content\/uploads\/PulsarlubePLC.jpeg\" \/>\n\t<meta property=\"og:image:width\" content=\"614\" \/>\n\t<meta property=\"og:image:height\" content=\"409\" \/>\n\t<meta property=\"og:image:type\" content=\"image\/jpeg\" \/>\n<meta name=\"twitter:card\" content=\"summary_large_image\" \/>\n<script type=\"application\/ld+json\" class=\"yoast-schema-graph\">{\"@context\":\"https:\/\/schema.org\",\"@graph\":[{\"@type\":\"WebPage\",\"@id\":\"https:\/\/adindustrial.com\/productos\/pulsarlube\/sistemas-de-lubricacion\/electromecanicos\/pulsarlube-plc\/\",\"url\":\"https:\/\/adindustrial.com\/productos\/pulsarlube\/sistemas-de-lubricacion\/electromecanicos\/pulsarlube-plc\/\",\"name\":\"Pulsarlube PLC - AD INDUSTRIAL\",\"isPartOf\":{\"@id\":\"https:\/\/adindustrial.com\/#website\"},\"primaryImageOfPage\":{\"@id\":\"https:\/\/adindustrial.com\/productos\/pulsarlube\/sistemas-de-lubricacion\/electromecanicos\/pulsarlube-plc\/#primaryimage\"},\"image\":{\"@id\":\"https:\/\/adindustrial.com\/productos\/pulsarlube\/sistemas-de-lubricacion\/electromecanicos\/pulsarlube-plc\/#primaryimage\"},\"thumbnailUrl\":\"https:\/\/adindustrial.com\/wp-content\/uploads\/PulsarlubePLC.jpeg\",\"datePublished\":\"2023-01-19T04:55:08+00:00\",\"dateModified\":\"2023-03-09T17:53:00+00:00\",\"breadcrumb\":{\"@id\":\"https:\/\/adindustrial.com\/productos\/pulsarlube\/sistemas-de-lubricacion\/electromecanicos\/pulsarlube-plc\/#breadcrumb\"},\"inLanguage\":\"en-US\",\"potentialAction\":[{\"@type\":\"ReadAction\",\"target\":[\"https:\/\/adindustrial.com\/productos\/pulsarlube\/sistemas-de-lubricacion\/electromecanicos\/pulsarlube-plc\/\"]}]},{\"@type\":\"ImageObject\",\"inLanguage\":\"en-US\",\"@id\":\"https:\/\/adindustrial.com\/productos\/pulsarlube\/sistemas-de-lubricacion\/electromecanicos\/pulsarlube-plc\/#primaryimage\",\"url\":\"https:\/\/adindustrial.com\/wp-content\/uploads\/PulsarlubePLC.jpeg\",\"contentUrl\":\"https:\/\/adindustrial.com\/wp-content\/uploads\/PulsarlubePLC.jpeg\",\"width\":614,\"height\":409},{\"@type\":\"BreadcrumbList\",\"@id\":\"https:\/\/adindustrial.com\/productos\/pulsarlube\/sistemas-de-lubricacion\/electromecanicos\/pulsarlube-plc\/#breadcrumb\",\"itemListElement\":[{\"@type\":\"ListItem\",\"position\":1,\"name\":\"Inicio\",\"item\":\"https:\/\/adindustrial.com\/\"},{\"@type\":\"ListItem\",\"position\":2,\"name\":\"Productos\",\"item\":\"https:\/\/adindustrial.com\/productos\/\"},{\"@type\":\"ListItem\",\"position\":3,\"name\":\"Pulsarlube PLC\"}]},{\"@type\":\"WebSite\",\"@id\":\"https:\/\/adindustrial.com\/#website\",\"url\":\"https:\/\/adindustrial.com\/\",\"name\":\"AD INDUSTRIAL\",\"description\":\"Industria en movimiento\",\"publisher\":{\"@id\":\"https:\/\/adindustrial.com\/#organization\"},\"potentialAction\":[{\"@type\":\"SearchAction\",\"target\":{\"@type\":\"EntryPoint\",\"urlTemplate\":\"https:\/\/adindustrial.com\/?s={search_term_string}\"},\"query-input\":{\"@type\":\"PropertyValueSpecification\",\"valueRequired\":true,\"valueName\":\"search_term_string\"}}],\"inLanguage\":\"en-US\"},{\"@type\":\"Organization\",\"@id\":\"https:\/\/adindustrial.com\/#organization\",\"name\":\"Ad Industrial S.A. de C.V.\",\"url\":\"https:\/\/adindustrial.com\/\",\"logo\":{\"@type\":\"ImageObject\",\"inLanguage\":\"en-US\",\"@id\":\"https:\/\/adindustrial.com\/#\/schema\/logo\/image\/\",\"url\":\"https:\/\/adindustrial.com\/wp-content\/uploads\/2021\/03\/ADIndustrial-logo.png\",\"contentUrl\":\"https:\/\/adindustrial.com\/wp-content\/uploads\/2021\/03\/ADIndustrial-logo.png\",\"width\":1000,\"height\":265,\"caption\":\"Ad Industrial S.A. de C.V.\"},\"image\":{\"@id\":\"https:\/\/adindustrial.com\/#\/schema\/logo\/image\/\"}}]}<\/script>\n<!-- \/ Yoast SEO plugin. -->","yoast_head_json":{"title":"Pulsarlube PLC - AD INDUSTRIAL","robots":{"index":"index","follow":"follow","max-snippet":"max-snippet:-1","max-image-preview":"max-image-preview:large","max-video-preview":"max-video-preview:-1"},"canonical":"https:\/\/adindustrial.com\/en\/productos\/pulsarlube\/sistemas-de-lubricacion\/electromecanicos\/pulsarlube-plc\/","og_locale":"en_US","og_type":"article","og_title":"Pulsarlube PLC - AD INDUSTRIAL","og_description":"SERIES\u00a0PLC60 :\u00d891mm(3.60\") x 181mm(7.13\") (H)  El lubricador de grasa autom\u00e1tico electromec\u00e1nico Pulsarlube PLC est\u00e1 especialmente dise\u00f1ado para integrarse completamente y sincronizarse con un sistema PLC.\u00a0 Este sistema ofrece dos tipos de lubricador PLC, Mes e Intervalo para una gama m\u00e1s amplia de uso.  Para el tipo Mes, el intervalo de dosificaci\u00f3n se calcula en funci\u00f3n del lubricador y se descarga solo cuando la m\u00e1quina est\u00e1 en funcionamiento.  Para el tipo de intervalo, el intervalo de dosificaci\u00f3n se calcula mediante PLC y proporciona los modos selectivos para descargar una cantidad de lubricante predefinida. Pulsarlube PLC es ideal para lubricar una amplia variedad de robots, transportadores, rodamientos de rodillos, sellos de ejes de motores, generadores, bombas, ventiladores y muchos otros sistemas de gu\u00edas lineales. En caso de mal funcionamiento, permite al usuario administrar y obtener los datos necesarios del lubricador de forma remota desde una unidad de control central (panel PLC) sin tener que ir al sitio.","og_url":"https:\/\/adindustrial.com\/en\/productos\/pulsarlube\/sistemas-de-lubricacion\/electromecanicos\/pulsarlube-plc\/","og_site_name":"AD INDUSTRIAL","article_modified_time":"2023-03-09T17:53:00+00:00","og_image":[{"width":614,"height":409,"url":"https:\/\/adindustrial.com\/wp-content\/uploads\/PulsarlubePLC.jpeg","type":"image\/jpeg"}],"twitter_card":"summary_large_image","schema":{"@context":"https:\/\/schema.org","@graph":[{"@type":"WebPage","@id":"https:\/\/adindustrial.com\/productos\/pulsarlube\/sistemas-de-lubricacion\/electromecanicos\/pulsarlube-plc\/","url":"https:\/\/adindustrial.com\/productos\/pulsarlube\/sistemas-de-lubricacion\/electromecanicos\/pulsarlube-plc\/","name":"Pulsarlube PLC - AD INDUSTRIAL","isPartOf":{"@id":"https:\/\/adindustrial.com\/#website"},"primaryImageOfPage":{"@id":"https:\/\/adindustrial.com\/productos\/pulsarlube\/sistemas-de-lubricacion\/electromecanicos\/pulsarlube-plc\/#primaryimage"},"image":{"@id":"https:\/\/adindustrial.com\/productos\/pulsarlube\/sistemas-de-lubricacion\/electromecanicos\/pulsarlube-plc\/#primaryimage"},"thumbnailUrl":"https:\/\/adindustrial.com\/wp-content\/uploads\/PulsarlubePLC.jpeg","datePublished":"2023-01-19T04:55:08+00:00","dateModified":"2023-03-09T17:53:00+00:00","breadcrumb":{"@id":"https:\/\/adindustrial.com\/productos\/pulsarlube\/sistemas-de-lubricacion\/electromecanicos\/pulsarlube-plc\/#breadcrumb"},"inLanguage":"en-US","potentialAction":[{"@type":"ReadAction","target":["https:\/\/adindustrial.com\/productos\/pulsarlube\/sistemas-de-lubricacion\/electromecanicos\/pulsarlube-plc\/"]}]},{"@type":"ImageObject","inLanguage":"en-US","@id":"https:\/\/adindustrial.com\/productos\/pulsarlube\/sistemas-de-lubricacion\/electromecanicos\/pulsarlube-plc\/#primaryimage","url":"https:\/\/adindustrial.com\/wp-content\/uploads\/PulsarlubePLC.jpeg","contentUrl":"https:\/\/adindustrial.com\/wp-content\/uploads\/PulsarlubePLC.jpeg","width":614,"height":409},{"@type":"BreadcrumbList","@id":"https:\/\/adindustrial.com\/productos\/pulsarlube\/sistemas-de-lubricacion\/electromecanicos\/pulsarlube-plc\/#breadcrumb","itemListElement":[{"@type":"ListItem","position":1,"name":"Inicio","item":"https:\/\/adindustrial.com\/"},{"@type":"ListItem","position":2,"name":"Productos","item":"https:\/\/adindustrial.com\/productos\/"},{"@type":"ListItem","position":3,"name":"Pulsarlube PLC"}]},{"@type":"WebSite","@id":"https:\/\/adindustrial.com\/#website","url":"https:\/\/adindustrial.com\/","name":"AD INDUSTRIAL","description":"Industria en movimiento","publisher":{"@id":"https:\/\/adindustrial.com\/#organization"},"potentialAction":[{"@type":"SearchAction","target":{"@type":"EntryPoint","urlTemplate":"https:\/\/adindustrial.com\/?s={search_term_string}"},"query-input":{"@type":"PropertyValueSpecification","valueRequired":true,"valueName":"search_term_string"}}],"inLanguage":"en-US"},{"@type":"Organization","@id":"https:\/\/adindustrial.com\/#organization","name":"Ad Industrial S.A. de C.V.","url":"https:\/\/adindustrial.com\/","logo":{"@type":"ImageObject","inLanguage":"en-US","@id":"https:\/\/adindustrial.com\/#\/schema\/logo\/image\/","url":"https:\/\/adindustrial.com\/wp-content\/uploads\/2021\/03\/ADIndustrial-logo.png","contentUrl":"https:\/\/adindustrial.com\/wp-content\/uploads\/2021\/03\/ADIndustrial-logo.png","width":1000,"height":265,"caption":"Ad Industrial S.A. de C.V."},"image":{"@id":"https:\/\/adindustrial.com\/#\/schema\/logo\/image\/"}}]}},"_links":{"self":[{"href":"https:\/\/adindustrial.com\/en\/wp-json\/wp\/v2\/product\/1677","targetHints":{"allow":["GET"]}}],"collection":[{"href":"https:\/\/adindustrial.com\/en\/wp-json\/wp\/v2\/product"}],"about":[{"href":"https:\/\/adindustrial.com\/en\/wp-json\/wp\/v2\/types\/product"}],"replies":[{"embeddable":true,"href":"https:\/\/adindustrial.com\/en\/wp-json\/wp\/v2\/comments?post=1677"}],"version-history":[{"count":0,"href":"https:\/\/adindustrial.com\/en\/wp-json\/wp\/v2\/product\/1677\/revisions"}],"wp:featuredmedia":[{"embeddable":true,"href":"https:\/\/adindustrial.com\/en\/wp-json\/wp\/v2\/media\/1785"}],"wp:attachment":[{"href":"https:\/\/adindustrial.com\/en\/wp-json\/wp\/v2\/media?parent=1677"}],"wp:term":[{"taxonomy":"product_brand","embeddable":true,"href":"https:\/\/adindustrial.com\/en\/wp-json\/wp\/v2\/product_brand?post=1677"},{"taxonomy":"product_cat","embeddable":true,"href":"https:\/\/adindustrial.com\/en\/wp-json\/wp\/v2\/product_cat?post=1677"},{"taxonomy":"product_tag","embeddable":true,"href":"https:\/\/adindustrial.com\/en\/wp-json\/wp\/v2\/product_tag?post=1677"}],"curies":[{"name":"wp","href":"https:\/\/api.w.org\/{rel}","templated":true}]}}