{"id":1674,"date":"2023-01-18T22:55:04","date_gmt":"2023-01-19T04:55:04","guid":{"rendered":"https:\/\/adindustrial.com\/?post_type=product&#038;p=1674"},"modified":"2023-03-09T00:01:00","modified_gmt":"2023-03-09T06:01:00","slug":"pulsarlube-bt","status":"publish","type":"product","link":"https:\/\/adindustrial.com\/en\/productos\/pulsarlube\/sistemas-de-lubricacion\/electromecanicos\/pulsarlube-bt\/","title":{"rendered":"Pulsarlube BT"},"content":{"rendered":"<div data-elementor-type=\"product-post\" data-elementor-id=\"1674\" class=\"elementor elementor-1674\" data-elementor-post-type=\"product\">\n\t\t\t\t\t\t<section class=\"elementor-section elementor-top-section elementor-element elementor-element-094aa3e elementor-section-boxed elementor-section-height-default elementor-section-height-default\" data-id=\"094aa3e\" data-element_type=\"section\" data-e-type=\"section\">\n\t\t\t\t\t\t<div class=\"elementor-container elementor-column-gap-default\">\n\t\t\t\t\t<div class=\"elementor-column elementor-col-100 elementor-top-column elementor-element elementor-element-c18a963\" data-id=\"c18a963\" data-element_type=\"column\" data-e-type=\"column\">\n\t\t\t<div class=\"elementor-widget-wrap elementor-element-populated\">\n\t\t\t\t\t\t<div class=\"elementor-element elementor-element-60fa9c4 elementor-align-justify elementor-widget elementor-widget-button\" data-id=\"60fa9c4\" data-element_type=\"widget\" data-e-type=\"widget\" data-widget_type=\"button.default\">\n\t\t\t\t<div class=\"elementor-widget-container\">\n\t\t\t\t\t\t\t\t\t<div class=\"elementor-button-wrapper\">\n\t\t\t\t\t<a class=\"elementor-button elementor-button-link elementor-size-sm\" href=\"https:\/\/adindustrial.com\/en\/pulsarlube\/service-packs-y-kits-de-instalacion\/\" target=\"_blank\">\n\t\t\t\t\t\t<span class=\"elementor-button-content-wrapper\">\n\t\t\t\t\t\t\t\t\t<span class=\"elementor-button-text\">Available with Service Pack<\/span>\n\t\t\t\t\t<\/span>\n\t\t\t\t\t<\/a>\n\t\t\t\t<\/div>\n\t\t\t\t\t\t\t\t<\/div>\n\t\t\t\t<\/div>\n\t\t\t\t\t<\/div>\n\t\t<\/div>\n\t\t\t\t\t<\/div>\n\t\t<\/section>\n\t\t\t\t<section class=\"elementor-section elementor-top-section elementor-element elementor-element-1781b69 elementor-section-boxed elementor-section-height-default elementor-section-height-default\" data-id=\"1781b69\" data-element_type=\"section\" data-e-type=\"section\">\n\t\t\t\t\t\t<div class=\"elementor-container elementor-column-gap-default\">\n\t\t\t\t\t<div class=\"elementor-column elementor-col-50 elementor-top-column elementor-element elementor-element-b01ac44\" data-id=\"b01ac44\" data-element_type=\"column\" data-e-type=\"column\">\n\t\t\t<div class=\"elementor-widget-wrap elementor-element-populated\">\n\t\t\t\t\t\t<div class=\"elementor-element elementor-element-688ddf9 elementor-widget elementor-widget-button\" data-id=\"688ddf9\" data-element_type=\"widget\" data-e-type=\"widget\" data-widget_type=\"button.default\">\n\t\t\t\t<div class=\"elementor-widget-container\">\n\t\t\t\t\t\t\t\t\t<div class=\"elementor-button-wrapper\">\n\t\t\t\t\t<a class=\"elementor-button elementor-button-link elementor-size-sm\" href=\"https:\/\/adindustrial.com\/en\/?attachment_id=1679\" target=\"_blank\">\n\t\t\t\t\t\t<span class=\"elementor-button-content-wrapper\">\n\t\t\t\t\t\t\t\t\t<span class=\"elementor-button-text\">Descarga el cat\u00e1logo ENG<\/span>\n\t\t\t\t\t<\/span>\n\t\t\t\t\t<\/a>\n\t\t\t\t<\/div>\n\t\t\t\t\t\t\t\t<\/div>\n\t\t\t\t<\/div>\n\t\t\t\t\t<\/div>\n\t\t<\/div>\n\t\t\t\t<div class=\"elementor-column elementor-col-50 elementor-top-column elementor-element elementor-element-24d62ff\" data-id=\"24d62ff\" data-element_type=\"column\" data-e-type=\"column\">\n\t\t\t<div class=\"elementor-widget-wrap elementor-element-populated\">\n\t\t\t\t\t\t<div class=\"elementor-element elementor-element-b24a65f elementor-widget elementor-widget-button\" data-id=\"b24a65f\" data-element_type=\"widget\" data-e-type=\"widget\" data-widget_type=\"button.default\">\n\t\t\t\t<div class=\"elementor-widget-container\">\n\t\t\t\t\t\t\t\t\t<div class=\"elementor-button-wrapper\">\n\t\t\t\t\t<a class=\"elementor-button elementor-button-link elementor-size-sm\" href=\"https:\/\/adindustrial.com\/en\/?attachment_id=1678\" target=\"_blank\">\n\t\t\t\t\t\t<span class=\"elementor-button-content-wrapper\">\n\t\t\t\t\t\t\t\t\t<span class=\"elementor-button-text\">Download the user manual<\/span>\n\t\t\t\t\t<\/span>\n\t\t\t\t\t<\/a>\n\t\t\t\t<\/div>\n\t\t\t\t\t\t\t\t<\/div>\n\t\t\t\t<\/div>\n\t\t\t\t\t<\/div>\n\t\t<\/div>\n\t\t\t\t\t<\/div>\n\t\t<\/section>\n\t\t\t\t<section class=\"elementor-section elementor-top-section elementor-element elementor-element-d35a34d elementor-section-boxed elementor-section-height-default elementor-section-height-default\" data-id=\"d35a34d\" data-element_type=\"section\" data-e-type=\"section\">\n\t\t\t\t\t\t<div class=\"elementor-container elementor-column-gap-default\">\n\t\t\t\t\t<div class=\"elementor-column elementor-col-50 elementor-top-column elementor-element elementor-element-48b60d1\" data-id=\"48b60d1\" data-element_type=\"column\" data-e-type=\"column\">\n\t\t\t<div class=\"elementor-widget-wrap elementor-element-populated\">\n\t\t\t\t\t\t<div class=\"elementor-element elementor-element-20fb3f7 elementor-widget elementor-widget-button\" data-id=\"20fb3f7\" data-element_type=\"widget\" data-e-type=\"widget\" data-widget_type=\"button.default\">\n\t\t\t\t<div class=\"elementor-widget-container\">\n\t\t\t\t\t\t\t\t\t<div class=\"elementor-button-wrapper\">\n\t\t\t\t\t<a class=\"elementor-button elementor-button-link elementor-size-sm\" href=\"https:\/\/adindustrial.com\/en\/?attachment_id=1683\" target=\"_blank\">\n\t\t\t\t\t\t<span class=\"elementor-button-content-wrapper\">\n\t\t\t\t\t\t\t\t\t<span class=\"elementor-button-text\">Descarga la gu\u00eda r\u00e1pida de inicio ENG<\/span>\n\t\t\t\t\t<\/span>\n\t\t\t\t\t<\/a>\n\t\t\t\t<\/div>\n\t\t\t\t\t\t\t\t<\/div>\n\t\t\t\t<\/div>\n\t\t\t\t\t<\/div>\n\t\t<\/div>\n\t\t\t\t<div class=\"elementor-column elementor-col-50 elementor-top-column elementor-element elementor-element-c00c035\" data-id=\"c00c035\" data-element_type=\"column\" data-e-type=\"column\">\n\t\t\t<div class=\"elementor-widget-wrap\">\n\t\t\t\t\t\t\t<\/div>\n\t\t<\/div>\n\t\t\t\t\t<\/div>\n\t\t<\/section>\n\t\t\t\t<\/div>","protected":false},"excerpt":{"rendered":"<p><strong>SERIES<\/strong>\u00a0BT60 : \u00d891(3.60&#8243;) x 181mm(7.13&#8243;) (H)<\/p>\n<p>Pulsarlube BT es un lubricador autom\u00e1tico con Bluetooth que se puede monitorear y controlar a trav\u00e9s de una aplicaci\u00f3n en un dispositivo m\u00f3vil en el rango de Bluetooth (5~20 m), sin acceso f\u00edsico a los lubricadores.<\/p>\n<p>Los lubricadores ser\u00e1n reconocidos en la aplicaci\u00f3n siempre que est\u00e9n dentro del rango de detecci\u00f3n de Bluetooth, por lo que encontrar lubricadores, monitorear su estado y cambiar la configuraci\u00f3n ser\u00e1 simple y conveniente. Los datos de la aplicaci\u00f3n m\u00f3vil se comparten con nuestro servidor de aplicaciones web y se pueden descargar en formato .csv o .txt para una supervisi\u00f3n \u00f3ptima.<\/p>\n<p>Con la tecnolog\u00eda BLE (Bluetooth Low Energy) aplicada, hay un bajo consumo de energ\u00eda del m\u00f3dulo Bluetooth y el lubricador puede funcionar de manera confiable incluso si se usa un paquete de bater\u00edas como fuente de alimentaci\u00f3n. La clasificaci\u00f3n IP65 permite instalaciones en exteriores con protecci\u00f3n contra polvo y salpicaduras de agua.<\/p>\n<p>Al incorporar la tecnolog\u00eda Bluetooth, el Pulsarlube BT se ha desarrollado para satisfacer sus necesidades de lubricaci\u00f3n con una comodidad tecnol\u00f3gica nunca antes ofrecida.<\/p>","protected":false},"featured_media":1681,"comment_status":"open","ping_status":"closed","template":"","meta":{"site-sidebar-layout":"no-sidebar","site-content-layout":"page-builder","ast-site-content-layout":"default","site-content-style":"default","site-sidebar-style":"default","ast-global-header-display":"","ast-banner-title-visibility":"","ast-main-header-display":"","ast-hfb-above-header-display":"","ast-hfb-below-header-display":"","ast-hfb-mobile-header-display":"","site-post-title":"disabled","ast-breadcrumbs-content":"","ast-featured-img":"disabled","footer-sml-layout":"","ast-disable-related-posts":"","theme-transparent-header-meta":"default","adv-header-id-meta":"","stick-header-meta":"default","header-above-stick-meta":"","header-main-stick-meta":"","header-below-stick-meta":"","astra-migrate-meta-layouts":"default","ast-page-background-enabled":"default","ast-page-background-meta":{"desktop":{"background-color":"","background-image":"","background-repeat":"repeat","background-position":"center center","background-size":"auto","background-attachment":"scroll","background-type":"","background-media":"","overlay-type":"","overlay-color":"","overlay-opacity":"","overlay-gradient":""},"tablet":{"background-color":"","background-image":"","background-repeat":"repeat","background-position":"center center","background-size":"auto","background-attachment":"scroll","background-type":"","background-media":"","overlay-type":"","overlay-color":"","overlay-opacity":"","overlay-gradient":""},"mobile":{"background-color":"","background-image":"","background-repeat":"repeat","background-position":"center center","background-size":"auto","background-attachment":"scroll","background-type":"","background-media":"","overlay-type":"","overlay-color":"","overlay-opacity":"","overlay-gradient":""}},"ast-content-background-meta":{"desktop":{"background-color":"var(--ast-global-color-5)","background-image":"","background-repeat":"repeat","background-position":"center center","background-size":"auto","background-attachment":"scroll","background-type":"","background-media":"","overlay-type":"","overlay-color":"","overlay-opacity":"","overlay-gradient":""},"tablet":{"background-color":"var(--ast-global-color-5)","background-image":"","background-repeat":"repeat","background-position":"center center","background-size":"auto","background-attachment":"scroll","background-type":"","background-media":"","overlay-type":"","overlay-color":"","overlay-opacity":"","overlay-gradient":""},"mobile":{"background-color":"var(--ast-global-color-5)","background-image":"","background-repeat":"repeat","background-position":"center center","background-size":"auto","background-attachment":"scroll","background-type":"","background-media":"","overlay-type":"","overlay-color":"","overlay-opacity":"","overlay-gradient":""}}},"product_brand":[],"product_cat":[85,83],"product_tag":[],"class_list":{"0":"post-1674","1":"product","2":"type-product","3":"status-publish","4":"has-post-thumbnail","6":"product_cat-electromecanicos","7":"product_cat-pulsarlube","8":"desktop-align-left","9":"tablet-align-left","10":"mobile-align-left","11":"ast-product-gallery-layout-horizontal-slider","12":"ast-product-tabs-layout-horizontal","14":"first","15":"instock","16":"shipping-taxable","17":"product-type-simple"},"yoast_head":"<!-- This site is optimized with the Yoast SEO plugin v27.0 - https:\/\/yoast.com\/product\/yoast-seo-wordpress\/ -->\n<title>Pulsarlube BT - AD INDUSTRIAL<\/title>\n<meta name=\"robots\" content=\"index, follow, max-snippet:-1, max-image-preview:large, max-video-preview:-1\" \/>\n<link rel=\"canonical\" href=\"https:\/\/adindustrial.com\/en\/productos\/pulsarlube\/sistemas-de-lubricacion\/electromecanicos\/pulsarlube-bt\/\" \/>\n<meta property=\"og:locale\" content=\"en_US\" \/>\n<meta property=\"og:type\" content=\"article\" \/>\n<meta property=\"og:title\" content=\"Pulsarlube BT - AD INDUSTRIAL\" \/>\n<meta property=\"og:description\" content=\"SERIES\u00a0BT60 : \u00d891(3.60&quot;) x 181mm(7.13&quot;) (H)  Pulsarlube BT es un lubricador autom\u00e1tico con Bluetooth que se puede monitorear y controlar a trav\u00e9s de una aplicaci\u00f3n en un dispositivo m\u00f3vil en el rango de Bluetooth (5~20 m), sin acceso f\u00edsico a los lubricadores.  Los lubricadores ser\u00e1n reconocidos en la aplicaci\u00f3n siempre que est\u00e9n dentro del rango de detecci\u00f3n de Bluetooth, por lo que encontrar lubricadores, monitorear su estado y cambiar la configuraci\u00f3n ser\u00e1 simple y conveniente. Los datos de la aplicaci\u00f3n m\u00f3vil se comparten con nuestro servidor de aplicaciones web y se pueden descargar en formato .csv o .txt para una supervisi\u00f3n \u00f3ptima.  Con la tecnolog\u00eda BLE (Bluetooth Low Energy) aplicada, hay un bajo consumo de energ\u00eda del m\u00f3dulo Bluetooth y el lubricador puede funcionar de manera confiable incluso si se usa un paquete de bater\u00edas como fuente de alimentaci\u00f3n. La clasificaci\u00f3n IP65 permite instalaciones en exteriores con protecci\u00f3n contra polvo y salpicaduras de agua.  Al incorporar la tecnolog\u00eda Bluetooth, el Pulsarlube BT se ha desarrollado para satisfacer sus necesidades de lubricaci\u00f3n con una comodidad tecnol\u00f3gica nunca antes ofrecida.\" \/>\n<meta property=\"og:url\" content=\"https:\/\/adindustrial.com\/en\/productos\/pulsarlube\/sistemas-de-lubricacion\/electromecanicos\/pulsarlube-bt\/\" \/>\n<meta property=\"og:site_name\" content=\"AD INDUSTRIAL\" \/>\n<meta property=\"article:modified_time\" content=\"2023-03-09T06:01:00+00:00\" \/>\n<meta property=\"og:image\" content=\"https:\/\/adindustrial.com\/wp-content\/uploads\/Pulsarlube-BT-1.jpeg\" \/>\n\t<meta property=\"og:image:width\" content=\"400\" \/>\n\t<meta property=\"og:image:height\" content=\"400\" \/>\n\t<meta property=\"og:image:type\" content=\"image\/jpeg\" \/>\n<meta name=\"twitter:card\" content=\"summary_large_image\" \/>\n<script type=\"application\/ld+json\" class=\"yoast-schema-graph\">{\"@context\":\"https:\/\/schema.org\",\"@graph\":[{\"@type\":\"WebPage\",\"@id\":\"https:\/\/adindustrial.com\/productos\/pulsarlube\/sistemas-de-lubricacion\/electromecanicos\/pulsarlube-bt\/\",\"url\":\"https:\/\/adindustrial.com\/productos\/pulsarlube\/sistemas-de-lubricacion\/electromecanicos\/pulsarlube-bt\/\",\"name\":\"Pulsarlube BT - AD INDUSTRIAL\",\"isPartOf\":{\"@id\":\"https:\/\/adindustrial.com\/#website\"},\"primaryImageOfPage\":{\"@id\":\"https:\/\/adindustrial.com\/productos\/pulsarlube\/sistemas-de-lubricacion\/electromecanicos\/pulsarlube-bt\/#primaryimage\"},\"image\":{\"@id\":\"https:\/\/adindustrial.com\/productos\/pulsarlube\/sistemas-de-lubricacion\/electromecanicos\/pulsarlube-bt\/#primaryimage\"},\"thumbnailUrl\":\"https:\/\/adindustrial.com\/wp-content\/uploads\/Pulsarlube-BT-1.jpeg\",\"datePublished\":\"2023-01-19T04:55:04+00:00\",\"dateModified\":\"2023-03-09T06:01:00+00:00\",\"breadcrumb\":{\"@id\":\"https:\/\/adindustrial.com\/productos\/pulsarlube\/sistemas-de-lubricacion\/electromecanicos\/pulsarlube-bt\/#breadcrumb\"},\"inLanguage\":\"en-US\",\"potentialAction\":[{\"@type\":\"ReadAction\",\"target\":[\"https:\/\/adindustrial.com\/productos\/pulsarlube\/sistemas-de-lubricacion\/electromecanicos\/pulsarlube-bt\/\"]}]},{\"@type\":\"ImageObject\",\"inLanguage\":\"en-US\",\"@id\":\"https:\/\/adindustrial.com\/productos\/pulsarlube\/sistemas-de-lubricacion\/electromecanicos\/pulsarlube-bt\/#primaryimage\",\"url\":\"https:\/\/adindustrial.com\/wp-content\/uploads\/Pulsarlube-BT-1.jpeg\",\"contentUrl\":\"https:\/\/adindustrial.com\/wp-content\/uploads\/Pulsarlube-BT-1.jpeg\",\"width\":400,\"height\":400},{\"@type\":\"BreadcrumbList\",\"@id\":\"https:\/\/adindustrial.com\/productos\/pulsarlube\/sistemas-de-lubricacion\/electromecanicos\/pulsarlube-bt\/#breadcrumb\",\"itemListElement\":[{\"@type\":\"ListItem\",\"position\":1,\"name\":\"Inicio\",\"item\":\"https:\/\/adindustrial.com\/\"},{\"@type\":\"ListItem\",\"position\":2,\"name\":\"Productos\",\"item\":\"https:\/\/adindustrial.com\/productos\/\"},{\"@type\":\"ListItem\",\"position\":3,\"name\":\"Pulsarlube BT\"}]},{\"@type\":\"WebSite\",\"@id\":\"https:\/\/adindustrial.com\/#website\",\"url\":\"https:\/\/adindustrial.com\/\",\"name\":\"AD INDUSTRIAL\",\"description\":\"Industria en movimiento\",\"publisher\":{\"@id\":\"https:\/\/adindustrial.com\/#organization\"},\"potentialAction\":[{\"@type\":\"SearchAction\",\"target\":{\"@type\":\"EntryPoint\",\"urlTemplate\":\"https:\/\/adindustrial.com\/?s={search_term_string}\"},\"query-input\":{\"@type\":\"PropertyValueSpecification\",\"valueRequired\":true,\"valueName\":\"search_term_string\"}}],\"inLanguage\":\"en-US\"},{\"@type\":\"Organization\",\"@id\":\"https:\/\/adindustrial.com\/#organization\",\"name\":\"Ad Industrial S.A. de C.V.\",\"url\":\"https:\/\/adindustrial.com\/\",\"logo\":{\"@type\":\"ImageObject\",\"inLanguage\":\"en-US\",\"@id\":\"https:\/\/adindustrial.com\/#\/schema\/logo\/image\/\",\"url\":\"https:\/\/adindustrial.com\/wp-content\/uploads\/2021\/03\/ADIndustrial-logo.png\",\"contentUrl\":\"https:\/\/adindustrial.com\/wp-content\/uploads\/2021\/03\/ADIndustrial-logo.png\",\"width\":1000,\"height\":265,\"caption\":\"Ad Industrial S.A. de C.V.\"},\"image\":{\"@id\":\"https:\/\/adindustrial.com\/#\/schema\/logo\/image\/\"}}]}<\/script>\n<!-- \/ Yoast SEO plugin. -->","yoast_head_json":{"title":"Pulsarlube BT - AD INDUSTRIAL","robots":{"index":"index","follow":"follow","max-snippet":"max-snippet:-1","max-image-preview":"max-image-preview:large","max-video-preview":"max-video-preview:-1"},"canonical":"https:\/\/adindustrial.com\/en\/productos\/pulsarlube\/sistemas-de-lubricacion\/electromecanicos\/pulsarlube-bt\/","og_locale":"en_US","og_type":"article","og_title":"Pulsarlube BT - AD INDUSTRIAL","og_description":"SERIES\u00a0BT60 : \u00d891(3.60\") x 181mm(7.13\") (H)  Pulsarlube BT es un lubricador autom\u00e1tico con Bluetooth que se puede monitorear y controlar a trav\u00e9s de una aplicaci\u00f3n en un dispositivo m\u00f3vil en el rango de Bluetooth (5~20 m), sin acceso f\u00edsico a los lubricadores.  Los lubricadores ser\u00e1n reconocidos en la aplicaci\u00f3n siempre que est\u00e9n dentro del rango de detecci\u00f3n de Bluetooth, por lo que encontrar lubricadores, monitorear su estado y cambiar la configuraci\u00f3n ser\u00e1 simple y conveniente. Los datos de la aplicaci\u00f3n m\u00f3vil se comparten con nuestro servidor de aplicaciones web y se pueden descargar en formato .csv o .txt para una supervisi\u00f3n \u00f3ptima.  Con la tecnolog\u00eda BLE (Bluetooth Low Energy) aplicada, hay un bajo consumo de energ\u00eda del m\u00f3dulo Bluetooth y el lubricador puede funcionar de manera confiable incluso si se usa un paquete de bater\u00edas como fuente de alimentaci\u00f3n. La clasificaci\u00f3n IP65 permite instalaciones en exteriores con protecci\u00f3n contra polvo y salpicaduras de agua.  Al incorporar la tecnolog\u00eda Bluetooth, el Pulsarlube BT se ha desarrollado para satisfacer sus necesidades de lubricaci\u00f3n con una comodidad tecnol\u00f3gica nunca antes ofrecida.","og_url":"https:\/\/adindustrial.com\/en\/productos\/pulsarlube\/sistemas-de-lubricacion\/electromecanicos\/pulsarlube-bt\/","og_site_name":"AD INDUSTRIAL","article_modified_time":"2023-03-09T06:01:00+00:00","og_image":[{"width":400,"height":400,"url":"https:\/\/adindustrial.com\/wp-content\/uploads\/Pulsarlube-BT-1.jpeg","type":"image\/jpeg"}],"twitter_card":"summary_large_image","schema":{"@context":"https:\/\/schema.org","@graph":[{"@type":"WebPage","@id":"https:\/\/adindustrial.com\/productos\/pulsarlube\/sistemas-de-lubricacion\/electromecanicos\/pulsarlube-bt\/","url":"https:\/\/adindustrial.com\/productos\/pulsarlube\/sistemas-de-lubricacion\/electromecanicos\/pulsarlube-bt\/","name":"Pulsarlube BT - AD INDUSTRIAL","isPartOf":{"@id":"https:\/\/adindustrial.com\/#website"},"primaryImageOfPage":{"@id":"https:\/\/adindustrial.com\/productos\/pulsarlube\/sistemas-de-lubricacion\/electromecanicos\/pulsarlube-bt\/#primaryimage"},"image":{"@id":"https:\/\/adindustrial.com\/productos\/pulsarlube\/sistemas-de-lubricacion\/electromecanicos\/pulsarlube-bt\/#primaryimage"},"thumbnailUrl":"https:\/\/adindustrial.com\/wp-content\/uploads\/Pulsarlube-BT-1.jpeg","datePublished":"2023-01-19T04:55:04+00:00","dateModified":"2023-03-09T06:01:00+00:00","breadcrumb":{"@id":"https:\/\/adindustrial.com\/productos\/pulsarlube\/sistemas-de-lubricacion\/electromecanicos\/pulsarlube-bt\/#breadcrumb"},"inLanguage":"en-US","potentialAction":[{"@type":"ReadAction","target":["https:\/\/adindustrial.com\/productos\/pulsarlube\/sistemas-de-lubricacion\/electromecanicos\/pulsarlube-bt\/"]}]},{"@type":"ImageObject","inLanguage":"en-US","@id":"https:\/\/adindustrial.com\/productos\/pulsarlube\/sistemas-de-lubricacion\/electromecanicos\/pulsarlube-bt\/#primaryimage","url":"https:\/\/adindustrial.com\/wp-content\/uploads\/Pulsarlube-BT-1.jpeg","contentUrl":"https:\/\/adindustrial.com\/wp-content\/uploads\/Pulsarlube-BT-1.jpeg","width":400,"height":400},{"@type":"BreadcrumbList","@id":"https:\/\/adindustrial.com\/productos\/pulsarlube\/sistemas-de-lubricacion\/electromecanicos\/pulsarlube-bt\/#breadcrumb","itemListElement":[{"@type":"ListItem","position":1,"name":"Inicio","item":"https:\/\/adindustrial.com\/"},{"@type":"ListItem","position":2,"name":"Productos","item":"https:\/\/adindustrial.com\/productos\/"},{"@type":"ListItem","position":3,"name":"Pulsarlube BT"}]},{"@type":"WebSite","@id":"https:\/\/adindustrial.com\/#website","url":"https:\/\/adindustrial.com\/","name":"AD INDUSTRIAL","description":"Industria en movimiento","publisher":{"@id":"https:\/\/adindustrial.com\/#organization"},"potentialAction":[{"@type":"SearchAction","target":{"@type":"EntryPoint","urlTemplate":"https:\/\/adindustrial.com\/?s={search_term_string}"},"query-input":{"@type":"PropertyValueSpecification","valueRequired":true,"valueName":"search_term_string"}}],"inLanguage":"en-US"},{"@type":"Organization","@id":"https:\/\/adindustrial.com\/#organization","name":"Ad Industrial S.A. de C.V.","url":"https:\/\/adindustrial.com\/","logo":{"@type":"ImageObject","inLanguage":"en-US","@id":"https:\/\/adindustrial.com\/#\/schema\/logo\/image\/","url":"https:\/\/adindustrial.com\/wp-content\/uploads\/2021\/03\/ADIndustrial-logo.png","contentUrl":"https:\/\/adindustrial.com\/wp-content\/uploads\/2021\/03\/ADIndustrial-logo.png","width":1000,"height":265,"caption":"Ad Industrial S.A. de C.V."},"image":{"@id":"https:\/\/adindustrial.com\/#\/schema\/logo\/image\/"}}]}},"_links":{"self":[{"href":"https:\/\/adindustrial.com\/en\/wp-json\/wp\/v2\/product\/1674","targetHints":{"allow":["GET"]}}],"collection":[{"href":"https:\/\/adindustrial.com\/en\/wp-json\/wp\/v2\/product"}],"about":[{"href":"https:\/\/adindustrial.com\/en\/wp-json\/wp\/v2\/types\/product"}],"replies":[{"embeddable":true,"href":"https:\/\/adindustrial.com\/en\/wp-json\/wp\/v2\/comments?post=1674"}],"version-history":[{"count":0,"href":"https:\/\/adindustrial.com\/en\/wp-json\/wp\/v2\/product\/1674\/revisions"}],"wp:featuredmedia":[{"embeddable":true,"href":"https:\/\/adindustrial.com\/en\/wp-json\/wp\/v2\/media\/1681"}],"wp:attachment":[{"href":"https:\/\/adindustrial.com\/en\/wp-json\/wp\/v2\/media?parent=1674"}],"wp:term":[{"taxonomy":"product_brand","embeddable":true,"href":"https:\/\/adindustrial.com\/en\/wp-json\/wp\/v2\/product_brand?post=1674"},{"taxonomy":"product_cat","embeddable":true,"href":"https:\/\/adindustrial.com\/en\/wp-json\/wp\/v2\/product_cat?post=1674"},{"taxonomy":"product_tag","embeddable":true,"href":"https:\/\/adindustrial.com\/en\/wp-json\/wp\/v2\/product_tag?post=1674"}],"curies":[{"name":"wp","href":"https:\/\/api.w.org\/{rel}","templated":true}]}}