{"id":165,"date":"2021-03-11T22:18:19","date_gmt":"2021-03-12T04:18:19","guid":{"rendered":"https:\/\/wp.adindustrial.com\/producto\/divergentes-o-convergentes\/"},"modified":"2021-03-17T17:08:14","modified_gmt":"2021-03-17T23:08:14","slug":"divergentes-o-convergentes","status":"publish","type":"product","link":"https:\/\/adindustrial.com\/en\/productos\/wirebelt\/transportadores-carry-smart\/divergentes-o-convergentes\/","title":{"rendered":"Divergent or convergent"},"content":{"rendered":"","protected":false},"excerpt":{"rendered":"<ul>\n<li>Designed to transfer products from equipment with wider bands to equipment with less width (converging) or vice versa (diverging)<\/li>\n<li>Hygienic and sanitary, USDA approved.<\/li>\n<li>They use positive traction stainless steel bands, supported on a high-density polyethylene (HDPE) bed<\/li>\n<li>Also ideal for keeping the product aligned in rows<\/li>\n<li>Some of the most common applications are:\n<ul>\n<li>In frying equipment, covers and freezers<\/li>\n<li>In automatic packaging equipment<\/li>\n<li>In painting equipment, cleaning of plastics or metal components<\/li>\n<\/ul>\n<\/li>\n<\/ul>","protected":false},"featured_media":360,"comment_status":"closed","ping_status":"closed","template":"","meta":{"site-sidebar-layout":"default","site-content-layout":"default","ast-site-content-layout":"default","site-content-style":"default","site-sidebar-style":"default","ast-global-header-display":"","ast-banner-title-visibility":"","ast-main-header-display":"","ast-hfb-above-header-display":"","ast-hfb-below-header-display":"","ast-hfb-mobile-header-display":"","site-post-title":"","ast-breadcrumbs-content":"","ast-featured-img":"","footer-sml-layout":"","ast-disable-related-posts":"","theme-transparent-header-meta":"default","adv-header-id-meta":"","stick-header-meta":"default","header-above-stick-meta":"","header-main-stick-meta":"","header-below-stick-meta":"","astra-migrate-meta-layouts":"default","ast-page-background-enabled":"default","ast-page-background-meta":{"desktop":{"background-color":"","background-image":"","background-repeat":"repeat","background-position":"center center","background-size":"auto","background-attachment":"scroll","background-type":"","background-media":"","overlay-type":"","overlay-color":"","overlay-opacity":"","overlay-gradient":""},"tablet":{"background-color":"","background-image":"","background-repeat":"repeat","background-position":"center center","background-size":"auto","background-attachment":"scroll","background-type":"","background-media":"","overlay-type":"","overlay-color":"","overlay-opacity":"","overlay-gradient":""},"mobile":{"background-color":"","background-image":"","background-repeat":"repeat","background-position":"center center","background-size":"auto","background-attachment":"scroll","background-type":"","background-media":"","overlay-type":"","overlay-color":"","overlay-opacity":"","overlay-gradient":""}},"ast-content-background-meta":{"desktop":{"background-color":"var(--ast-global-color-5)","background-image":"","background-repeat":"repeat","background-position":"center center","background-size":"auto","background-attachment":"scroll","background-type":"","background-media":"","overlay-type":"","overlay-color":"","overlay-opacity":"","overlay-gradient":""},"tablet":{"background-color":"var(--ast-global-color-5)","background-image":"","background-repeat":"repeat","background-position":"center center","background-size":"auto","background-attachment":"scroll","background-type":"","background-media":"","overlay-type":"","overlay-color":"","overlay-opacity":"","overlay-gradient":""},"mobile":{"background-color":"var(--ast-global-color-5)","background-image":"","background-repeat":"repeat","background-position":"center center","background-size":"auto","background-attachment":"scroll","background-type":"","background-media":"","overlay-type":"","overlay-color":"","overlay-opacity":"","overlay-gradient":""}}},"product_brand":[],"product_cat":[48],"product_tag":[],"class_list":{"0":"post-165","1":"product","2":"type-product","3":"status-publish","4":"has-post-thumbnail","6":"product_cat-transportadores-carry-smart","7":"desktop-align-left","8":"tablet-align-left","9":"mobile-align-left","10":"ast-product-gallery-layout-horizontal-slider","11":"ast-product-gallery-with-no-image","12":"ast-product-tabs-layout-horizontal","14":"first","15":"instock","16":"shipping-taxable","17":"product-type-simple"},"yoast_head":"<!-- This site is optimized with the Yoast SEO plugin v27.0 - https:\/\/yoast.com\/product\/yoast-seo-wordpress\/ -->\n<title>Divergentes o convergentes - AD INDUSTRIAL<\/title>\n<meta name=\"robots\" content=\"index, follow, max-snippet:-1, max-image-preview:large, max-video-preview:-1\" \/>\n<link rel=\"canonical\" href=\"https:\/\/adindustrial.com\/en\/productos\/wirebelt\/transportadores-carry-smart\/divergentes-o-convergentes\/\" \/>\n<meta property=\"og:locale\" content=\"en_US\" \/>\n<meta property=\"og:type\" content=\"article\" \/>\n<meta property=\"og:title\" content=\"Divergentes o convergentes - AD INDUSTRIAL\" \/>\n<meta property=\"og:description\" content=\"Dise\u00f1ados para transferir productos de equipos con bandas m\u00e1s anchas a equipos de menor ancho (convergentes) o viceversa (divergentes)  Higi\u00e9nicos y sanitarios, aprobados por la USDA.  Utilizan bandas de acero inoxidable de tracci\u00f3n positiva, soportadas en una cama de Polietileno de alta densidad (HDPE)  Ideales tambi\u00e9n para mantener el producto alineado en filas  Algunas de las aplicaciones m\u00e1s comunes son:   En equipos de fre\u00eddo, cubiertas y congeladores  En equipos de empacado autom\u00e1tico  En equipos de pintura, limpieza de pl\u00e1sticos o componentes met\u00e1licos\" \/>\n<meta property=\"og:url\" content=\"https:\/\/adindustrial.com\/en\/productos\/wirebelt\/transportadores-carry-smart\/divergentes-o-convergentes\/\" \/>\n<meta property=\"og:site_name\" content=\"AD INDUSTRIAL\" \/>\n<meta property=\"article:modified_time\" content=\"2021-03-17T23:08:14+00:00\" \/>\n<meta property=\"og:image\" content=\"https:\/\/adindustrial.com\/wp-content\/uploads\/Divergentes.jpg\" \/>\n\t<meta property=\"og:image:width\" content=\"350\" \/>\n\t<meta property=\"og:image:height\" content=\"250\" \/>\n\t<meta property=\"og:image:type\" content=\"image\/jpeg\" \/>\n<meta name=\"twitter:card\" content=\"summary_large_image\" \/>\n<script type=\"application\/ld+json\" class=\"yoast-schema-graph\">{\"@context\":\"https:\/\/schema.org\",\"@graph\":[{\"@type\":\"WebPage\",\"@id\":\"https:\/\/adindustrial.com\/productos\/wirebelt\/transportadores-carry-smart\/divergentes-o-convergentes\/\",\"url\":\"https:\/\/adindustrial.com\/productos\/wirebelt\/transportadores-carry-smart\/divergentes-o-convergentes\/\",\"name\":\"Divergentes o convergentes - AD INDUSTRIAL\",\"isPartOf\":{\"@id\":\"https:\/\/adindustrial.com\/#website\"},\"primaryImageOfPage\":{\"@id\":\"https:\/\/adindustrial.com\/productos\/wirebelt\/transportadores-carry-smart\/divergentes-o-convergentes\/#primaryimage\"},\"image\":{\"@id\":\"https:\/\/adindustrial.com\/productos\/wirebelt\/transportadores-carry-smart\/divergentes-o-convergentes\/#primaryimage\"},\"thumbnailUrl\":\"https:\/\/adindustrial.com\/wp-content\/uploads\/Divergentes.jpg\",\"datePublished\":\"2021-03-12T04:18:19+00:00\",\"dateModified\":\"2021-03-17T23:08:14+00:00\",\"breadcrumb\":{\"@id\":\"https:\/\/adindustrial.com\/productos\/wirebelt\/transportadores-carry-smart\/divergentes-o-convergentes\/#breadcrumb\"},\"inLanguage\":\"en-US\",\"potentialAction\":[{\"@type\":\"ReadAction\",\"target\":[\"https:\/\/adindustrial.com\/productos\/wirebelt\/transportadores-carry-smart\/divergentes-o-convergentes\/\"]}]},{\"@type\":\"ImageObject\",\"inLanguage\":\"en-US\",\"@id\":\"https:\/\/adindustrial.com\/productos\/wirebelt\/transportadores-carry-smart\/divergentes-o-convergentes\/#primaryimage\",\"url\":\"https:\/\/adindustrial.com\/wp-content\/uploads\/Divergentes.jpg\",\"contentUrl\":\"https:\/\/adindustrial.com\/wp-content\/uploads\/Divergentes.jpg\",\"width\":350,\"height\":250},{\"@type\":\"BreadcrumbList\",\"@id\":\"https:\/\/adindustrial.com\/productos\/wirebelt\/transportadores-carry-smart\/divergentes-o-convergentes\/#breadcrumb\",\"itemListElement\":[{\"@type\":\"ListItem\",\"position\":1,\"name\":\"Inicio\",\"item\":\"https:\/\/adindustrial.com\/\"},{\"@type\":\"ListItem\",\"position\":2,\"name\":\"Productos\",\"item\":\"https:\/\/adindustrial.com\/productos\/\"},{\"@type\":\"ListItem\",\"position\":3,\"name\":\"Divergentes o convergentes\"}]},{\"@type\":\"WebSite\",\"@id\":\"https:\/\/adindustrial.com\/#website\",\"url\":\"https:\/\/adindustrial.com\/\",\"name\":\"AD INDUSTRIAL\",\"description\":\"Industria en movimiento\",\"publisher\":{\"@id\":\"https:\/\/adindustrial.com\/#organization\"},\"potentialAction\":[{\"@type\":\"SearchAction\",\"target\":{\"@type\":\"EntryPoint\",\"urlTemplate\":\"https:\/\/adindustrial.com\/?s={search_term_string}\"},\"query-input\":{\"@type\":\"PropertyValueSpecification\",\"valueRequired\":true,\"valueName\":\"search_term_string\"}}],\"inLanguage\":\"en-US\"},{\"@type\":\"Organization\",\"@id\":\"https:\/\/adindustrial.com\/#organization\",\"name\":\"Ad Industrial S.A. de C.V.\",\"url\":\"https:\/\/adindustrial.com\/\",\"logo\":{\"@type\":\"ImageObject\",\"inLanguage\":\"en-US\",\"@id\":\"https:\/\/adindustrial.com\/#\/schema\/logo\/image\/\",\"url\":\"https:\/\/adindustrial.com\/wp-content\/uploads\/2021\/03\/ADIndustrial-logo.png\",\"contentUrl\":\"https:\/\/adindustrial.com\/wp-content\/uploads\/2021\/03\/ADIndustrial-logo.png\",\"width\":1000,\"height\":265,\"caption\":\"Ad Industrial S.A. de C.V.\"},\"image\":{\"@id\":\"https:\/\/adindustrial.com\/#\/schema\/logo\/image\/\"}}]}<\/script>\n<!-- \/ Yoast SEO plugin. -->","yoast_head_json":{"title":"Divergentes o convergentes - AD INDUSTRIAL","robots":{"index":"index","follow":"follow","max-snippet":"max-snippet:-1","max-image-preview":"max-image-preview:large","max-video-preview":"max-video-preview:-1"},"canonical":"https:\/\/adindustrial.com\/en\/productos\/wirebelt\/transportadores-carry-smart\/divergentes-o-convergentes\/","og_locale":"en_US","og_type":"article","og_title":"Divergentes o convergentes - AD INDUSTRIAL","og_description":"Dise\u00f1ados para transferir productos de equipos con bandas m\u00e1s anchas a equipos de menor ancho (convergentes) o viceversa (divergentes)  Higi\u00e9nicos y sanitarios, aprobados por la USDA.  Utilizan bandas de acero inoxidable de tracci\u00f3n positiva, soportadas en una cama de Polietileno de alta densidad (HDPE)  Ideales tambi\u00e9n para mantener el producto alineado en filas  Algunas de las aplicaciones m\u00e1s comunes son:   En equipos de fre\u00eddo, cubiertas y congeladores  En equipos de empacado autom\u00e1tico  En equipos de pintura, limpieza de pl\u00e1sticos o componentes met\u00e1licos","og_url":"https:\/\/adindustrial.com\/en\/productos\/wirebelt\/transportadores-carry-smart\/divergentes-o-convergentes\/","og_site_name":"AD INDUSTRIAL","article_modified_time":"2021-03-17T23:08:14+00:00","og_image":[{"width":350,"height":250,"url":"https:\/\/adindustrial.com\/wp-content\/uploads\/Divergentes.jpg","type":"image\/jpeg"}],"twitter_card":"summary_large_image","schema":{"@context":"https:\/\/schema.org","@graph":[{"@type":"WebPage","@id":"https:\/\/adindustrial.com\/productos\/wirebelt\/transportadores-carry-smart\/divergentes-o-convergentes\/","url":"https:\/\/adindustrial.com\/productos\/wirebelt\/transportadores-carry-smart\/divergentes-o-convergentes\/","name":"Divergentes o convergentes - AD INDUSTRIAL","isPartOf":{"@id":"https:\/\/adindustrial.com\/#website"},"primaryImageOfPage":{"@id":"https:\/\/adindustrial.com\/productos\/wirebelt\/transportadores-carry-smart\/divergentes-o-convergentes\/#primaryimage"},"image":{"@id":"https:\/\/adindustrial.com\/productos\/wirebelt\/transportadores-carry-smart\/divergentes-o-convergentes\/#primaryimage"},"thumbnailUrl":"https:\/\/adindustrial.com\/wp-content\/uploads\/Divergentes.jpg","datePublished":"2021-03-12T04:18:19+00:00","dateModified":"2021-03-17T23:08:14+00:00","breadcrumb":{"@id":"https:\/\/adindustrial.com\/productos\/wirebelt\/transportadores-carry-smart\/divergentes-o-convergentes\/#breadcrumb"},"inLanguage":"en-US","potentialAction":[{"@type":"ReadAction","target":["https:\/\/adindustrial.com\/productos\/wirebelt\/transportadores-carry-smart\/divergentes-o-convergentes\/"]}]},{"@type":"ImageObject","inLanguage":"en-US","@id":"https:\/\/adindustrial.com\/productos\/wirebelt\/transportadores-carry-smart\/divergentes-o-convergentes\/#primaryimage","url":"https:\/\/adindustrial.com\/wp-content\/uploads\/Divergentes.jpg","contentUrl":"https:\/\/adindustrial.com\/wp-content\/uploads\/Divergentes.jpg","width":350,"height":250},{"@type":"BreadcrumbList","@id":"https:\/\/adindustrial.com\/productos\/wirebelt\/transportadores-carry-smart\/divergentes-o-convergentes\/#breadcrumb","itemListElement":[{"@type":"ListItem","position":1,"name":"Inicio","item":"https:\/\/adindustrial.com\/"},{"@type":"ListItem","position":2,"name":"Productos","item":"https:\/\/adindustrial.com\/productos\/"},{"@type":"ListItem","position":3,"name":"Divergentes o convergentes"}]},{"@type":"WebSite","@id":"https:\/\/adindustrial.com\/#website","url":"https:\/\/adindustrial.com\/","name":"AD INDUSTRIAL","description":"Industria en movimiento","publisher":{"@id":"https:\/\/adindustrial.com\/#organization"},"potentialAction":[{"@type":"SearchAction","target":{"@type":"EntryPoint","urlTemplate":"https:\/\/adindustrial.com\/?s={search_term_string}"},"query-input":{"@type":"PropertyValueSpecification","valueRequired":true,"valueName":"search_term_string"}}],"inLanguage":"en-US"},{"@type":"Organization","@id":"https:\/\/adindustrial.com\/#organization","name":"Ad Industrial S.A. de C.V.","url":"https:\/\/adindustrial.com\/","logo":{"@type":"ImageObject","inLanguage":"en-US","@id":"https:\/\/adindustrial.com\/#\/schema\/logo\/image\/","url":"https:\/\/adindustrial.com\/wp-content\/uploads\/2021\/03\/ADIndustrial-logo.png","contentUrl":"https:\/\/adindustrial.com\/wp-content\/uploads\/2021\/03\/ADIndustrial-logo.png","width":1000,"height":265,"caption":"Ad Industrial S.A. de C.V."},"image":{"@id":"https:\/\/adindustrial.com\/#\/schema\/logo\/image\/"}}]}},"_links":{"self":[{"href":"https:\/\/adindustrial.com\/en\/wp-json\/wp\/v2\/product\/165","targetHints":{"allow":["GET"]}}],"collection":[{"href":"https:\/\/adindustrial.com\/en\/wp-json\/wp\/v2\/product"}],"about":[{"href":"https:\/\/adindustrial.com\/en\/wp-json\/wp\/v2\/types\/product"}],"replies":[{"embeddable":true,"href":"https:\/\/adindustrial.com\/en\/wp-json\/wp\/v2\/comments?post=165"}],"version-history":[{"count":0,"href":"https:\/\/adindustrial.com\/en\/wp-json\/wp\/v2\/product\/165\/revisions"}],"wp:featuredmedia":[{"embeddable":true,"href":"https:\/\/adindustrial.com\/en\/wp-json\/wp\/v2\/media\/360"}],"wp:attachment":[{"href":"https:\/\/adindustrial.com\/en\/wp-json\/wp\/v2\/media?parent=165"}],"wp:term":[{"taxonomy":"product_brand","embeddable":true,"href":"https:\/\/adindustrial.com\/en\/wp-json\/wp\/v2\/product_brand?post=165"},{"taxonomy":"product_cat","embeddable":true,"href":"https:\/\/adindustrial.com\/en\/wp-json\/wp\/v2\/product_cat?post=165"},{"taxonomy":"product_tag","embeddable":true,"href":"https:\/\/adindustrial.com\/en\/wp-json\/wp\/v2\/product_tag?post=165"}],"curies":[{"name":"wp","href":"https:\/\/api.w.org\/{rel}","templated":true}]}}