{"id":163,"date":"2021-03-11T22:18:19","date_gmt":"2021-03-12T04:18:19","guid":{"rendered":"https:\/\/wp.adindustrial.com\/producto\/flat-flex-tradicional\/"},"modified":"2021-03-17T17:06:14","modified_gmt":"2021-03-17T23:06:14","slug":"flat-flex-tradicional","status":"publish","type":"product","link":"https:\/\/adindustrial.com\/en\/productos\/wirebelt\/bandas-flat-flex\/flat-flex-tradicional\/","title":{"rendered":"Traditional Flat-Flex"},"content":{"rendered":"","protected":false},"excerpt":{"rendered":"<ul>\n<li>Ideal for light applications from 0.5 Lbs to 10 Lbs per square foot<\/li>\n<li>Made of T-302 stainless steel.<\/li>\n<li>USDA approved for medium duty applications such as:\n<ul>\n<li>Liquid sweet coatings such as chocolates or jellies<\/li>\n<li>Breaded<\/li>\n<li>Fried<\/li>\n<li>Washing and disinfection<\/li>\n<li>Baked<\/li>\n<li>Solid coatings like sugar and seasonings<\/li>\n<\/ul>\n<\/li>\n<li>Can be manufactured to exact customer specification<\/li>\n<li>They are also offered in millimeter measurements<\/li>\n<li>Available with \/ without tappets<\/li>\n<\/ul>","protected":false},"featured_media":356,"comment_status":"closed","ping_status":"closed","template":"","meta":{"site-sidebar-layout":"default","site-content-layout":"default","ast-site-content-layout":"default","site-content-style":"default","site-sidebar-style":"default","ast-global-header-display":"","ast-banner-title-visibility":"","ast-main-header-display":"","ast-hfb-above-header-display":"","ast-hfb-below-header-display":"","ast-hfb-mobile-header-display":"","site-post-title":"","ast-breadcrumbs-content":"","ast-featured-img":"","footer-sml-layout":"","ast-disable-related-posts":"","theme-transparent-header-meta":"default","adv-header-id-meta":"","stick-header-meta":"default","header-above-stick-meta":"","header-main-stick-meta":"","header-below-stick-meta":"","astra-migrate-meta-layouts":"default","ast-page-background-enabled":"default","ast-page-background-meta":{"desktop":{"background-color":"","background-image":"","background-repeat":"repeat","background-position":"center center","background-size":"auto","background-attachment":"scroll","background-type":"","background-media":"","overlay-type":"","overlay-color":"","overlay-opacity":"","overlay-gradient":""},"tablet":{"background-color":"","background-image":"","background-repeat":"repeat","background-position":"center center","background-size":"auto","background-attachment":"scroll","background-type":"","background-media":"","overlay-type":"","overlay-color":"","overlay-opacity":"","overlay-gradient":""},"mobile":{"background-color":"","background-image":"","background-repeat":"repeat","background-position":"center center","background-size":"auto","background-attachment":"scroll","background-type":"","background-media":"","overlay-type":"","overlay-color":"","overlay-opacity":"","overlay-gradient":""}},"ast-content-background-meta":{"desktop":{"background-color":"var(--ast-global-color-5)","background-image":"","background-repeat":"repeat","background-position":"center center","background-size":"auto","background-attachment":"scroll","background-type":"","background-media":"","overlay-type":"","overlay-color":"","overlay-opacity":"","overlay-gradient":""},"tablet":{"background-color":"var(--ast-global-color-5)","background-image":"","background-repeat":"repeat","background-position":"center center","background-size":"auto","background-attachment":"scroll","background-type":"","background-media":"","overlay-type":"","overlay-color":"","overlay-opacity":"","overlay-gradient":""},"mobile":{"background-color":"var(--ast-global-color-5)","background-image":"","background-repeat":"repeat","background-position":"center center","background-size":"auto","background-attachment":"scroll","background-type":"","background-media":"","overlay-type":"","overlay-color":"","overlay-opacity":"","overlay-gradient":""}}},"product_brand":[],"product_cat":[47],"product_tag":[],"class_list":{"0":"post-163","1":"product","2":"type-product","3":"status-publish","4":"has-post-thumbnail","6":"product_cat-bandas-flat-flex","7":"desktop-align-left","8":"tablet-align-left","9":"mobile-align-left","10":"ast-product-gallery-layout-horizontal-slider","11":"ast-product-gallery-with-no-image","12":"ast-product-tabs-layout-horizontal","14":"first","15":"instock","16":"shipping-taxable","17":"product-type-simple"},"yoast_head":"<!-- This site is optimized with the Yoast SEO plugin v27.0 - https:\/\/yoast.com\/product\/yoast-seo-wordpress\/ -->\n<title>Flat-Flex Tradicional - AD INDUSTRIAL<\/title>\n<meta name=\"robots\" content=\"index, follow, max-snippet:-1, max-image-preview:large, max-video-preview:-1\" \/>\n<link rel=\"canonical\" href=\"https:\/\/adindustrial.com\/en\/productos\/wirebelt\/bandas-flat-flex\/flat-flex-tradicional\/\" \/>\n<meta property=\"og:locale\" content=\"en_US\" \/>\n<meta property=\"og:type\" content=\"article\" \/>\n<meta property=\"og:title\" content=\"Flat-Flex Tradicional - AD INDUSTRIAL\" \/>\n<meta property=\"og:description\" content=\"Ideales para aplicaciones ligeras desde 0.5 Lbs hasta 10 Lbs por pie cuadrado  Fabricadas en acero inoxidable T-302.  Aprobadas por la USDA para aplicaciones de:   Recubrimientos dulces l\u00edquidos como chocolates o jaleas  Empanizado  Fre\u00eddo  Lavado y desinfecci\u00f3n  Horneado  Recubrimientos s\u00f3lidos como az\u00facar y condimentos    Se pueden fabricar a la especificaci\u00f3n exacta del cliente  Tambi\u00e9n se ofrecen en medidas milim\u00e9tricas  Disponibles con\/sin empujadores\" \/>\n<meta property=\"og:url\" content=\"https:\/\/adindustrial.com\/en\/productos\/wirebelt\/bandas-flat-flex\/flat-flex-tradicional\/\" \/>\n<meta property=\"og:site_name\" content=\"AD INDUSTRIAL\" \/>\n<meta property=\"article:modified_time\" content=\"2021-03-17T23:06:14+00:00\" \/>\n<meta property=\"og:image\" content=\"https:\/\/adindustrial.com\/wp-content\/uploads\/Flat-Flex-tradicional.jpg\" \/>\n\t<meta property=\"og:image:width\" content=\"350\" \/>\n\t<meta property=\"og:image:height\" content=\"250\" \/>\n\t<meta property=\"og:image:type\" content=\"image\/jpeg\" \/>\n<meta name=\"twitter:card\" content=\"summary_large_image\" \/>\n<script type=\"application\/ld+json\" class=\"yoast-schema-graph\">{\"@context\":\"https:\/\/schema.org\",\"@graph\":[{\"@type\":\"WebPage\",\"@id\":\"https:\/\/adindustrial.com\/productos\/wirebelt\/bandas-flat-flex\/flat-flex-tradicional\/\",\"url\":\"https:\/\/adindustrial.com\/productos\/wirebelt\/bandas-flat-flex\/flat-flex-tradicional\/\",\"name\":\"Flat-Flex Tradicional - AD INDUSTRIAL\",\"isPartOf\":{\"@id\":\"https:\/\/adindustrial.com\/#website\"},\"primaryImageOfPage\":{\"@id\":\"https:\/\/adindustrial.com\/productos\/wirebelt\/bandas-flat-flex\/flat-flex-tradicional\/#primaryimage\"},\"image\":{\"@id\":\"https:\/\/adindustrial.com\/productos\/wirebelt\/bandas-flat-flex\/flat-flex-tradicional\/#primaryimage\"},\"thumbnailUrl\":\"https:\/\/adindustrial.com\/wp-content\/uploads\/Flat-Flex-tradicional.jpg\",\"datePublished\":\"2021-03-12T04:18:19+00:00\",\"dateModified\":\"2021-03-17T23:06:14+00:00\",\"breadcrumb\":{\"@id\":\"https:\/\/adindustrial.com\/productos\/wirebelt\/bandas-flat-flex\/flat-flex-tradicional\/#breadcrumb\"},\"inLanguage\":\"en-US\",\"potentialAction\":[{\"@type\":\"ReadAction\",\"target\":[\"https:\/\/adindustrial.com\/productos\/wirebelt\/bandas-flat-flex\/flat-flex-tradicional\/\"]}]},{\"@type\":\"ImageObject\",\"inLanguage\":\"en-US\",\"@id\":\"https:\/\/adindustrial.com\/productos\/wirebelt\/bandas-flat-flex\/flat-flex-tradicional\/#primaryimage\",\"url\":\"https:\/\/adindustrial.com\/wp-content\/uploads\/Flat-Flex-tradicional.jpg\",\"contentUrl\":\"https:\/\/adindustrial.com\/wp-content\/uploads\/Flat-Flex-tradicional.jpg\",\"width\":350,\"height\":250},{\"@type\":\"BreadcrumbList\",\"@id\":\"https:\/\/adindustrial.com\/productos\/wirebelt\/bandas-flat-flex\/flat-flex-tradicional\/#breadcrumb\",\"itemListElement\":[{\"@type\":\"ListItem\",\"position\":1,\"name\":\"Inicio\",\"item\":\"https:\/\/adindustrial.com\/\"},{\"@type\":\"ListItem\",\"position\":2,\"name\":\"Productos\",\"item\":\"https:\/\/adindustrial.com\/productos\/\"},{\"@type\":\"ListItem\",\"position\":3,\"name\":\"Flat-Flex Tradicional\"}]},{\"@type\":\"WebSite\",\"@id\":\"https:\/\/adindustrial.com\/#website\",\"url\":\"https:\/\/adindustrial.com\/\",\"name\":\"AD INDUSTRIAL\",\"description\":\"Industria en movimiento\",\"publisher\":{\"@id\":\"https:\/\/adindustrial.com\/#organization\"},\"potentialAction\":[{\"@type\":\"SearchAction\",\"target\":{\"@type\":\"EntryPoint\",\"urlTemplate\":\"https:\/\/adindustrial.com\/?s={search_term_string}\"},\"query-input\":{\"@type\":\"PropertyValueSpecification\",\"valueRequired\":true,\"valueName\":\"search_term_string\"}}],\"inLanguage\":\"en-US\"},{\"@type\":\"Organization\",\"@id\":\"https:\/\/adindustrial.com\/#organization\",\"name\":\"Ad Industrial S.A. de C.V.\",\"url\":\"https:\/\/adindustrial.com\/\",\"logo\":{\"@type\":\"ImageObject\",\"inLanguage\":\"en-US\",\"@id\":\"https:\/\/adindustrial.com\/#\/schema\/logo\/image\/\",\"url\":\"https:\/\/adindustrial.com\/wp-content\/uploads\/2021\/03\/ADIndustrial-logo.png\",\"contentUrl\":\"https:\/\/adindustrial.com\/wp-content\/uploads\/2021\/03\/ADIndustrial-logo.png\",\"width\":1000,\"height\":265,\"caption\":\"Ad Industrial S.A. de C.V.\"},\"image\":{\"@id\":\"https:\/\/adindustrial.com\/#\/schema\/logo\/image\/\"}}]}<\/script>\n<!-- \/ Yoast SEO plugin. -->","yoast_head_json":{"title":"Flat-Flex Tradicional - AD INDUSTRIAL","robots":{"index":"index","follow":"follow","max-snippet":"max-snippet:-1","max-image-preview":"max-image-preview:large","max-video-preview":"max-video-preview:-1"},"canonical":"https:\/\/adindustrial.com\/en\/productos\/wirebelt\/bandas-flat-flex\/flat-flex-tradicional\/","og_locale":"en_US","og_type":"article","og_title":"Flat-Flex Tradicional - AD INDUSTRIAL","og_description":"Ideales para aplicaciones ligeras desde 0.5 Lbs hasta 10 Lbs por pie cuadrado  Fabricadas en acero inoxidable T-302.  Aprobadas por la USDA para aplicaciones de:   Recubrimientos dulces l\u00edquidos como chocolates o jaleas  Empanizado  Fre\u00eddo  Lavado y desinfecci\u00f3n  Horneado  Recubrimientos s\u00f3lidos como az\u00facar y condimentos    Se pueden fabricar a la especificaci\u00f3n exacta del cliente  Tambi\u00e9n se ofrecen en medidas milim\u00e9tricas  Disponibles con\/sin empujadores","og_url":"https:\/\/adindustrial.com\/en\/productos\/wirebelt\/bandas-flat-flex\/flat-flex-tradicional\/","og_site_name":"AD INDUSTRIAL","article_modified_time":"2021-03-17T23:06:14+00:00","og_image":[{"width":350,"height":250,"url":"https:\/\/adindustrial.com\/wp-content\/uploads\/Flat-Flex-tradicional.jpg","type":"image\/jpeg"}],"twitter_card":"summary_large_image","schema":{"@context":"https:\/\/schema.org","@graph":[{"@type":"WebPage","@id":"https:\/\/adindustrial.com\/productos\/wirebelt\/bandas-flat-flex\/flat-flex-tradicional\/","url":"https:\/\/adindustrial.com\/productos\/wirebelt\/bandas-flat-flex\/flat-flex-tradicional\/","name":"Flat-Flex Tradicional - AD INDUSTRIAL","isPartOf":{"@id":"https:\/\/adindustrial.com\/#website"},"primaryImageOfPage":{"@id":"https:\/\/adindustrial.com\/productos\/wirebelt\/bandas-flat-flex\/flat-flex-tradicional\/#primaryimage"},"image":{"@id":"https:\/\/adindustrial.com\/productos\/wirebelt\/bandas-flat-flex\/flat-flex-tradicional\/#primaryimage"},"thumbnailUrl":"https:\/\/adindustrial.com\/wp-content\/uploads\/Flat-Flex-tradicional.jpg","datePublished":"2021-03-12T04:18:19+00:00","dateModified":"2021-03-17T23:06:14+00:00","breadcrumb":{"@id":"https:\/\/adindustrial.com\/productos\/wirebelt\/bandas-flat-flex\/flat-flex-tradicional\/#breadcrumb"},"inLanguage":"en-US","potentialAction":[{"@type":"ReadAction","target":["https:\/\/adindustrial.com\/productos\/wirebelt\/bandas-flat-flex\/flat-flex-tradicional\/"]}]},{"@type":"ImageObject","inLanguage":"en-US","@id":"https:\/\/adindustrial.com\/productos\/wirebelt\/bandas-flat-flex\/flat-flex-tradicional\/#primaryimage","url":"https:\/\/adindustrial.com\/wp-content\/uploads\/Flat-Flex-tradicional.jpg","contentUrl":"https:\/\/adindustrial.com\/wp-content\/uploads\/Flat-Flex-tradicional.jpg","width":350,"height":250},{"@type":"BreadcrumbList","@id":"https:\/\/adindustrial.com\/productos\/wirebelt\/bandas-flat-flex\/flat-flex-tradicional\/#breadcrumb","itemListElement":[{"@type":"ListItem","position":1,"name":"Inicio","item":"https:\/\/adindustrial.com\/"},{"@type":"ListItem","position":2,"name":"Productos","item":"https:\/\/adindustrial.com\/productos\/"},{"@type":"ListItem","position":3,"name":"Flat-Flex Tradicional"}]},{"@type":"WebSite","@id":"https:\/\/adindustrial.com\/#website","url":"https:\/\/adindustrial.com\/","name":"AD INDUSTRIAL","description":"Industria en movimiento","publisher":{"@id":"https:\/\/adindustrial.com\/#organization"},"potentialAction":[{"@type":"SearchAction","target":{"@type":"EntryPoint","urlTemplate":"https:\/\/adindustrial.com\/?s={search_term_string}"},"query-input":{"@type":"PropertyValueSpecification","valueRequired":true,"valueName":"search_term_string"}}],"inLanguage":"en-US"},{"@type":"Organization","@id":"https:\/\/adindustrial.com\/#organization","name":"Ad Industrial S.A. de C.V.","url":"https:\/\/adindustrial.com\/","logo":{"@type":"ImageObject","inLanguage":"en-US","@id":"https:\/\/adindustrial.com\/#\/schema\/logo\/image\/","url":"https:\/\/adindustrial.com\/wp-content\/uploads\/2021\/03\/ADIndustrial-logo.png","contentUrl":"https:\/\/adindustrial.com\/wp-content\/uploads\/2021\/03\/ADIndustrial-logo.png","width":1000,"height":265,"caption":"Ad Industrial S.A. de C.V."},"image":{"@id":"https:\/\/adindustrial.com\/#\/schema\/logo\/image\/"}}]}},"_links":{"self":[{"href":"https:\/\/adindustrial.com\/en\/wp-json\/wp\/v2\/product\/163","targetHints":{"allow":["GET"]}}],"collection":[{"href":"https:\/\/adindustrial.com\/en\/wp-json\/wp\/v2\/product"}],"about":[{"href":"https:\/\/adindustrial.com\/en\/wp-json\/wp\/v2\/types\/product"}],"replies":[{"embeddable":true,"href":"https:\/\/adindustrial.com\/en\/wp-json\/wp\/v2\/comments?post=163"}],"version-history":[{"count":0,"href":"https:\/\/adindustrial.com\/en\/wp-json\/wp\/v2\/product\/163\/revisions"}],"wp:featuredmedia":[{"embeddable":true,"href":"https:\/\/adindustrial.com\/en\/wp-json\/wp\/v2\/media\/356"}],"wp:attachment":[{"href":"https:\/\/adindustrial.com\/en\/wp-json\/wp\/v2\/media?parent=163"}],"wp:term":[{"taxonomy":"product_brand","embeddable":true,"href":"https:\/\/adindustrial.com\/en\/wp-json\/wp\/v2\/product_brand?post=163"},{"taxonomy":"product_cat","embeddable":true,"href":"https:\/\/adindustrial.com\/en\/wp-json\/wp\/v2\/product_cat?post=163"},{"taxonomy":"product_tag","embeddable":true,"href":"https:\/\/adindustrial.com\/en\/wp-json\/wp\/v2\/product_tag?post=163"}],"curies":[{"name":"wp","href":"https:\/\/api.w.org\/{rel}","templated":true}]}}