{"id":161,"date":"2021-03-11T22:18:18","date_gmt":"2021-03-12T04:18:18","guid":{"rendered":"https:\/\/wp.adindustrial.com\/producto\/sprockets-cg\/"},"modified":"2021-03-17T17:04:04","modified_gmt":"2021-03-17T23:04:04","slug":"sprockets-cg","status":"publish","type":"product","link":"https:\/\/adindustrial.com\/en\/productos\/wirebelt\/banda-compact-grid\/sprockets-cg\/","title":{"rendered":"Sprockets CG"},"content":{"rendered":"","protected":false},"excerpt":{"rendered":"<ul>\n<li>They use sprockets for their traction<\/li>\n<li>Hygienic and sanitary, USDA approved.<\/li>\n<li>Two types of traction systems:\n<ul>\n<li>System of three gears, consisting of a guide and two advance sprocket in systems of great length or a lot of weight<\/li>\n<li>Slim sprocket system, consisting of a single guide sprocket, ideal for shorter or lighter systems.<\/li>\n<\/ul>\n<\/li>\n<li>They are offered in diameters from 2.191 \"to 10.17\".<\/li>\n<li>Made of stainless steel<\/li>\n<\/ul>","protected":false},"featured_media":351,"comment_status":"closed","ping_status":"closed","template":"","meta":{"site-sidebar-layout":"default","site-content-layout":"default","ast-site-content-layout":"default","site-content-style":"default","site-sidebar-style":"default","ast-global-header-display":"","ast-banner-title-visibility":"","ast-main-header-display":"","ast-hfb-above-header-display":"","ast-hfb-below-header-display":"","ast-hfb-mobile-header-display":"","site-post-title":"","ast-breadcrumbs-content":"","ast-featured-img":"","footer-sml-layout":"","ast-disable-related-posts":"","theme-transparent-header-meta":"default","adv-header-id-meta":"","stick-header-meta":"default","header-above-stick-meta":"","header-main-stick-meta":"","header-below-stick-meta":"","astra-migrate-meta-layouts":"default","ast-page-background-enabled":"default","ast-page-background-meta":{"desktop":{"background-color":"","background-image":"","background-repeat":"repeat","background-position":"center center","background-size":"auto","background-attachment":"scroll","background-type":"","background-media":"","overlay-type":"","overlay-color":"","overlay-opacity":"","overlay-gradient":""},"tablet":{"background-color":"","background-image":"","background-repeat":"repeat","background-position":"center center","background-size":"auto","background-attachment":"scroll","background-type":"","background-media":"","overlay-type":"","overlay-color":"","overlay-opacity":"","overlay-gradient":""},"mobile":{"background-color":"","background-image":"","background-repeat":"repeat","background-position":"center center","background-size":"auto","background-attachment":"scroll","background-type":"","background-media":"","overlay-type":"","overlay-color":"","overlay-opacity":"","overlay-gradient":""}},"ast-content-background-meta":{"desktop":{"background-color":"var(--ast-global-color-5)","background-image":"","background-repeat":"repeat","background-position":"center center","background-size":"auto","background-attachment":"scroll","background-type":"","background-media":"","overlay-type":"","overlay-color":"","overlay-opacity":"","overlay-gradient":""},"tablet":{"background-color":"var(--ast-global-color-5)","background-image":"","background-repeat":"repeat","background-position":"center center","background-size":"auto","background-attachment":"scroll","background-type":"","background-media":"","overlay-type":"","overlay-color":"","overlay-opacity":"","overlay-gradient":""},"mobile":{"background-color":"var(--ast-global-color-5)","background-image":"","background-repeat":"repeat","background-position":"center center","background-size":"auto","background-attachment":"scroll","background-type":"","background-media":"","overlay-type":"","overlay-color":"","overlay-opacity":"","overlay-gradient":""}}},"product_brand":[],"product_cat":[46],"product_tag":[],"class_list":{"0":"post-161","1":"product","2":"type-product","3":"status-publish","4":"has-post-thumbnail","6":"product_cat-banda-compact-grid","7":"desktop-align-left","8":"tablet-align-left","9":"mobile-align-left","10":"ast-product-gallery-layout-horizontal-slider","11":"ast-product-gallery-with-no-image","12":"ast-product-tabs-layout-horizontal","14":"first","15":"instock","16":"shipping-taxable","17":"product-type-simple"},"yoast_head":"<!-- This site is optimized with the Yoast SEO plugin v27.0 - https:\/\/yoast.com\/product\/yoast-seo-wordpress\/ -->\n<title>Sprockets CG - AD INDUSTRIAL<\/title>\n<meta name=\"robots\" content=\"index, follow, max-snippet:-1, max-image-preview:large, max-video-preview:-1\" \/>\n<link rel=\"canonical\" href=\"https:\/\/adindustrial.com\/en\/productos\/wirebelt\/banda-compact-grid\/sprockets-cg\/\" \/>\n<meta property=\"og:locale\" content=\"en_US\" \/>\n<meta property=\"og:type\" content=\"article\" \/>\n<meta property=\"og:title\" content=\"Sprockets CG - AD INDUSTRIAL\" \/>\n<meta property=\"og:description\" content=\"Utilizan sprockets para su tracci\u00f3n  Higi\u00e9nicos y sanitarios, aprobados por la USDA.  Dos tipos de sistemas de tracci\u00f3n:   Sistema de tres engranes, formado por un sprocket gu\u00eda y dos de avance en sistemas de gran longitud o mucho peso  Sistema slim sprocket, formado por un s\u00f3lo sprocket gu\u00eda ideal para sistemas m\u00e1s cortos o de peso menor.    Se ofrecen en di\u00e1metros desde 2.191 pulg hasta 10.17 pulg.  Fabricados en acero inoxidable\" \/>\n<meta property=\"og:url\" content=\"https:\/\/adindustrial.com\/en\/productos\/wirebelt\/banda-compact-grid\/sprockets-cg\/\" \/>\n<meta property=\"og:site_name\" content=\"AD INDUSTRIAL\" \/>\n<meta property=\"article:modified_time\" content=\"2021-03-17T23:04:04+00:00\" \/>\n<meta property=\"og:image\" content=\"https:\/\/adindustrial.com\/wp-content\/uploads\/CG-Sprockets.jpg\" \/>\n\t<meta property=\"og:image:width\" content=\"350\" \/>\n\t<meta property=\"og:image:height\" content=\"250\" \/>\n\t<meta property=\"og:image:type\" content=\"image\/jpeg\" \/>\n<meta name=\"twitter:card\" content=\"summary_large_image\" \/>\n<script type=\"application\/ld+json\" class=\"yoast-schema-graph\">{\"@context\":\"https:\/\/schema.org\",\"@graph\":[{\"@type\":\"WebPage\",\"@id\":\"https:\/\/adindustrial.com\/productos\/wirebelt\/banda-compact-grid\/sprockets-cg\/\",\"url\":\"https:\/\/adindustrial.com\/productos\/wirebelt\/banda-compact-grid\/sprockets-cg\/\",\"name\":\"Sprockets CG - AD INDUSTRIAL\",\"isPartOf\":{\"@id\":\"https:\/\/adindustrial.com\/#website\"},\"primaryImageOfPage\":{\"@id\":\"https:\/\/adindustrial.com\/productos\/wirebelt\/banda-compact-grid\/sprockets-cg\/#primaryimage\"},\"image\":{\"@id\":\"https:\/\/adindustrial.com\/productos\/wirebelt\/banda-compact-grid\/sprockets-cg\/#primaryimage\"},\"thumbnailUrl\":\"https:\/\/adindustrial.com\/wp-content\/uploads\/CG-Sprockets.jpg\",\"datePublished\":\"2021-03-12T04:18:18+00:00\",\"dateModified\":\"2021-03-17T23:04:04+00:00\",\"breadcrumb\":{\"@id\":\"https:\/\/adindustrial.com\/productos\/wirebelt\/banda-compact-grid\/sprockets-cg\/#breadcrumb\"},\"inLanguage\":\"en-US\",\"potentialAction\":[{\"@type\":\"ReadAction\",\"target\":[\"https:\/\/adindustrial.com\/productos\/wirebelt\/banda-compact-grid\/sprockets-cg\/\"]}]},{\"@type\":\"ImageObject\",\"inLanguage\":\"en-US\",\"@id\":\"https:\/\/adindustrial.com\/productos\/wirebelt\/banda-compact-grid\/sprockets-cg\/#primaryimage\",\"url\":\"https:\/\/adindustrial.com\/wp-content\/uploads\/CG-Sprockets.jpg\",\"contentUrl\":\"https:\/\/adindustrial.com\/wp-content\/uploads\/CG-Sprockets.jpg\",\"width\":350,\"height\":250},{\"@type\":\"BreadcrumbList\",\"@id\":\"https:\/\/adindustrial.com\/productos\/wirebelt\/banda-compact-grid\/sprockets-cg\/#breadcrumb\",\"itemListElement\":[{\"@type\":\"ListItem\",\"position\":1,\"name\":\"Inicio\",\"item\":\"https:\/\/adindustrial.com\/\"},{\"@type\":\"ListItem\",\"position\":2,\"name\":\"Productos\",\"item\":\"https:\/\/adindustrial.com\/productos\/\"},{\"@type\":\"ListItem\",\"position\":3,\"name\":\"Sprockets CG\"}]},{\"@type\":\"WebSite\",\"@id\":\"https:\/\/adindustrial.com\/#website\",\"url\":\"https:\/\/adindustrial.com\/\",\"name\":\"AD INDUSTRIAL\",\"description\":\"Industria en movimiento\",\"publisher\":{\"@id\":\"https:\/\/adindustrial.com\/#organization\"},\"potentialAction\":[{\"@type\":\"SearchAction\",\"target\":{\"@type\":\"EntryPoint\",\"urlTemplate\":\"https:\/\/adindustrial.com\/?s={search_term_string}\"},\"query-input\":{\"@type\":\"PropertyValueSpecification\",\"valueRequired\":true,\"valueName\":\"search_term_string\"}}],\"inLanguage\":\"en-US\"},{\"@type\":\"Organization\",\"@id\":\"https:\/\/adindustrial.com\/#organization\",\"name\":\"Ad Industrial S.A. de C.V.\",\"url\":\"https:\/\/adindustrial.com\/\",\"logo\":{\"@type\":\"ImageObject\",\"inLanguage\":\"en-US\",\"@id\":\"https:\/\/adindustrial.com\/#\/schema\/logo\/image\/\",\"url\":\"https:\/\/adindustrial.com\/wp-content\/uploads\/2021\/03\/ADIndustrial-logo.png\",\"contentUrl\":\"https:\/\/adindustrial.com\/wp-content\/uploads\/2021\/03\/ADIndustrial-logo.png\",\"width\":1000,\"height\":265,\"caption\":\"Ad Industrial S.A. de C.V.\"},\"image\":{\"@id\":\"https:\/\/adindustrial.com\/#\/schema\/logo\/image\/\"}}]}<\/script>\n<!-- \/ Yoast SEO plugin. -->","yoast_head_json":{"title":"Sprockets CG - AD INDUSTRIAL","robots":{"index":"index","follow":"follow","max-snippet":"max-snippet:-1","max-image-preview":"max-image-preview:large","max-video-preview":"max-video-preview:-1"},"canonical":"https:\/\/adindustrial.com\/en\/productos\/wirebelt\/banda-compact-grid\/sprockets-cg\/","og_locale":"en_US","og_type":"article","og_title":"Sprockets CG - AD INDUSTRIAL","og_description":"Utilizan sprockets para su tracci\u00f3n  Higi\u00e9nicos y sanitarios, aprobados por la USDA.  Dos tipos de sistemas de tracci\u00f3n:   Sistema de tres engranes, formado por un sprocket gu\u00eda y dos de avance en sistemas de gran longitud o mucho peso  Sistema slim sprocket, formado por un s\u00f3lo sprocket gu\u00eda ideal para sistemas m\u00e1s cortos o de peso menor.    Se ofrecen en di\u00e1metros desde 2.191 pulg hasta 10.17 pulg.  Fabricados en acero inoxidable","og_url":"https:\/\/adindustrial.com\/en\/productos\/wirebelt\/banda-compact-grid\/sprockets-cg\/","og_site_name":"AD INDUSTRIAL","article_modified_time":"2021-03-17T23:04:04+00:00","og_image":[{"width":350,"height":250,"url":"https:\/\/adindustrial.com\/wp-content\/uploads\/CG-Sprockets.jpg","type":"image\/jpeg"}],"twitter_card":"summary_large_image","schema":{"@context":"https:\/\/schema.org","@graph":[{"@type":"WebPage","@id":"https:\/\/adindustrial.com\/productos\/wirebelt\/banda-compact-grid\/sprockets-cg\/","url":"https:\/\/adindustrial.com\/productos\/wirebelt\/banda-compact-grid\/sprockets-cg\/","name":"Sprockets CG - AD INDUSTRIAL","isPartOf":{"@id":"https:\/\/adindustrial.com\/#website"},"primaryImageOfPage":{"@id":"https:\/\/adindustrial.com\/productos\/wirebelt\/banda-compact-grid\/sprockets-cg\/#primaryimage"},"image":{"@id":"https:\/\/adindustrial.com\/productos\/wirebelt\/banda-compact-grid\/sprockets-cg\/#primaryimage"},"thumbnailUrl":"https:\/\/adindustrial.com\/wp-content\/uploads\/CG-Sprockets.jpg","datePublished":"2021-03-12T04:18:18+00:00","dateModified":"2021-03-17T23:04:04+00:00","breadcrumb":{"@id":"https:\/\/adindustrial.com\/productos\/wirebelt\/banda-compact-grid\/sprockets-cg\/#breadcrumb"},"inLanguage":"en-US","potentialAction":[{"@type":"ReadAction","target":["https:\/\/adindustrial.com\/productos\/wirebelt\/banda-compact-grid\/sprockets-cg\/"]}]},{"@type":"ImageObject","inLanguage":"en-US","@id":"https:\/\/adindustrial.com\/productos\/wirebelt\/banda-compact-grid\/sprockets-cg\/#primaryimage","url":"https:\/\/adindustrial.com\/wp-content\/uploads\/CG-Sprockets.jpg","contentUrl":"https:\/\/adindustrial.com\/wp-content\/uploads\/CG-Sprockets.jpg","width":350,"height":250},{"@type":"BreadcrumbList","@id":"https:\/\/adindustrial.com\/productos\/wirebelt\/banda-compact-grid\/sprockets-cg\/#breadcrumb","itemListElement":[{"@type":"ListItem","position":1,"name":"Inicio","item":"https:\/\/adindustrial.com\/"},{"@type":"ListItem","position":2,"name":"Productos","item":"https:\/\/adindustrial.com\/productos\/"},{"@type":"ListItem","position":3,"name":"Sprockets CG"}]},{"@type":"WebSite","@id":"https:\/\/adindustrial.com\/#website","url":"https:\/\/adindustrial.com\/","name":"AD INDUSTRIAL","description":"Industria en movimiento","publisher":{"@id":"https:\/\/adindustrial.com\/#organization"},"potentialAction":[{"@type":"SearchAction","target":{"@type":"EntryPoint","urlTemplate":"https:\/\/adindustrial.com\/?s={search_term_string}"},"query-input":{"@type":"PropertyValueSpecification","valueRequired":true,"valueName":"search_term_string"}}],"inLanguage":"en-US"},{"@type":"Organization","@id":"https:\/\/adindustrial.com\/#organization","name":"Ad Industrial S.A. de C.V.","url":"https:\/\/adindustrial.com\/","logo":{"@type":"ImageObject","inLanguage":"en-US","@id":"https:\/\/adindustrial.com\/#\/schema\/logo\/image\/","url":"https:\/\/adindustrial.com\/wp-content\/uploads\/2021\/03\/ADIndustrial-logo.png","contentUrl":"https:\/\/adindustrial.com\/wp-content\/uploads\/2021\/03\/ADIndustrial-logo.png","width":1000,"height":265,"caption":"Ad Industrial S.A. de C.V."},"image":{"@id":"https:\/\/adindustrial.com\/#\/schema\/logo\/image\/"}}]}},"_links":{"self":[{"href":"https:\/\/adindustrial.com\/en\/wp-json\/wp\/v2\/product\/161","targetHints":{"allow":["GET"]}}],"collection":[{"href":"https:\/\/adindustrial.com\/en\/wp-json\/wp\/v2\/product"}],"about":[{"href":"https:\/\/adindustrial.com\/en\/wp-json\/wp\/v2\/types\/product"}],"replies":[{"embeddable":true,"href":"https:\/\/adindustrial.com\/en\/wp-json\/wp\/v2\/comments?post=161"}],"version-history":[{"count":0,"href":"https:\/\/adindustrial.com\/en\/wp-json\/wp\/v2\/product\/161\/revisions"}],"wp:featuredmedia":[{"embeddable":true,"href":"https:\/\/adindustrial.com\/en\/wp-json\/wp\/v2\/media\/351"}],"wp:attachment":[{"href":"https:\/\/adindustrial.com\/en\/wp-json\/wp\/v2\/media?parent=161"}],"wp:term":[{"taxonomy":"product_brand","embeddable":true,"href":"https:\/\/adindustrial.com\/en\/wp-json\/wp\/v2\/product_brand?post=161"},{"taxonomy":"product_cat","embeddable":true,"href":"https:\/\/adindustrial.com\/en\/wp-json\/wp\/v2\/product_cat?post=161"},{"taxonomy":"product_tag","embeddable":true,"href":"https:\/\/adindustrial.com\/en\/wp-json\/wp\/v2\/product_tag?post=161"}],"curies":[{"name":"wp","href":"https:\/\/api.w.org\/{rel}","templated":true}]}}