{"id":153,"date":"2021-03-11T22:18:17","date_gmt":"2021-03-12T04:18:17","guid":{"rendered":"https:\/\/wp.adindustrial.com\/producto\/omni-grid-1\/"},"modified":"2022-11-08T16:55:30","modified_gmt":"2022-11-08T22:55:30","slug":"omni-grid-1","status":"publish","type":"product","link":"https:\/\/adindustrial.com\/en\/productos\/ashworth\/cat-espirales-curvas\/omni-grid\/omni-grid-1\/","title":{"rendered":"Omni-Grid&#174; 1"},"content":{"rendered":"","protected":false},"excerpt":{"rendered":"<ul>\n<li>Available with or without balanced mesh<\/li>\n<li>4.9mm connecting rods<\/li>\n<li>1\u201d longitudinal pitch<\/li>\n<li>Bi-directional<\/li>\n<li>Bend radius options:\n<ul>\n<li>Standard (2.2 or more)<\/li>\n<li>Small (from 1.1 to 2.1)<\/li>\n<li>Super small (from 0.8 to 1.0<\/li>\n<\/ul>\n<\/li>\n<\/ul>","protected":false},"featured_media":933,"comment_status":"closed","ping_status":"closed","template":"","meta":{"site-sidebar-layout":"default","site-content-layout":"default","ast-site-content-layout":"default","site-content-style":"default","site-sidebar-style":"default","ast-global-header-display":"","ast-banner-title-visibility":"","ast-main-header-display":"","ast-hfb-above-header-display":"","ast-hfb-below-header-display":"","ast-hfb-mobile-header-display":"","site-post-title":"","ast-breadcrumbs-content":"","ast-featured-img":"","footer-sml-layout":"","ast-disable-related-posts":"","theme-transparent-header-meta":"default","adv-header-id-meta":"","stick-header-meta":"default","header-above-stick-meta":"","header-main-stick-meta":"","header-below-stick-meta":"","astra-migrate-meta-layouts":"default","ast-page-background-enabled":"default","ast-page-background-meta":{"desktop":{"background-color":"","background-image":"","background-repeat":"repeat","background-position":"center center","background-size":"auto","background-attachment":"scroll","background-type":"","background-media":"","overlay-type":"","overlay-color":"","overlay-opacity":"","overlay-gradient":""},"tablet":{"background-color":"","background-image":"","background-repeat":"repeat","background-position":"center center","background-size":"auto","background-attachment":"scroll","background-type":"","background-media":"","overlay-type":"","overlay-color":"","overlay-opacity":"","overlay-gradient":""},"mobile":{"background-color":"","background-image":"","background-repeat":"repeat","background-position":"center center","background-size":"auto","background-attachment":"scroll","background-type":"","background-media":"","overlay-type":"","overlay-color":"","overlay-opacity":"","overlay-gradient":""}},"ast-content-background-meta":{"desktop":{"background-color":"var(--ast-global-color-5)","background-image":"","background-repeat":"repeat","background-position":"center center","background-size":"auto","background-attachment":"scroll","background-type":"","background-media":"","overlay-type":"","overlay-color":"","overlay-opacity":"","overlay-gradient":""},"tablet":{"background-color":"var(--ast-global-color-5)","background-image":"","background-repeat":"repeat","background-position":"center center","background-size":"auto","background-attachment":"scroll","background-type":"","background-media":"","overlay-type":"","overlay-color":"","overlay-opacity":"","overlay-gradient":""},"mobile":{"background-color":"var(--ast-global-color-5)","background-image":"","background-repeat":"repeat","background-position":"center center","background-size":"auto","background-attachment":"scroll","background-type":"","background-media":"","overlay-type":"","overlay-color":"","overlay-opacity":"","overlay-gradient":""}}},"product_brand":[],"product_cat":[42,44],"product_tag":[],"class_list":{"0":"post-153","1":"product","2":"type-product","3":"status-publish","4":"has-post-thumbnail","6":"product_cat-cat-espirales-curvas","7":"product_cat-omni-grid","8":"desktop-align-left","9":"tablet-align-left","10":"mobile-align-left","11":"ast-product-gallery-layout-horizontal-slider","12":"ast-product-gallery-with-no-image","13":"ast-product-tabs-layout-horizontal","15":"first","16":"instock","17":"shipping-taxable","18":"product-type-simple"},"yoast_head":"<!-- This site is optimized with the Yoast SEO plugin v27.0 - https:\/\/yoast.com\/product\/yoast-seo-wordpress\/ -->\n<title>Omni-Grid&#174; 1 - AD INDUSTRIAL<\/title>\n<meta name=\"robots\" content=\"index, follow, max-snippet:-1, max-image-preview:large, max-video-preview:-1\" \/>\n<link rel=\"canonical\" href=\"https:\/\/adindustrial.com\/en\/productos\/ashworth\/cat-espirales-curvas\/omni-grid\/omni-grid-1\/\" \/>\n<meta property=\"og:locale\" content=\"en_US\" \/>\n<meta property=\"og:type\" content=\"article\" \/>\n<meta property=\"og:title\" content=\"Omni-Grid&#174; 1 - AD INDUSTRIAL\" \/>\n<meta property=\"og:description\" content=\"Disponibles con o sin malla balanceada  Varillas conectoras de 4.9 mm  Paso longitudinal de 1\u201d  Bi-direccionales  Opciones de radios de curva:   Est\u00e1ndar (2.2 o m\u00e1s)  Peque\u00f1o (de 1.1 hasta 2.1)  S\u00faper peque\u00f1o (de 0.8 hasta 1.0\" \/>\n<meta property=\"og:url\" content=\"https:\/\/adindustrial.com\/en\/productos\/ashworth\/cat-espirales-curvas\/omni-grid\/omni-grid-1\/\" \/>\n<meta property=\"og:site_name\" content=\"AD INDUSTRIAL\" \/>\n<meta property=\"article:modified_time\" content=\"2022-11-08T22:55:30+00:00\" \/>\n<meta property=\"og:image\" content=\"https:\/\/adindustrial.com\/wp-content\/uploads\/omnigrid-1.jpg\" \/>\n\t<meta property=\"og:image:width\" content=\"1000\" \/>\n\t<meta property=\"og:image:height\" content=\"715\" \/>\n\t<meta property=\"og:image:type\" content=\"image\/jpeg\" \/>\n<meta name=\"twitter:card\" content=\"summary_large_image\" \/>\n<script type=\"application\/ld+json\" class=\"yoast-schema-graph\">{\"@context\":\"https:\/\/schema.org\",\"@graph\":[{\"@type\":\"WebPage\",\"@id\":\"https:\/\/adindustrial.com\/en\/productos\/ashworth\/cat-espirales-curvas\/omni-grid\/omni-grid-1\/\",\"url\":\"https:\/\/adindustrial.com\/en\/productos\/ashworth\/cat-espirales-curvas\/omni-grid\/omni-grid-1\/\",\"name\":\"Omni-Grid&#174; 1 - AD INDUSTRIAL\",\"isPartOf\":{\"@id\":\"https:\/\/adindustrial.com\/#website\"},\"primaryImageOfPage\":{\"@id\":\"https:\/\/adindustrial.com\/en\/productos\/ashworth\/cat-espirales-curvas\/omni-grid\/omni-grid-1\/#primaryimage\"},\"image\":{\"@id\":\"https:\/\/adindustrial.com\/en\/productos\/ashworth\/cat-espirales-curvas\/omni-grid\/omni-grid-1\/#primaryimage\"},\"thumbnailUrl\":\"https:\/\/adindustrial.com\/wp-content\/uploads\/omnigrid-1.jpg\",\"datePublished\":\"2021-03-12T04:18:17+00:00\",\"dateModified\":\"2022-11-08T22:55:30+00:00\",\"breadcrumb\":{\"@id\":\"https:\/\/adindustrial.com\/en\/productos\/ashworth\/cat-espirales-curvas\/omni-grid\/omni-grid-1\/#breadcrumb\"},\"inLanguage\":\"en-US\",\"potentialAction\":[{\"@type\":\"ReadAction\",\"target\":[\"https:\/\/adindustrial.com\/en\/productos\/ashworth\/cat-espirales-curvas\/omni-grid\/omni-grid-1\/\"]}]},{\"@type\":\"ImageObject\",\"inLanguage\":\"en-US\",\"@id\":\"https:\/\/adindustrial.com\/en\/productos\/ashworth\/cat-espirales-curvas\/omni-grid\/omni-grid-1\/#primaryimage\",\"url\":\"https:\/\/adindustrial.com\/wp-content\/uploads\/omnigrid-1.jpg\",\"contentUrl\":\"https:\/\/adindustrial.com\/wp-content\/uploads\/omnigrid-1.jpg\",\"width\":1000,\"height\":715},{\"@type\":\"BreadcrumbList\",\"@id\":\"https:\/\/adindustrial.com\/en\/productos\/ashworth\/cat-espirales-curvas\/omni-grid\/omni-grid-1\/#breadcrumb\",\"itemListElement\":[{\"@type\":\"ListItem\",\"position\":1,\"name\":\"Inicio\",\"item\":\"https:\/\/adindustrial.com\/\"},{\"@type\":\"ListItem\",\"position\":2,\"name\":\"Productos\",\"item\":\"https:\/\/adindustrial.com\/productos\/\"},{\"@type\":\"ListItem\",\"position\":3,\"name\":\"Omni-Grid&#174; 1\"}]},{\"@type\":\"WebSite\",\"@id\":\"https:\/\/adindustrial.com\/#website\",\"url\":\"https:\/\/adindustrial.com\/\",\"name\":\"AD INDUSTRIAL\",\"description\":\"Industria en movimiento\",\"publisher\":{\"@id\":\"https:\/\/adindustrial.com\/#organization\"},\"potentialAction\":[{\"@type\":\"SearchAction\",\"target\":{\"@type\":\"EntryPoint\",\"urlTemplate\":\"https:\/\/adindustrial.com\/?s={search_term_string}\"},\"query-input\":{\"@type\":\"PropertyValueSpecification\",\"valueRequired\":true,\"valueName\":\"search_term_string\"}}],\"inLanguage\":\"en-US\"},{\"@type\":\"Organization\",\"@id\":\"https:\/\/adindustrial.com\/#organization\",\"name\":\"Ad Industrial S.A. de C.V.\",\"url\":\"https:\/\/adindustrial.com\/\",\"logo\":{\"@type\":\"ImageObject\",\"inLanguage\":\"en-US\",\"@id\":\"https:\/\/adindustrial.com\/#\/schema\/logo\/image\/\",\"url\":\"https:\/\/adindustrial.com\/wp-content\/uploads\/2021\/03\/ADIndustrial-logo.png\",\"contentUrl\":\"https:\/\/adindustrial.com\/wp-content\/uploads\/2021\/03\/ADIndustrial-logo.png\",\"width\":1000,\"height\":265,\"caption\":\"Ad Industrial S.A. de C.V.\"},\"image\":{\"@id\":\"https:\/\/adindustrial.com\/#\/schema\/logo\/image\/\"}}]}<\/script>\n<!-- \/ Yoast SEO plugin. -->","yoast_head_json":{"title":"Omni-Grid&#174; 1 - AD INDUSTRIAL","robots":{"index":"index","follow":"follow","max-snippet":"max-snippet:-1","max-image-preview":"max-image-preview:large","max-video-preview":"max-video-preview:-1"},"canonical":"https:\/\/adindustrial.com\/en\/productos\/ashworth\/cat-espirales-curvas\/omni-grid\/omni-grid-1\/","og_locale":"en_US","og_type":"article","og_title":"Omni-Grid&#174; 1 - AD INDUSTRIAL","og_description":"Disponibles con o sin malla balanceada  Varillas conectoras de 4.9 mm  Paso longitudinal de 1\u201d  Bi-direccionales  Opciones de radios de curva:   Est\u00e1ndar (2.2 o m\u00e1s)  Peque\u00f1o (de 1.1 hasta 2.1)  S\u00faper peque\u00f1o (de 0.8 hasta 1.0","og_url":"https:\/\/adindustrial.com\/en\/productos\/ashworth\/cat-espirales-curvas\/omni-grid\/omni-grid-1\/","og_site_name":"AD INDUSTRIAL","article_modified_time":"2022-11-08T22:55:30+00:00","og_image":[{"width":1000,"height":715,"url":"https:\/\/adindustrial.com\/wp-content\/uploads\/omnigrid-1.jpg","type":"image\/jpeg"}],"twitter_card":"summary_large_image","schema":{"@context":"https:\/\/schema.org","@graph":[{"@type":"WebPage","@id":"https:\/\/adindustrial.com\/en\/productos\/ashworth\/cat-espirales-curvas\/omni-grid\/omni-grid-1\/","url":"https:\/\/adindustrial.com\/en\/productos\/ashworth\/cat-espirales-curvas\/omni-grid\/omni-grid-1\/","name":"Omni-Grid&#174; 1 - AD INDUSTRIAL","isPartOf":{"@id":"https:\/\/adindustrial.com\/#website"},"primaryImageOfPage":{"@id":"https:\/\/adindustrial.com\/en\/productos\/ashworth\/cat-espirales-curvas\/omni-grid\/omni-grid-1\/#primaryimage"},"image":{"@id":"https:\/\/adindustrial.com\/en\/productos\/ashworth\/cat-espirales-curvas\/omni-grid\/omni-grid-1\/#primaryimage"},"thumbnailUrl":"https:\/\/adindustrial.com\/wp-content\/uploads\/omnigrid-1.jpg","datePublished":"2021-03-12T04:18:17+00:00","dateModified":"2022-11-08T22:55:30+00:00","breadcrumb":{"@id":"https:\/\/adindustrial.com\/en\/productos\/ashworth\/cat-espirales-curvas\/omni-grid\/omni-grid-1\/#breadcrumb"},"inLanguage":"en-US","potentialAction":[{"@type":"ReadAction","target":["https:\/\/adindustrial.com\/en\/productos\/ashworth\/cat-espirales-curvas\/omni-grid\/omni-grid-1\/"]}]},{"@type":"ImageObject","inLanguage":"en-US","@id":"https:\/\/adindustrial.com\/en\/productos\/ashworth\/cat-espirales-curvas\/omni-grid\/omni-grid-1\/#primaryimage","url":"https:\/\/adindustrial.com\/wp-content\/uploads\/omnigrid-1.jpg","contentUrl":"https:\/\/adindustrial.com\/wp-content\/uploads\/omnigrid-1.jpg","width":1000,"height":715},{"@type":"BreadcrumbList","@id":"https:\/\/adindustrial.com\/en\/productos\/ashworth\/cat-espirales-curvas\/omni-grid\/omni-grid-1\/#breadcrumb","itemListElement":[{"@type":"ListItem","position":1,"name":"Inicio","item":"https:\/\/adindustrial.com\/"},{"@type":"ListItem","position":2,"name":"Productos","item":"https:\/\/adindustrial.com\/productos\/"},{"@type":"ListItem","position":3,"name":"Omni-Grid&#174; 1"}]},{"@type":"WebSite","@id":"https:\/\/adindustrial.com\/#website","url":"https:\/\/adindustrial.com\/","name":"AD INDUSTRIAL","description":"Industria en movimiento","publisher":{"@id":"https:\/\/adindustrial.com\/#organization"},"potentialAction":[{"@type":"SearchAction","target":{"@type":"EntryPoint","urlTemplate":"https:\/\/adindustrial.com\/?s={search_term_string}"},"query-input":{"@type":"PropertyValueSpecification","valueRequired":true,"valueName":"search_term_string"}}],"inLanguage":"en-US"},{"@type":"Organization","@id":"https:\/\/adindustrial.com\/#organization","name":"Ad Industrial S.A. de C.V.","url":"https:\/\/adindustrial.com\/","logo":{"@type":"ImageObject","inLanguage":"en-US","@id":"https:\/\/adindustrial.com\/#\/schema\/logo\/image\/","url":"https:\/\/adindustrial.com\/wp-content\/uploads\/2021\/03\/ADIndustrial-logo.png","contentUrl":"https:\/\/adindustrial.com\/wp-content\/uploads\/2021\/03\/ADIndustrial-logo.png","width":1000,"height":265,"caption":"Ad Industrial S.A. de C.V."},"image":{"@id":"https:\/\/adindustrial.com\/#\/schema\/logo\/image\/"}}]}},"_links":{"self":[{"href":"https:\/\/adindustrial.com\/en\/wp-json\/wp\/v2\/product\/153","targetHints":{"allow":["GET"]}}],"collection":[{"href":"https:\/\/adindustrial.com\/en\/wp-json\/wp\/v2\/product"}],"about":[{"href":"https:\/\/adindustrial.com\/en\/wp-json\/wp\/v2\/types\/product"}],"replies":[{"embeddable":true,"href":"https:\/\/adindustrial.com\/en\/wp-json\/wp\/v2\/comments?post=153"}],"version-history":[{"count":0,"href":"https:\/\/adindustrial.com\/en\/wp-json\/wp\/v2\/product\/153\/revisions"}],"wp:featuredmedia":[{"embeddable":true,"href":"https:\/\/adindustrial.com\/en\/wp-json\/wp\/v2\/media\/933"}],"wp:attachment":[{"href":"https:\/\/adindustrial.com\/en\/wp-json\/wp\/v2\/media?parent=153"}],"wp:term":[{"taxonomy":"product_brand","embeddable":true,"href":"https:\/\/adindustrial.com\/en\/wp-json\/wp\/v2\/product_brand?post=153"},{"taxonomy":"product_cat","embeddable":true,"href":"https:\/\/adindustrial.com\/en\/wp-json\/wp\/v2\/product_cat?post=153"},{"taxonomy":"product_tag","embeddable":true,"href":"https:\/\/adindustrial.com\/en\/wp-json\/wp\/v2\/product_tag?post=153"}],"curies":[{"name":"wp","href":"https:\/\/api.w.org\/{rel}","templated":true}]}}