{"id":141,"date":"2021-03-11T22:18:16","date_gmt":"2021-03-12T04:18:16","guid":{"rendered":"https:\/\/wp.adindustrial.com\/producto\/bandas-de-traccion-positiva-con-cadena\/"},"modified":"2022-11-04T11:39:18","modified_gmt":"2022-11-04T17:39:18","slug":"bandas-de-traccion-positiva-con-cadena","status":"publish","type":"product","link":"https:\/\/adindustrial.com\/en\/productos\/ashworth\/cat-traccion-positiva\/bandas-de-traccion-positiva-con-cadena\/","title":{"rendered":"Positive traction belts with chain"},"content":{"rendered":"<div data-elementor-type=\"product-post\" data-elementor-id=\"141\" class=\"elementor elementor-141\" data-elementor-post-type=\"product\">\n\t\t\t\t\t\t<section class=\"elementor-section elementor-top-section elementor-element elementor-element-f4df17f elementor-section-boxed elementor-section-height-default elementor-section-height-default\" data-id=\"f4df17f\" data-element_type=\"section\" data-e-type=\"section\">\n\t\t\t\t\t\t<div class=\"elementor-container elementor-column-gap-default\">\n\t\t\t\t\t<div class=\"elementor-column elementor-col-100 elementor-top-column elementor-element elementor-element-87298aa\" data-id=\"87298aa\" data-element_type=\"column\" data-e-type=\"column\">\n\t\t\t<div class=\"elementor-widget-wrap elementor-element-populated\">\n\t\t\t\t\t\t<div class=\"elementor-element elementor-element-c7e2573 elementor-widget elementor-widget-button\" data-id=\"c7e2573\" data-element_type=\"widget\" data-e-type=\"widget\" data-widget_type=\"button.default\">\n\t\t\t\t<div class=\"elementor-widget-container\">\n\t\t\t\t\t\t\t\t\t<div class=\"elementor-button-wrapper\">\n\t\t\t\t\t<a class=\"elementor-button elementor-button-link elementor-size-sm\" href=\"https:\/\/adindustrial.com\/en\/?attachment_id=1293\" target=\"_blank\">\n\t\t\t\t\t\t<span class=\"elementor-button-content-wrapper\">\n\t\t\t\t\t\t\t\t\t<span class=\"elementor-button-text\">Descarga el cat\u00e1logo ENG<\/span>\n\t\t\t\t\t<\/span>\n\t\t\t\t\t<\/a>\n\t\t\t\t<\/div>\n\t\t\t\t\t\t\t\t<\/div>\n\t\t\t\t<\/div>\n\t\t\t\t\t<\/div>\n\t\t<\/div>\n\t\t\t\t\t<\/div>\n\t\t<\/section>\n\t\t\t\t<\/div>","protected":false},"excerpt":{"rendered":"<ul>\n<li>The combinations in the specifications are unlimited<\/li>\n<li>The widest range of applications<\/li>\n<li>100% configurable<\/li>\n<li>Available with the most popular chain types in the industry.<\/li>\n<li>Can accommodate side guards<\/li>\n<\/ul>","protected":false},"featured_media":1292,"comment_status":"closed","ping_status":"closed","template":"","meta":{"site-sidebar-layout":"no-sidebar","site-content-layout":"page-builder","ast-site-content-layout":"default","site-content-style":"default","site-sidebar-style":"default","ast-global-header-display":"","ast-banner-title-visibility":"","ast-main-header-display":"","ast-hfb-above-header-display":"","ast-hfb-below-header-display":"","ast-hfb-mobile-header-display":"","site-post-title":"disabled","ast-breadcrumbs-content":"","ast-featured-img":"disabled","footer-sml-layout":"","ast-disable-related-posts":"","theme-transparent-header-meta":"default","adv-header-id-meta":"","stick-header-meta":"default","header-above-stick-meta":"","header-main-stick-meta":"","header-below-stick-meta":"","astra-migrate-meta-layouts":"default","ast-page-background-enabled":"default","ast-page-background-meta":{"desktop":{"background-color":"","background-image":"","background-repeat":"repeat","background-position":"center center","background-size":"auto","background-attachment":"scroll","background-type":"","background-media":"","overlay-type":"","overlay-color":"","overlay-opacity":"","overlay-gradient":""},"tablet":{"background-color":"","background-image":"","background-repeat":"repeat","background-position":"center center","background-size":"auto","background-attachment":"scroll","background-type":"","background-media":"","overlay-type":"","overlay-color":"","overlay-opacity":"","overlay-gradient":""},"mobile":{"background-color":"","background-image":"","background-repeat":"repeat","background-position":"center center","background-size":"auto","background-attachment":"scroll","background-type":"","background-media":"","overlay-type":"","overlay-color":"","overlay-opacity":"","overlay-gradient":""}},"ast-content-background-meta":{"desktop":{"background-color":"var(--ast-global-color-5)","background-image":"","background-repeat":"repeat","background-position":"center center","background-size":"auto","background-attachment":"scroll","background-type":"","background-media":"","overlay-type":"","overlay-color":"","overlay-opacity":"","overlay-gradient":""},"tablet":{"background-color":"var(--ast-global-color-5)","background-image":"","background-repeat":"repeat","background-position":"center center","background-size":"auto","background-attachment":"scroll","background-type":"","background-media":"","overlay-type":"","overlay-color":"","overlay-opacity":"","overlay-gradient":""},"mobile":{"background-color":"var(--ast-global-color-5)","background-image":"","background-repeat":"repeat","background-position":"center center","background-size":"auto","background-attachment":"scroll","background-type":"","background-media":"","overlay-type":"","overlay-color":"","overlay-opacity":"","overlay-gradient":""}}},"product_brand":[],"product_cat":[36],"product_tag":[],"class_list":{"0":"post-141","1":"product","2":"type-product","3":"status-publish","4":"has-post-thumbnail","6":"product_cat-cat-traccion-positiva","7":"desktop-align-left","8":"tablet-align-left","9":"mobile-align-left","10":"ast-product-gallery-layout-horizontal-slider","11":"ast-product-gallery-with-no-image","12":"ast-product-tabs-layout-horizontal","14":"first","15":"instock","16":"shipping-taxable","17":"product-type-simple"},"yoast_head":"<!-- This site is optimized with the Yoast SEO plugin v27.0 - https:\/\/yoast.com\/product\/yoast-seo-wordpress\/ -->\n<title>Bandas de tracci\u00f3n positiva con cadena - AD INDUSTRIAL<\/title>\n<meta name=\"robots\" content=\"index, follow, max-snippet:-1, max-image-preview:large, max-video-preview:-1\" \/>\n<link rel=\"canonical\" href=\"https:\/\/adindustrial.com\/en\/productos\/ashworth\/cat-traccion-positiva\/bandas-de-traccion-positiva-con-cadena\/\" \/>\n<meta property=\"og:locale\" content=\"en_US\" \/>\n<meta property=\"og:type\" content=\"article\" \/>\n<meta property=\"og:title\" content=\"Bandas de tracci\u00f3n positiva con cadena - AD INDUSTRIAL\" \/>\n<meta property=\"og:description\" content=\"Las combinaciones en las especificaciones son ilimitadas  El m\u00e1s amplio rango de aplicaciones  100% configurable  Disponibles con los tipos de cadena m\u00e1s populares en la industria.  Pueden acomodar guardas laterales\" \/>\n<meta property=\"og:url\" content=\"https:\/\/adindustrial.com\/en\/productos\/ashworth\/cat-traccion-positiva\/bandas-de-traccion-positiva-con-cadena\/\" \/>\n<meta property=\"og:site_name\" content=\"AD INDUSTRIAL\" \/>\n<meta property=\"article:modified_time\" content=\"2022-11-04T17:39:18+00:00\" \/>\n<meta property=\"og:image\" content=\"https:\/\/adindustrial.com\/wp-content\/uploads\/PDCE.jpg\" \/>\n\t<meta property=\"og:image:width\" content=\"1000\" \/>\n\t<meta property=\"og:image:height\" content=\"715\" \/>\n\t<meta property=\"og:image:type\" content=\"image\/jpeg\" \/>\n<meta name=\"twitter:card\" content=\"summary_large_image\" \/>\n<script type=\"application\/ld+json\" class=\"yoast-schema-graph\">{\"@context\":\"https:\/\/schema.org\",\"@graph\":[{\"@type\":\"WebPage\",\"@id\":\"https:\/\/adindustrial.com\/productos\/ashworth\/cat-traccion-positiva\/bandas-de-traccion-positiva-con-cadena\/\",\"url\":\"https:\/\/adindustrial.com\/productos\/ashworth\/cat-traccion-positiva\/bandas-de-traccion-positiva-con-cadena\/\",\"name\":\"Bandas de tracci\u00f3n positiva con cadena - AD INDUSTRIAL\",\"isPartOf\":{\"@id\":\"https:\/\/adindustrial.com\/#website\"},\"primaryImageOfPage\":{\"@id\":\"https:\/\/adindustrial.com\/productos\/ashworth\/cat-traccion-positiva\/bandas-de-traccion-positiva-con-cadena\/#primaryimage\"},\"image\":{\"@id\":\"https:\/\/adindustrial.com\/productos\/ashworth\/cat-traccion-positiva\/bandas-de-traccion-positiva-con-cadena\/#primaryimage\"},\"thumbnailUrl\":\"https:\/\/adindustrial.com\/wp-content\/uploads\/PDCE.jpg\",\"datePublished\":\"2021-03-12T04:18:16+00:00\",\"dateModified\":\"2022-11-04T17:39:18+00:00\",\"breadcrumb\":{\"@id\":\"https:\/\/adindustrial.com\/productos\/ashworth\/cat-traccion-positiva\/bandas-de-traccion-positiva-con-cadena\/#breadcrumb\"},\"inLanguage\":\"en-US\",\"potentialAction\":[{\"@type\":\"ReadAction\",\"target\":[\"https:\/\/adindustrial.com\/productos\/ashworth\/cat-traccion-positiva\/bandas-de-traccion-positiva-con-cadena\/\"]}]},{\"@type\":\"ImageObject\",\"inLanguage\":\"en-US\",\"@id\":\"https:\/\/adindustrial.com\/productos\/ashworth\/cat-traccion-positiva\/bandas-de-traccion-positiva-con-cadena\/#primaryimage\",\"url\":\"https:\/\/adindustrial.com\/wp-content\/uploads\/PDCE.jpg\",\"contentUrl\":\"https:\/\/adindustrial.com\/wp-content\/uploads\/PDCE.jpg\",\"width\":1000,\"height\":715},{\"@type\":\"BreadcrumbList\",\"@id\":\"https:\/\/adindustrial.com\/productos\/ashworth\/cat-traccion-positiva\/bandas-de-traccion-positiva-con-cadena\/#breadcrumb\",\"itemListElement\":[{\"@type\":\"ListItem\",\"position\":1,\"name\":\"Inicio\",\"item\":\"https:\/\/adindustrial.com\/\"},{\"@type\":\"ListItem\",\"position\":2,\"name\":\"Productos\",\"item\":\"https:\/\/adindustrial.com\/productos\/\"},{\"@type\":\"ListItem\",\"position\":3,\"name\":\"Bandas de tracci\u00f3n positiva con cadena\"}]},{\"@type\":\"WebSite\",\"@id\":\"https:\/\/adindustrial.com\/#website\",\"url\":\"https:\/\/adindustrial.com\/\",\"name\":\"AD INDUSTRIAL\",\"description\":\"Industria en movimiento\",\"publisher\":{\"@id\":\"https:\/\/adindustrial.com\/#organization\"},\"potentialAction\":[{\"@type\":\"SearchAction\",\"target\":{\"@type\":\"EntryPoint\",\"urlTemplate\":\"https:\/\/adindustrial.com\/?s={search_term_string}\"},\"query-input\":{\"@type\":\"PropertyValueSpecification\",\"valueRequired\":true,\"valueName\":\"search_term_string\"}}],\"inLanguage\":\"en-US\"},{\"@type\":\"Organization\",\"@id\":\"https:\/\/adindustrial.com\/#organization\",\"name\":\"Ad Industrial S.A. de C.V.\",\"url\":\"https:\/\/adindustrial.com\/\",\"logo\":{\"@type\":\"ImageObject\",\"inLanguage\":\"en-US\",\"@id\":\"https:\/\/adindustrial.com\/#\/schema\/logo\/image\/\",\"url\":\"https:\/\/adindustrial.com\/wp-content\/uploads\/2021\/03\/ADIndustrial-logo.png\",\"contentUrl\":\"https:\/\/adindustrial.com\/wp-content\/uploads\/2021\/03\/ADIndustrial-logo.png\",\"width\":1000,\"height\":265,\"caption\":\"Ad Industrial S.A. de C.V.\"},\"image\":{\"@id\":\"https:\/\/adindustrial.com\/#\/schema\/logo\/image\/\"}}]}<\/script>\n<!-- \/ Yoast SEO plugin. -->","yoast_head_json":{"title":"Bandas de tracci\u00f3n positiva con cadena - AD INDUSTRIAL","robots":{"index":"index","follow":"follow","max-snippet":"max-snippet:-1","max-image-preview":"max-image-preview:large","max-video-preview":"max-video-preview:-1"},"canonical":"https:\/\/adindustrial.com\/en\/productos\/ashworth\/cat-traccion-positiva\/bandas-de-traccion-positiva-con-cadena\/","og_locale":"en_US","og_type":"article","og_title":"Bandas de tracci\u00f3n positiva con cadena - AD INDUSTRIAL","og_description":"Las combinaciones en las especificaciones son ilimitadas  El m\u00e1s amplio rango de aplicaciones  100% configurable  Disponibles con los tipos de cadena m\u00e1s populares en la industria.  Pueden acomodar guardas laterales","og_url":"https:\/\/adindustrial.com\/en\/productos\/ashworth\/cat-traccion-positiva\/bandas-de-traccion-positiva-con-cadena\/","og_site_name":"AD INDUSTRIAL","article_modified_time":"2022-11-04T17:39:18+00:00","og_image":[{"width":1000,"height":715,"url":"https:\/\/adindustrial.com\/wp-content\/uploads\/PDCE.jpg","type":"image\/jpeg"}],"twitter_card":"summary_large_image","schema":{"@context":"https:\/\/schema.org","@graph":[{"@type":"WebPage","@id":"https:\/\/adindustrial.com\/productos\/ashworth\/cat-traccion-positiva\/bandas-de-traccion-positiva-con-cadena\/","url":"https:\/\/adindustrial.com\/productos\/ashworth\/cat-traccion-positiva\/bandas-de-traccion-positiva-con-cadena\/","name":"Bandas de tracci\u00f3n positiva con cadena - AD INDUSTRIAL","isPartOf":{"@id":"https:\/\/adindustrial.com\/#website"},"primaryImageOfPage":{"@id":"https:\/\/adindustrial.com\/productos\/ashworth\/cat-traccion-positiva\/bandas-de-traccion-positiva-con-cadena\/#primaryimage"},"image":{"@id":"https:\/\/adindustrial.com\/productos\/ashworth\/cat-traccion-positiva\/bandas-de-traccion-positiva-con-cadena\/#primaryimage"},"thumbnailUrl":"https:\/\/adindustrial.com\/wp-content\/uploads\/PDCE.jpg","datePublished":"2021-03-12T04:18:16+00:00","dateModified":"2022-11-04T17:39:18+00:00","breadcrumb":{"@id":"https:\/\/adindustrial.com\/productos\/ashworth\/cat-traccion-positiva\/bandas-de-traccion-positiva-con-cadena\/#breadcrumb"},"inLanguage":"en-US","potentialAction":[{"@type":"ReadAction","target":["https:\/\/adindustrial.com\/productos\/ashworth\/cat-traccion-positiva\/bandas-de-traccion-positiva-con-cadena\/"]}]},{"@type":"ImageObject","inLanguage":"en-US","@id":"https:\/\/adindustrial.com\/productos\/ashworth\/cat-traccion-positiva\/bandas-de-traccion-positiva-con-cadena\/#primaryimage","url":"https:\/\/adindustrial.com\/wp-content\/uploads\/PDCE.jpg","contentUrl":"https:\/\/adindustrial.com\/wp-content\/uploads\/PDCE.jpg","width":1000,"height":715},{"@type":"BreadcrumbList","@id":"https:\/\/adindustrial.com\/productos\/ashworth\/cat-traccion-positiva\/bandas-de-traccion-positiva-con-cadena\/#breadcrumb","itemListElement":[{"@type":"ListItem","position":1,"name":"Inicio","item":"https:\/\/adindustrial.com\/"},{"@type":"ListItem","position":2,"name":"Productos","item":"https:\/\/adindustrial.com\/productos\/"},{"@type":"ListItem","position":3,"name":"Bandas de tracci\u00f3n positiva con cadena"}]},{"@type":"WebSite","@id":"https:\/\/adindustrial.com\/#website","url":"https:\/\/adindustrial.com\/","name":"AD INDUSTRIAL","description":"Industria en movimiento","publisher":{"@id":"https:\/\/adindustrial.com\/#organization"},"potentialAction":[{"@type":"SearchAction","target":{"@type":"EntryPoint","urlTemplate":"https:\/\/adindustrial.com\/?s={search_term_string}"},"query-input":{"@type":"PropertyValueSpecification","valueRequired":true,"valueName":"search_term_string"}}],"inLanguage":"en-US"},{"@type":"Organization","@id":"https:\/\/adindustrial.com\/#organization","name":"Ad Industrial S.A. de C.V.","url":"https:\/\/adindustrial.com\/","logo":{"@type":"ImageObject","inLanguage":"en-US","@id":"https:\/\/adindustrial.com\/#\/schema\/logo\/image\/","url":"https:\/\/adindustrial.com\/wp-content\/uploads\/2021\/03\/ADIndustrial-logo.png","contentUrl":"https:\/\/adindustrial.com\/wp-content\/uploads\/2021\/03\/ADIndustrial-logo.png","width":1000,"height":265,"caption":"Ad Industrial S.A. de C.V."},"image":{"@id":"https:\/\/adindustrial.com\/#\/schema\/logo\/image\/"}}]}},"_links":{"self":[{"href":"https:\/\/adindustrial.com\/en\/wp-json\/wp\/v2\/product\/141","targetHints":{"allow":["GET"]}}],"collection":[{"href":"https:\/\/adindustrial.com\/en\/wp-json\/wp\/v2\/product"}],"about":[{"href":"https:\/\/adindustrial.com\/en\/wp-json\/wp\/v2\/types\/product"}],"replies":[{"embeddable":true,"href":"https:\/\/adindustrial.com\/en\/wp-json\/wp\/v2\/comments?post=141"}],"version-history":[{"count":0,"href":"https:\/\/adindustrial.com\/en\/wp-json\/wp\/v2\/product\/141\/revisions"}],"wp:featuredmedia":[{"embeddable":true,"href":"https:\/\/adindustrial.com\/en\/wp-json\/wp\/v2\/media\/1292"}],"wp:attachment":[{"href":"https:\/\/adindustrial.com\/en\/wp-json\/wp\/v2\/media?parent=141"}],"wp:term":[{"taxonomy":"product_brand","embeddable":true,"href":"https:\/\/adindustrial.com\/en\/wp-json\/wp\/v2\/product_brand?post=141"},{"taxonomy":"product_cat","embeddable":true,"href":"https:\/\/adindustrial.com\/en\/wp-json\/wp\/v2\/product_cat?post=141"},{"taxonomy":"product_tag","embeddable":true,"href":"https:\/\/adindustrial.com\/en\/wp-json\/wp\/v2\/product_tag?post=141"}],"curies":[{"name":"wp","href":"https:\/\/api.w.org\/{rel}","templated":true}]}}