{"id":245,"date":"2021-03-17T12:20:48","date_gmt":"2021-03-17T18:20:48","guid":{"rendered":"https:\/\/wp.adindustrial.com\/?page_id=245"},"modified":"2022-11-08T11:06:20","modified_gmt":"2022-11-08T17:06:20","slug":"quienes-somos","status":"publish","type":"page","link":"https:\/\/adindustrial.com\/en\/quienes-somos\/","title":{"rendered":"About us"},"content":{"rendered":"<div data-elementor-type=\"wp-page\" data-elementor-id=\"245\" class=\"elementor elementor-245\" data-elementor-post-type=\"page\">\n\t\t\t\t\t\t<section class=\"elementor-section elementor-top-section elementor-element elementor-element-2a49516 elementor-section-height-min-height elementor-section-boxed elementor-section-height-default elementor-section-items-middle\" data-id=\"2a49516\" data-element_type=\"section\" data-e-type=\"section\" data-settings=\"{&quot;background_background&quot;:&quot;classic&quot;}\">\n\t\t\t\t\t\t\t<div class=\"elementor-background-overlay\"><\/div>\n\t\t\t\t\t\t\t<div class=\"elementor-container elementor-column-gap-default\">\n\t\t\t\t\t<div class=\"elementor-column elementor-col-50 elementor-top-column elementor-element elementor-element-71100f1\" data-id=\"71100f1\" data-element_type=\"column\" data-e-type=\"column\">\n\t\t\t<div class=\"elementor-widget-wrap elementor-element-populated\">\n\t\t\t\t\t\t<div class=\"elementor-element elementor-element-1519c49 elementor-widget elementor-widget-image\" data-id=\"1519c49\" data-element_type=\"widget\" data-e-type=\"widget\" data-widget_type=\"image.default\">\n\t\t\t\t<div class=\"elementor-widget-container\">\n\t\t\t\t\t\t\t\t\t\t\t\t\t\t\t<img fetchpriority=\"high\" decoding=\"async\" width=\"1000\" height=\"265\" src=\"https:\/\/adindustrial.com\/wp-content\/uploads\/2021\/03\/ADIndustrial-logo.png\" class=\"attachment-full size-full wp-image-22\" alt=\"AD Industrial logotipo\" srcset=\"https:\/\/adindustrial.com\/wp-content\/uploads\/2021\/03\/ADIndustrial-logo.png 1000w, https:\/\/adindustrial.com\/wp-content\/uploads\/2021\/03\/ADIndustrial-logo-300x80.png 300w, https:\/\/adindustrial.com\/wp-content\/uploads\/2021\/03\/ADIndustrial-logo-768x204.png 768w, https:\/\/adindustrial.com\/wp-content\/uploads\/2021\/03\/ADIndustrial-logo-18x5.png 18w, https:\/\/adindustrial.com\/wp-content\/uploads\/2021\/03\/ADIndustrial-logo-600x159.png 600w\" sizes=\"(max-width: 1000px) 100vw, 1000px\" \/>\t\t\t\t\t\t\t\t\t\t\t\t\t\t\t<\/div>\n\t\t\t\t<\/div>\n\t\t\t\t\t<\/div>\n\t\t<\/div>\n\t\t\t\t<div class=\"elementor-column elementor-col-50 elementor-top-column elementor-element elementor-element-bc063db\" data-id=\"bc063db\" data-element_type=\"column\" data-e-type=\"column\">\n\t\t\t<div class=\"elementor-widget-wrap elementor-element-populated\">\n\t\t\t\t\t\t<div class=\"elementor-element elementor-element-8c9c3a4 elementor-widget elementor-widget-text-editor\" data-id=\"8c9c3a4\" data-element_type=\"widget\" data-e-type=\"widget\" data-widget_type=\"text-editor.default\">\n\t\t\t\t<div class=\"elementor-widget-container\">\n\t\t\t\t\t\t\t\t\t<p><strong>DISTRIBUTOR OF EXCELLENCE<\/strong><\/p>\n<p>At ADIndustrial, we are experts in solutions and technology for moving materials in the food industry in Mexico and Latin America, with DTS: leaders in industrial cooling.<\/p>\t\t\t\t\t\t\t\t<\/div>\n\t\t\t\t<\/div>\n\t\t\t\t\t<\/div>\n\t\t<\/div>\n\t\t\t\t\t<\/div>\n\t\t<\/section>\n\t\t\t\t<section class=\"elementor-section elementor-top-section elementor-element elementor-element-edc86ac elementor-section-boxed elementor-section-height-default elementor-section-height-default\" data-id=\"edc86ac\" data-element_type=\"section\" data-e-type=\"section\">\n\t\t\t\t\t\t<div class=\"elementor-container elementor-column-gap-wider\">\n\t\t\t\t\t<div class=\"elementor-column elementor-col-100 elementor-top-column elementor-element elementor-element-581c8b6\" data-id=\"581c8b6\" data-element_type=\"column\" data-e-type=\"column\">\n\t\t\t<div class=\"elementor-widget-wrap elementor-element-populated\">\n\t\t\t\t\t\t<div class=\"elementor-element elementor-element-10f2fae elementor-widget elementor-widget-text-editor\" data-id=\"10f2fae\" data-element_type=\"widget\" data-e-type=\"widget\" data-widget_type=\"text-editor.default\">\n\t\t\t\t<div class=\"elementor-widget-container\">\n\t\t\t\t\t\t\t\t\t<p>Recognized for our innovative range of solutions, the excellent quality of our products and the exceptional level of service, ADIndustrial responds to the demanding demand of multinational customers in the protein, bakery, dairy products, snacks, fresh and frozen products and beverages sectors.<\/p><p><b>Industry on the move<\/b>: our engineering team is always ready to prevent and avoid a costly plant stoppage. The technical capacity of our team, audit programs and stress tests make up the world-class service that protects your operation throughout the country.<\/p><p>More than 15 years of experience serving the industry. Distributor of the leading manufacturers of equipment, conveyor belts and industrial supplies, ADIndustrial offers the demanding food industry the most innovative solution that guarantees its production and profitability.<\/p><p>Yes, multinational corporations trust ADIndustrial for its wide coverage. ADIndustrial keeps each and every one of its plants in motion throughout the national territory.<\/p><p>We share the values \u200b\u200bof your industry: profitability, loyalty, ethics, integrity, responsibility and service.<\/p><p><strong>TECHNICAL CAPACITY<\/strong><\/p><ul class=\"browser-default\"><li>We link manufacturers and customers to obtain creative and innovative solutions.<\/li><li>Specialized technical support.<\/li><li>Face-to-face training and through new communication technologies.<\/li><li>Real-time support. Expert and trained engineers to support your improvement and growth plans<br \/><ul class=\"browser-default\"><li>Support to support your designs and special requirements.<\/li><li>Expert knowledge of the processes in the industry in Mexico.<\/li><li>We identify and solve your maintenance problems.<\/li><li>Audits and stress tests for preventive and corrective diagnosis.<\/li><li>Decades of experience in the industry.<\/li><li>Local inventory capacity to improve response times.<\/li><li>New technologies always available.<\/li><\/ul><\/li><\/ul>\t\t\t\t\t\t\t\t<\/div>\n\t\t\t\t<\/div>\n\t\t\t\t\t<\/div>\n\t\t<\/div>\n\t\t\t\t\t<\/div>\n\t\t<\/section>\n\t\t\t\t<\/div>","protected":false},"excerpt":{"rendered":"<p>DISTRIBUIDOR DE EXCELENCIA En ADIndustrial, somos expertos en soluciones y tecnolog\u00eda de movimiento de materiales en la industria de alimentos en M\u00e9xico y Latinoam\u00e9rica, con DTS: l\u00edderes en enfriamiento industrial. Reconocidos por nuestra innovadora gama de soluciones, la excelente calidad de nuestros productos y el excepcional nivel de servicio, ADIndustrial responde a la exigente demanda [&hellip;]<\/p>\n","protected":false},"author":1,"featured_media":0,"parent":0,"menu_order":0,"comment_status":"closed","ping_status":"closed","template":"","meta":{"site-sidebar-layout":"no-sidebar","site-content-layout":"page-builder","ast-site-content-layout":"default","site-content-style":"default","site-sidebar-style":"default","ast-global-header-display":"","ast-banner-title-visibility":"","ast-main-header-display":"","ast-hfb-above-header-display":"","ast-hfb-below-header-display":"","ast-hfb-mobile-header-display":"","site-post-title":"disabled","ast-breadcrumbs-content":"","ast-featured-img":"disabled","footer-sml-layout":"","ast-disable-related-posts":"","theme-transparent-header-meta":"default","adv-header-id-meta":"","stick-header-meta":"default","header-above-stick-meta":"","header-main-stick-meta":"","header-below-stick-meta":"","astra-migrate-meta-layouts":"default","ast-page-background-enabled":"default","ast-page-background-meta":{"desktop":{"background-color":"","background-image":"","background-repeat":"repeat","background-position":"center center","background-size":"auto","background-attachment":"scroll","background-type":"","background-media":"","overlay-type":"","overlay-color":"","overlay-opacity":"","overlay-gradient":""},"tablet":{"background-color":"","background-image":"","background-repeat":"repeat","background-position":"center center","background-size":"auto","background-attachment":"scroll","background-type":"","background-media":"","overlay-type":"","overlay-color":"","overlay-opacity":"","overlay-gradient":""},"mobile":{"background-color":"","background-image":"","background-repeat":"repeat","background-position":"center center","background-size":"auto","background-attachment":"scroll","background-type":"","background-media":"","overlay-type":"","overlay-color":"","overlay-opacity":"","overlay-gradient":""}},"ast-content-background-meta":{"desktop":{"background-color":"var(--ast-global-color-5)","background-image":"","background-repeat":"repeat","background-position":"center center","background-size":"auto","background-attachment":"scroll","background-type":"","background-media":"","overlay-type":"","overlay-color":"","overlay-opacity":"","overlay-gradient":""},"tablet":{"background-color":"var(--ast-global-color-5)","background-image":"","background-repeat":"repeat","background-position":"center center","background-size":"auto","background-attachment":"scroll","background-type":"","background-media":"","overlay-type":"","overlay-color":"","overlay-opacity":"","overlay-gradient":""},"mobile":{"background-color":"var(--ast-global-color-5)","background-image":"","background-repeat":"repeat","background-position":"center center","background-size":"auto","background-attachment":"scroll","background-type":"","background-media":"","overlay-type":"","overlay-color":"","overlay-opacity":"","overlay-gradient":""}},"footnotes":""},"class_list":["post-245","page","type-page","status-publish","hentry"],"yoast_head":"<!-- This site is optimized with the Yoast SEO plugin v27.0 - https:\/\/yoast.com\/product\/yoast-seo-wordpress\/ -->\n<title>Quienes somos - AD INDUSTRIAL<\/title>\n<meta name=\"robots\" content=\"index, follow, max-snippet:-1, max-image-preview:large, max-video-preview:-1\" \/>\n<link rel=\"canonical\" href=\"https:\/\/adindustrial.com\/en\/quienes-somos\/\" \/>\n<meta property=\"og:locale\" content=\"en_US\" \/>\n<meta property=\"og:type\" content=\"article\" \/>\n<meta property=\"og:title\" content=\"Quienes somos - AD INDUSTRIAL\" \/>\n<meta property=\"og:description\" content=\"DISTRIBUIDOR DE EXCELENCIA En ADIndustrial, somos expertos en soluciones y tecnolog\u00eda de movimiento de materiales en la industria de alimentos en M\u00e9xico y Latinoam\u00e9rica, con DTS: l\u00edderes en enfriamiento industrial. Reconocidos por nuestra innovadora gama de soluciones, la excelente calidad de nuestros productos y el excepcional nivel de servicio, ADIndustrial responde a la exigente demanda [&hellip;]\" \/>\n<meta property=\"og:url\" content=\"https:\/\/adindustrial.com\/en\/quienes-somos\/\" \/>\n<meta property=\"og:site_name\" content=\"AD INDUSTRIAL\" \/>\n<meta property=\"article:modified_time\" content=\"2022-11-08T17:06:20+00:00\" \/>\n<meta property=\"og:image\" content=\"https:\/\/adindustrial.com\/wp-content\/uploads\/2021\/03\/ADIndustrial-logo.png\" \/>\n<meta name=\"twitter:card\" content=\"summary_large_image\" \/>\n<meta name=\"twitter:label1\" content=\"Est. reading time\" \/>\n\t<meta name=\"twitter:data1\" content=\"2 minutes\" \/>\n<script type=\"application\/ld+json\" class=\"yoast-schema-graph\">{\"@context\":\"https:\/\/schema.org\",\"@graph\":[{\"@type\":\"WebPage\",\"@id\":\"https:\/\/adindustrial.com\/en\/quienes-somos\/\",\"url\":\"https:\/\/adindustrial.com\/en\/quienes-somos\/\",\"name\":\"Quienes somos - AD INDUSTRIAL\",\"isPartOf\":{\"@id\":\"https:\/\/adindustrial.com\/#website\"},\"primaryImageOfPage\":{\"@id\":\"https:\/\/adindustrial.com\/en\/quienes-somos\/#primaryimage\"},\"image\":{\"@id\":\"https:\/\/adindustrial.com\/en\/quienes-somos\/#primaryimage\"},\"thumbnailUrl\":\"https:\/\/adindustrial.com\/wp-content\/uploads\/2021\/03\/ADIndustrial-logo.png\",\"datePublished\":\"2021-03-17T18:20:48+00:00\",\"dateModified\":\"2022-11-08T17:06:20+00:00\",\"breadcrumb\":{\"@id\":\"https:\/\/adindustrial.com\/en\/quienes-somos\/#breadcrumb\"},\"inLanguage\":\"en-US\",\"potentialAction\":[{\"@type\":\"ReadAction\",\"target\":[\"https:\/\/adindustrial.com\/en\/quienes-somos\/\"]}]},{\"@type\":\"ImageObject\",\"inLanguage\":\"en-US\",\"@id\":\"https:\/\/adindustrial.com\/en\/quienes-somos\/#primaryimage\",\"url\":\"https:\/\/adindustrial.com\/wp-content\/uploads\/2021\/03\/ADIndustrial-logo.png\",\"contentUrl\":\"https:\/\/adindustrial.com\/wp-content\/uploads\/2021\/03\/ADIndustrial-logo.png\"},{\"@type\":\"BreadcrumbList\",\"@id\":\"https:\/\/adindustrial.com\/en\/quienes-somos\/#breadcrumb\",\"itemListElement\":[{\"@type\":\"ListItem\",\"position\":1,\"name\":\"Inicio\",\"item\":\"https:\/\/adindustrial.com\/\"},{\"@type\":\"ListItem\",\"position\":2,\"name\":\"Quienes somos\"}]},{\"@type\":\"WebSite\",\"@id\":\"https:\/\/adindustrial.com\/#website\",\"url\":\"https:\/\/adindustrial.com\/\",\"name\":\"AD INDUSTRIAL\",\"description\":\"Industria en movimiento\",\"publisher\":{\"@id\":\"https:\/\/adindustrial.com\/#organization\"},\"potentialAction\":[{\"@type\":\"SearchAction\",\"target\":{\"@type\":\"EntryPoint\",\"urlTemplate\":\"https:\/\/adindustrial.com\/?s={search_term_string}\"},\"query-input\":{\"@type\":\"PropertyValueSpecification\",\"valueRequired\":true,\"valueName\":\"search_term_string\"}}],\"inLanguage\":\"en-US\"},{\"@type\":\"Organization\",\"@id\":\"https:\/\/adindustrial.com\/#organization\",\"name\":\"Ad Industrial S.A. de C.V.\",\"url\":\"https:\/\/adindustrial.com\/\",\"logo\":{\"@type\":\"ImageObject\",\"inLanguage\":\"en-US\",\"@id\":\"https:\/\/adindustrial.com\/#\/schema\/logo\/image\/\",\"url\":\"https:\/\/adindustrial.com\/wp-content\/uploads\/2021\/03\/ADIndustrial-logo.png\",\"contentUrl\":\"https:\/\/adindustrial.com\/wp-content\/uploads\/2021\/03\/ADIndustrial-logo.png\",\"width\":1000,\"height\":265,\"caption\":\"Ad Industrial S.A. de C.V.\"},\"image\":{\"@id\":\"https:\/\/adindustrial.com\/#\/schema\/logo\/image\/\"}}]}<\/script>\n<!-- \/ Yoast SEO plugin. -->","yoast_head_json":{"title":"Quienes somos - AD INDUSTRIAL","robots":{"index":"index","follow":"follow","max-snippet":"max-snippet:-1","max-image-preview":"max-image-preview:large","max-video-preview":"max-video-preview:-1"},"canonical":"https:\/\/adindustrial.com\/en\/quienes-somos\/","og_locale":"en_US","og_type":"article","og_title":"Quienes somos - AD INDUSTRIAL","og_description":"DISTRIBUIDOR DE EXCELENCIA En ADIndustrial, somos expertos en soluciones y tecnolog\u00eda de movimiento de materiales en la industria de alimentos en M\u00e9xico y Latinoam\u00e9rica, con DTS: l\u00edderes en enfriamiento industrial. Reconocidos por nuestra innovadora gama de soluciones, la excelente calidad de nuestros productos y el excepcional nivel de servicio, ADIndustrial responde a la exigente demanda [&hellip;]","og_url":"https:\/\/adindustrial.com\/en\/quienes-somos\/","og_site_name":"AD INDUSTRIAL","article_modified_time":"2022-11-08T17:06:20+00:00","og_image":[{"url":"https:\/\/adindustrial.com\/wp-content\/uploads\/2021\/03\/ADIndustrial-logo.png","type":"","width":"","height":""}],"twitter_card":"summary_large_image","twitter_misc":{"Est. reading time":"2 minutes"},"schema":{"@context":"https:\/\/schema.org","@graph":[{"@type":"WebPage","@id":"https:\/\/adindustrial.com\/en\/quienes-somos\/","url":"https:\/\/adindustrial.com\/en\/quienes-somos\/","name":"Quienes somos - AD INDUSTRIAL","isPartOf":{"@id":"https:\/\/adindustrial.com\/#website"},"primaryImageOfPage":{"@id":"https:\/\/adindustrial.com\/en\/quienes-somos\/#primaryimage"},"image":{"@id":"https:\/\/adindustrial.com\/en\/quienes-somos\/#primaryimage"},"thumbnailUrl":"https:\/\/adindustrial.com\/wp-content\/uploads\/2021\/03\/ADIndustrial-logo.png","datePublished":"2021-03-17T18:20:48+00:00","dateModified":"2022-11-08T17:06:20+00:00","breadcrumb":{"@id":"https:\/\/adindustrial.com\/en\/quienes-somos\/#breadcrumb"},"inLanguage":"en-US","potentialAction":[{"@type":"ReadAction","target":["https:\/\/adindustrial.com\/en\/quienes-somos\/"]}]},{"@type":"ImageObject","inLanguage":"en-US","@id":"https:\/\/adindustrial.com\/en\/quienes-somos\/#primaryimage","url":"https:\/\/adindustrial.com\/wp-content\/uploads\/2021\/03\/ADIndustrial-logo.png","contentUrl":"https:\/\/adindustrial.com\/wp-content\/uploads\/2021\/03\/ADIndustrial-logo.png"},{"@type":"BreadcrumbList","@id":"https:\/\/adindustrial.com\/en\/quienes-somos\/#breadcrumb","itemListElement":[{"@type":"ListItem","position":1,"name":"Inicio","item":"https:\/\/adindustrial.com\/"},{"@type":"ListItem","position":2,"name":"Quienes somos"}]},{"@type":"WebSite","@id":"https:\/\/adindustrial.com\/#website","url":"https:\/\/adindustrial.com\/","name":"AD INDUSTRIAL","description":"Industria en movimiento","publisher":{"@id":"https:\/\/adindustrial.com\/#organization"},"potentialAction":[{"@type":"SearchAction","target":{"@type":"EntryPoint","urlTemplate":"https:\/\/adindustrial.com\/?s={search_term_string}"},"query-input":{"@type":"PropertyValueSpecification","valueRequired":true,"valueName":"search_term_string"}}],"inLanguage":"en-US"},{"@type":"Organization","@id":"https:\/\/adindustrial.com\/#organization","name":"Ad Industrial S.A. de C.V.","url":"https:\/\/adindustrial.com\/","logo":{"@type":"ImageObject","inLanguage":"en-US","@id":"https:\/\/adindustrial.com\/#\/schema\/logo\/image\/","url":"https:\/\/adindustrial.com\/wp-content\/uploads\/2021\/03\/ADIndustrial-logo.png","contentUrl":"https:\/\/adindustrial.com\/wp-content\/uploads\/2021\/03\/ADIndustrial-logo.png","width":1000,"height":265,"caption":"Ad Industrial S.A. de C.V."},"image":{"@id":"https:\/\/adindustrial.com\/#\/schema\/logo\/image\/"}}]}},"_links":{"self":[{"href":"https:\/\/adindustrial.com\/en\/wp-json\/wp\/v2\/pages\/245","targetHints":{"allow":["GET"]}}],"collection":[{"href":"https:\/\/adindustrial.com\/en\/wp-json\/wp\/v2\/pages"}],"about":[{"href":"https:\/\/adindustrial.com\/en\/wp-json\/wp\/v2\/types\/page"}],"author":[{"embeddable":true,"href":"https:\/\/adindustrial.com\/en\/wp-json\/wp\/v2\/users\/1"}],"replies":[{"embeddable":true,"href":"https:\/\/adindustrial.com\/en\/wp-json\/wp\/v2\/comments?post=245"}],"version-history":[{"count":0,"href":"https:\/\/adindustrial.com\/en\/wp-json\/wp\/v2\/pages\/245\/revisions"}],"wp:attachment":[{"href":"https:\/\/adindustrial.com\/en\/wp-json\/wp\/v2\/media?parent=245"}],"curies":[{"name":"wp","href":"https:\/\/api.w.org\/{rel}","templated":true}]}}