{"id":186,"date":"2021-03-11T22:49:53","date_gmt":"2021-03-12T04:49:53","guid":{"rendered":"https:\/\/wp.adindustrial.com\/?page_id=186"},"modified":"2024-03-22T12:39:38","modified_gmt":"2024-03-22T18:39:38","slug":"edt-by-timken","status":"publish","type":"page","link":"https:\/\/adindustrial.com\/en\/edt-by-timken\/","title":{"rendered":"EDT By TIMKEN"},"content":{"rendered":"<div data-elementor-type=\"wp-page\" data-elementor-id=\"186\" class=\"elementor elementor-186\" data-elementor-post-type=\"page\">\n\t\t\t\t\t\t<section class=\"elementor-section elementor-top-section elementor-element elementor-element-1b36de8 elementor-section-height-min-height elementor-section-boxed elementor-section-height-default elementor-section-items-middle\" data-id=\"1b36de8\" data-element_type=\"section\" data-e-type=\"section\" data-settings=\"{&quot;background_background&quot;:&quot;classic&quot;}\">\n\t\t\t\t\t\t\t<div class=\"elementor-background-overlay\"><\/div>\n\t\t\t\t\t\t\t<div class=\"elementor-container elementor-column-gap-default\">\n\t\t\t\t\t<div class=\"elementor-column elementor-col-50 elementor-top-column elementor-element elementor-element-af08837\" data-id=\"af08837\" data-element_type=\"column\" data-e-type=\"column\">\n\t\t\t<div class=\"elementor-widget-wrap elementor-element-populated\">\n\t\t\t\t\t\t<div class=\"elementor-element elementor-element-1188e34 elementor-widget elementor-widget-image\" data-id=\"1188e34\" data-element_type=\"widget\" data-e-type=\"widget\" data-widget_type=\"image.default\">\n\t\t\t\t<div class=\"elementor-widget-container\">\n\t\t\t\t\t\t\t\t\t\t\t\t\t\t\t<img fetchpriority=\"high\" decoding=\"async\" width=\"675\" height=\"380\" src=\"https:\/\/adindustrial.com\/wp-content\/uploads\/timken-logo.png\" class=\"attachment-full size-full wp-image-2235\" alt=\"\" srcset=\"https:\/\/adindustrial.com\/wp-content\/uploads\/timken-logo.png 675w, https:\/\/adindustrial.com\/wp-content\/uploads\/timken-logo-300x169.png 300w, https:\/\/adindustrial.com\/wp-content\/uploads\/timken-logo-18x10.png 18w, https:\/\/adindustrial.com\/wp-content\/uploads\/timken-logo-600x338.png 600w\" sizes=\"(max-width: 675px) 100vw, 675px\" \/>\t\t\t\t\t\t\t\t\t\t\t\t\t\t\t<\/div>\n\t\t\t\t<\/div>\n\t\t\t\t\t<\/div>\n\t\t<\/div>\n\t\t\t\t<div class=\"elementor-column elementor-col-50 elementor-top-column elementor-element elementor-element-1d77254\" data-id=\"1d77254\" data-element_type=\"column\" data-e-type=\"column\">\n\t\t\t<div class=\"elementor-widget-wrap elementor-element-populated\">\n\t\t\t\t\t\t<div class=\"elementor-element elementor-element-b8a3076 elementor-widget elementor-widget-text-editor\" data-id=\"b8a3076\" data-element_type=\"widget\" data-e-type=\"widget\" data-widget_type=\"text-editor.default\">\n\t\t\t\t<div class=\"elementor-widget-container\">\n\t\t\t\t\t\t\t\t\tEDT Corp designs and manufactures bearings and pillow blocks for harsh or severe use environments.\t\t\t\t\t\t\t\t<\/div>\n\t\t\t\t<\/div>\n\t\t\t\t\t<\/div>\n\t\t<\/div>\n\t\t\t\t\t<\/div>\n\t\t<\/section>\n\t\t\t\t<section class=\"elementor-section elementor-top-section elementor-element elementor-element-fef315d elementor-section-boxed elementor-section-height-default elementor-section-height-default\" data-id=\"fef315d\" data-element_type=\"section\" data-e-type=\"section\">\n\t\t\t\t\t\t<div class=\"elementor-container elementor-column-gap-wider\">\n\t\t\t\t\t<div class=\"elementor-column elementor-col-50 elementor-top-column elementor-element elementor-element-709d87a\" data-id=\"709d87a\" data-element_type=\"column\" data-e-type=\"column\">\n\t\t\t<div class=\"elementor-widget-wrap elementor-element-populated\">\n\t\t\t\t\t\t<div class=\"elementor-element elementor-element-58be425 elementor-widget elementor-widget-text-editor\" data-id=\"58be425\" data-element_type=\"widget\" data-e-type=\"widget\" data-widget_type=\"text-editor.default\">\n\t\t\t\t<div class=\"elementor-widget-container\">\n\t\t\t\t\t\t\t\t\t<p><strong>\u00bfQu\u00e9 son \u201cambientes de uso rudo o severo\u201d? <\/strong><\/p><p>Son aquellas condiciones en las que el ambiente o la aplicaci\u00f3n contribuye a una falla prematura de la chumacera. Esto puede deberse a:<\/p><ul><li>High or low temperatures<\/li><li>Aggressive chemicals<\/li><li>Steam<\/li><li>Immersion<\/li><li>Intermittent operation<\/li><li>Wash<\/li><li>Shock or vibration<\/li><li>Solid contaminants<\/li><li>Incomplete rotation<\/li><li>Location difficult to access for maintenance<\/li><\/ul><p>In many of these conditions, bearing failure is due to lubricant failure. A change to EDT bearings in the proper application will avoid frustrations and improve productivity. EDT offers a wide range of plain bearings that operate with:<\/p><ul><li>Zero fat<\/li><li>Non-corrosive<\/li><li>No pollution<\/li><li>Predictive operation<\/li><li>Much lower overall investment<\/li><\/ul><p>For more than 35 years, EDT Corp has been the leader in sanitary bearings. Many of these EDT bearings are USDA approved, meeting NSF \/ ANSI \/ 3-A 14159-1-2010 for hygienic requirements for designing process equipment for meat and poultry products.\u00a0<\/p><h3>Consider EDT products:<\/h3><ul><li>If you have to change bearings more than once a year.<\/li><li>If you need to grease the bearings at least once a week.<\/li><li>If washing chemicals cause premature bearing failure<\/li><li>If food safety is an issue, especially in plants where USDA or HACCP \/ HARPC programs are met<\/li><\/ul>\t\t\t\t\t\t\t\t<\/div>\n\t\t\t\t<\/div>\n\t\t\t\t\t<\/div>\n\t\t<\/div>\n\t\t\t\t<div class=\"elementor-column elementor-col-50 elementor-top-column elementor-element elementor-element-25f5997\" data-id=\"25f5997\" data-element_type=\"column\" data-e-type=\"column\">\n\t\t\t<div class=\"elementor-widget-wrap elementor-element-populated\">\n\t\t\t\t\t\t<div class=\"elementor-element elementor-element-46930f1 elementor-widget elementor-widget-heading\" data-id=\"46930f1\" data-element_type=\"widget\" data-e-type=\"widget\" data-widget_type=\"heading.default\">\n\t\t\t\t<div class=\"elementor-widget-container\">\n\t\t\t\t\t<h2 class=\"elementor-heading-title elementor-size-default\">Applications<\/h2>\t\t\t\t<\/div>\n\t\t\t\t<\/div>\n\t\t\t\t<div class=\"elementor-element elementor-element-7ef6a0f elementor-position-left elementor-vertical-align-top elementor-widget elementor-widget-image-box\" data-id=\"7ef6a0f\" data-element_type=\"widget\" data-e-type=\"widget\" data-widget_type=\"image-box.default\">\n\t\t\t\t<div class=\"elementor-widget-container\">\n\t\t\t\t\t<div class=\"elementor-image-box-wrapper\"><figure class=\"elementor-image-box-img\"><a href=\"\/wp-content\/uploads\/Proteina.pdf\" tabindex=\"-1\"><img decoding=\"async\" width=\"464\" height=\"416\" data-src=\"https:\/\/adindustrial.com\/wp-content\/uploads\/proteina.svg\" class=\"attachment-full size-full wp-image-382 lazyload\" alt=\"\" src=\"data:image\/svg+xml;base64,PHN2ZyB3aWR0aD0iMSIgaGVpZ2h0PSIxIiB4bWxucz0iaHR0cDovL3d3dy53My5vcmcvMjAwMC9zdmciPjwvc3ZnPg==\" style=\"--smush-placeholder-width: 464px; --smush-placeholder-aspect-ratio: 464\/416;\" \/><\/a><\/figure><div class=\"elementor-image-box-content\"><h3 class=\"elementor-image-box-title\"><a href=\"\/wp-content\/uploads\/Proteina.pdf\">Protein<\/a><\/h3><\/div><\/div>\t\t\t\t<\/div>\n\t\t\t\t<\/div>\n\t\t\t\t<div class=\"elementor-element elementor-element-349a1af elementor-position-left elementor-vertical-align-top elementor-widget elementor-widget-image-box\" data-id=\"349a1af\" data-element_type=\"widget\" data-e-type=\"widget\" data-widget_type=\"image-box.default\">\n\t\t\t\t<div class=\"elementor-widget-container\">\n\t\t\t\t\t<div class=\"elementor-image-box-wrapper\"><figure class=\"elementor-image-box-img\"><a href=\"\/wp-content\/uploads\/Rellenado.pdf\" tabindex=\"-1\"><img decoding=\"async\" width=\"424\" height=\"464\" data-src=\"https:\/\/adindustrial.com\/wp-content\/uploads\/rellenado.svg\" class=\"attachment-full size-full wp-image-383 lazyload\" alt=\"\" src=\"data:image\/svg+xml;base64,PHN2ZyB3aWR0aD0iMSIgaGVpZ2h0PSIxIiB4bWxucz0iaHR0cDovL3d3dy53My5vcmcvMjAwMC9zdmciPjwvc3ZnPg==\" style=\"--smush-placeholder-width: 424px; --smush-placeholder-aspect-ratio: 424\/464;\" \/><\/a><\/figure><div class=\"elementor-image-box-content\"><h3 class=\"elementor-image-box-title\"><a href=\"\/wp-content\/uploads\/Rellenado.pdf\">Replenishment<\/a><\/h3><\/div><\/div>\t\t\t\t<\/div>\n\t\t\t\t<\/div>\n\t\t\t\t<div class=\"elementor-element elementor-element-86a9a49 elementor-position-left elementor-vertical-align-top elementor-widget elementor-widget-image-box\" data-id=\"86a9a49\" data-element_type=\"widget\" data-e-type=\"widget\" data-widget_type=\"image-box.default\">\n\t\t\t\t<div class=\"elementor-widget-container\">\n\t\t\t\t\t<div class=\"elementor-image-box-wrapper\"><figure class=\"elementor-image-box-img\"><a href=\"\/wp-content\/uploads\/Horneado-y-freido.pdf\" tabindex=\"-1\"><img decoding=\"async\" width=\"463\" height=\"419\" data-src=\"https:\/\/adindustrial.com\/wp-content\/uploads\/frito.svg\" class=\"attachment-full size-full wp-image-381 lazyload\" alt=\"\" src=\"data:image\/svg+xml;base64,PHN2ZyB3aWR0aD0iMSIgaGVpZ2h0PSIxIiB4bWxucz0iaHR0cDovL3d3dy53My5vcmcvMjAwMC9zdmciPjwvc3ZnPg==\" style=\"--smush-placeholder-width: 463px; --smush-placeholder-aspect-ratio: 463\/419;\" \/><\/a><\/figure><div class=\"elementor-image-box-content\"><h3 class=\"elementor-image-box-title\"><a href=\"\/wp-content\/uploads\/Horneado-y-freido.pdf\">Baking and frying<\/a><\/h3><\/div><\/div>\t\t\t\t<\/div>\n\t\t\t\t<\/div>\n\t\t\t\t<div class=\"elementor-element elementor-element-758e478 elementor-position-left elementor-vertical-align-top elementor-widget elementor-widget-image-box\" data-id=\"758e478\" data-element_type=\"widget\" data-e-type=\"widget\" data-widget_type=\"image-box.default\">\n\t\t\t\t<div class=\"elementor-widget-container\">\n\t\t\t\t\t<div class=\"elementor-image-box-wrapper\"><figure class=\"elementor-image-box-img\"><a href=\"\/wp-content\/uploads\/Vegetales.pdf\" tabindex=\"-1\"><img decoding=\"async\" width=\"464\" height=\"383\" data-src=\"https:\/\/adindustrial.com\/wp-content\/uploads\/vegetales.svg\" class=\"attachment-full size-full wp-image-380 lazyload\" alt=\"\" src=\"data:image\/svg+xml;base64,PHN2ZyB3aWR0aD0iMSIgaGVpZ2h0PSIxIiB4bWxucz0iaHR0cDovL3d3dy53My5vcmcvMjAwMC9zdmciPjwvc3ZnPg==\" style=\"--smush-placeholder-width: 464px; --smush-placeholder-aspect-ratio: 464\/383;\" \/><\/a><\/figure><div class=\"elementor-image-box-content\"><h3 class=\"elementor-image-box-title\"><a href=\"\/wp-content\/uploads\/Vegetales.pdf\">Vegetables<\/a><\/h3><\/div><\/div>\t\t\t\t<\/div>\n\t\t\t\t<\/div>\n\t\t\t\t<div class=\"elementor-element elementor-element-508b24e elementor-widget-divider--view-line elementor-widget elementor-widget-divider\" data-id=\"508b24e\" data-element_type=\"widget\" data-e-type=\"widget\" data-widget_type=\"divider.default\">\n\t\t\t\t<div class=\"elementor-widget-container\">\n\t\t\t\t\t\t\t<div class=\"elementor-divider\">\n\t\t\t<span class=\"elementor-divider-separator\">\n\t\t\t\t\t\t<\/span>\n\t\t<\/div>\n\t\t\t\t\t\t<\/div>\n\t\t\t\t<\/div>\n\t\t\t\t<div class=\"elementor-element elementor-element-6ac5b73 elementor-widget elementor-widget-heading\" data-id=\"6ac5b73\" data-element_type=\"widget\" data-e-type=\"widget\" data-widget_type=\"heading.default\">\n\t\t\t\t<div class=\"elementor-widget-container\">\n\t\t\t\t\t<h2 class=\"elementor-heading-title elementor-size-default\">Catalogs<\/h2>\t\t\t\t<\/div>\n\t\t\t\t<\/div>\n\t\t\t\t<div class=\"elementor-element elementor-element-2ed7221 elementor-position-left elementor-vertical-align-top elementor-widget elementor-widget-image-box\" data-id=\"2ed7221\" data-element_type=\"widget\" data-e-type=\"widget\" data-widget_type=\"image-box.default\">\n\t\t\t\t<div class=\"elementor-widget-container\">\n\t\t\t\t\t<div class=\"elementor-image-box-wrapper\"><figure class=\"elementor-image-box-img\"><a href=\"\/wp-content\/uploads\/Catalogo-edt.pdf\" tabindex=\"-1\"><img decoding=\"async\" width=\"416\" height=\"464\" data-src=\"https:\/\/adindustrial.com\/wp-content\/uploads\/catalogo.svg\" class=\"attachment-full size-full wp-image-389 lazyload\" alt=\"\" src=\"data:image\/svg+xml;base64,PHN2ZyB3aWR0aD0iMSIgaGVpZ2h0PSIxIiB4bWxucz0iaHR0cDovL3d3dy53My5vcmcvMjAwMC9zdmciPjwvc3ZnPg==\" style=\"--smush-placeholder-width: 416px; --smush-placeholder-aspect-ratio: 416\/464;\" \/><\/a><\/figure><div class=\"elementor-image-box-content\"><h3 class=\"elementor-image-box-title\"><a href=\"\/wp-content\/uploads\/Catalogo-edt.pdf\">Catalogue<\/a><\/h3><\/div><\/div>\t\t\t\t<\/div>\n\t\t\t\t<\/div>\n\t\t\t\t<div class=\"elementor-element elementor-element-edc36e1 elementor-position-left elementor-vertical-align-top elementor-widget elementor-widget-image-box\" data-id=\"edc36e1\" data-element_type=\"widget\" data-e-type=\"widget\" data-widget_type=\"image-box.default\">\n\t\t\t\t<div class=\"elementor-widget-container\">\n\t\t\t\t\t<div class=\"elementor-image-box-wrapper\"><figure class=\"elementor-image-box-img\"><a href=\"\/wp-content\/uploads\/Lista-de-comprobacion-de-diseno.pdf\" tabindex=\"-1\"><img decoding=\"async\" width=\"384\" height=\"464\" data-src=\"https:\/\/adindustrial.com\/wp-content\/uploads\/lista.svg\" class=\"attachment-full size-full wp-image-388 lazyload\" alt=\"\" src=\"data:image\/svg+xml;base64,PHN2ZyB3aWR0aD0iMSIgaGVpZ2h0PSIxIiB4bWxucz0iaHR0cDovL3d3dy53My5vcmcvMjAwMC9zdmciPjwvc3ZnPg==\" style=\"--smush-placeholder-width: 384px; --smush-placeholder-aspect-ratio: 384\/464;\" \/><\/a><\/figure><div class=\"elementor-image-box-content\"><h3 class=\"elementor-image-box-title\"><a href=\"\/wp-content\/uploads\/Lista-de-comprobacion-de-diseno.pdf\">Design checklist<\/a><\/h3><\/div><\/div>\t\t\t\t<\/div>\n\t\t\t\t<\/div>\n\t\t\t\t\t<\/div>\n\t\t<\/div>\n\t\t\t\t\t<\/div>\n\t\t<\/section>\n\t\t\t\t<section class=\"elementor-section elementor-top-section elementor-element elementor-element-2132474 elementor-section-boxed elementor-section-height-default elementor-section-height-default\" data-id=\"2132474\" data-element_type=\"section\" data-e-type=\"section\">\n\t\t\t\t\t\t<div class=\"elementor-container elementor-column-gap-default\">\n\t\t\t\t\t<div class=\"elementor-column elementor-col-100 elementor-top-column elementor-element elementor-element-4721f96\" data-id=\"4721f96\" data-element_type=\"column\" data-e-type=\"column\">\n\t\t\t<div class=\"elementor-widget-wrap elementor-element-populated\">\n\t\t\t\t\t\t<div class=\"elementor-element elementor-element-c4667c8 elementor-widget elementor-widget-heading\" data-id=\"c4667c8\" data-element_type=\"widget\" data-e-type=\"widget\" data-widget_type=\"heading.default\">\n\t\t\t\t<div class=\"elementor-widget-container\">\n\t\t\t\t\t<h2 class=\"elementor-heading-title elementor-size-default\">Request a quote<\/h2>\t\t\t\t<\/div>\n\t\t\t\t<\/div>\n\t\t\t\t<div class=\"elementor-element elementor-element-161afcf elementor-widget elementor-widget-html\" data-id=\"161afcf\" data-element_type=\"widget\" data-e-type=\"widget\" data-widget_type=\"html.default\">\n\t\t\t\t<div class=\"elementor-widget-container\">\n\t\t\t\t\t<script type=\"text\/javascript\" src=\"\/\/mailing.adindustrial.com.mx\/form\/generate.js?id=3\"><\/script>\r\n<script>\r\n    document.getElementById(\"mauticform_input_cotizacionadindustrial_url\").value = window.location.pathname;\r\n\r\n<\/script>\r\n\t\t\t\t<\/div>\n\t\t\t\t<\/div>\n\t\t\t\t\t<\/div>\n\t\t<\/div>\n\t\t\t\t\t<\/div>\n\t\t<\/section>\n\t\t\t\t<\/div>","protected":false},"excerpt":{"rendered":"<p>EDT Corp dise\u00f1a y fabrica rodamientos y chumaceras para ambientes de uso rudo o severo. \u00bfQu\u00e9 son \u201cambientes de uso rudo o severo\u201d? Son aquellas condiciones en las que el ambiente o la aplicaci\u00f3n contribuye a una falla prematura de la chumacera. Esto puede deberse a: Altas o bajas temperaturas Qu\u00edmicos agresivos Vapor Inmersi\u00f3n Operaci\u00f3n [&hellip;]<\/p>\n","protected":false},"author":1,"featured_media":0,"parent":0,"menu_order":0,"comment_status":"closed","ping_status":"closed","template":"","meta":{"site-sidebar-layout":"no-sidebar","site-content-layout":"page-builder","ast-site-content-layout":"default","site-content-style":"default","site-sidebar-style":"default","ast-global-header-display":"","ast-banner-title-visibility":"","ast-main-header-display":"","ast-hfb-above-header-display":"","ast-hfb-below-header-display":"","ast-hfb-mobile-header-display":"","site-post-title":"disabled","ast-breadcrumbs-content":"","ast-featured-img":"disabled","footer-sml-layout":"","ast-disable-related-posts":"","theme-transparent-header-meta":"default","adv-header-id-meta":"","stick-header-meta":"","header-above-stick-meta":"","header-main-stick-meta":"","header-below-stick-meta":"","astra-migrate-meta-layouts":"default","ast-page-background-enabled":"default","ast-page-background-meta":{"desktop":{"background-color":"","background-image":"","background-repeat":"repeat","background-position":"center center","background-size":"auto","background-attachment":"scroll","background-type":"","background-media":"","overlay-type":"","overlay-color":"","overlay-opacity":"","overlay-gradient":""},"tablet":{"background-color":"","background-image":"","background-repeat":"repeat","background-position":"center center","background-size":"auto","background-attachment":"scroll","background-type":"","background-media":"","overlay-type":"","overlay-color":"","overlay-opacity":"","overlay-gradient":""},"mobile":{"background-color":"","background-image":"","background-repeat":"repeat","background-position":"center center","background-size":"auto","background-attachment":"scroll","background-type":"","background-media":"","overlay-type":"","overlay-color":"","overlay-opacity":"","overlay-gradient":""}},"ast-content-background-meta":{"desktop":{"background-color":"var(--ast-global-color-5)","background-image":"","background-repeat":"repeat","background-position":"center center","background-size":"auto","background-attachment":"scroll","background-type":"","background-media":"","overlay-type":"","overlay-color":"","overlay-opacity":"","overlay-gradient":""},"tablet":{"background-color":"var(--ast-global-color-5)","background-image":"","background-repeat":"repeat","background-position":"center center","background-size":"auto","background-attachment":"scroll","background-type":"","background-media":"","overlay-type":"","overlay-color":"","overlay-opacity":"","overlay-gradient":""},"mobile":{"background-color":"var(--ast-global-color-5)","background-image":"","background-repeat":"repeat","background-position":"center center","background-size":"auto","background-attachment":"scroll","background-type":"","background-media":"","overlay-type":"","overlay-color":"","overlay-opacity":"","overlay-gradient":""}},"footnotes":""},"class_list":["post-186","page","type-page","status-publish","hentry"],"yoast_head":"<!-- This site is optimized with the Yoast SEO plugin v27.0 - https:\/\/yoast.com\/product\/yoast-seo-wordpress\/ -->\n<title>EDT By TIMKEN - AD INDUSTRIAL<\/title>\n<meta name=\"robots\" content=\"index, follow, max-snippet:-1, max-image-preview:large, max-video-preview:-1\" \/>\n<link rel=\"canonical\" href=\"https:\/\/adindustrial.com\/en\/edt-by-timken\/\" \/>\n<meta property=\"og:locale\" content=\"en_US\" \/>\n<meta property=\"og:type\" content=\"article\" \/>\n<meta property=\"og:title\" content=\"EDT By TIMKEN - AD INDUSTRIAL\" \/>\n<meta property=\"og:description\" content=\"EDT Corp dise\u00f1a y fabrica rodamientos y chumaceras para ambientes de uso rudo o severo. \u00bfQu\u00e9 son \u201cambientes de uso rudo o severo\u201d? Son aquellas condiciones en las que el ambiente o la aplicaci\u00f3n contribuye a una falla prematura de la chumacera. Esto puede deberse a: Altas o bajas temperaturas Qu\u00edmicos agresivos Vapor Inmersi\u00f3n Operaci\u00f3n [&hellip;]\" \/>\n<meta property=\"og:url\" content=\"https:\/\/adindustrial.com\/en\/edt-by-timken\/\" \/>\n<meta property=\"og:site_name\" content=\"AD INDUSTRIAL\" \/>\n<meta property=\"article:modified_time\" content=\"2024-03-22T18:39:38+00:00\" \/>\n<meta property=\"og:image\" content=\"https:\/\/adindustrial.com\/wp-content\/uploads\/timken-logo.png\" \/>\n<meta name=\"twitter:card\" content=\"summary_large_image\" \/>\n<meta name=\"twitter:label1\" content=\"Est. reading time\" \/>\n\t<meta name=\"twitter:data1\" content=\"3 minutes\" \/>\n<script type=\"application\/ld+json\" class=\"yoast-schema-graph\">{\"@context\":\"https:\/\/schema.org\",\"@graph\":[{\"@type\":\"WebPage\",\"@id\":\"https:\/\/adindustrial.com\/edt-by-timken\/\",\"url\":\"https:\/\/adindustrial.com\/edt-by-timken\/\",\"name\":\"EDT By TIMKEN - AD INDUSTRIAL\",\"isPartOf\":{\"@id\":\"https:\/\/adindustrial.com\/#website\"},\"primaryImageOfPage\":{\"@id\":\"https:\/\/adindustrial.com\/edt-by-timken\/#primaryimage\"},\"image\":{\"@id\":\"https:\/\/adindustrial.com\/edt-by-timken\/#primaryimage\"},\"thumbnailUrl\":\"https:\/\/adindustrial.com\/wp-content\/uploads\/timken-logo.png\",\"datePublished\":\"2021-03-12T04:49:53+00:00\",\"dateModified\":\"2024-03-22T18:39:38+00:00\",\"breadcrumb\":{\"@id\":\"https:\/\/adindustrial.com\/edt-by-timken\/#breadcrumb\"},\"inLanguage\":\"en-US\",\"potentialAction\":[{\"@type\":\"ReadAction\",\"target\":[\"https:\/\/adindustrial.com\/edt-by-timken\/\"]}]},{\"@type\":\"ImageObject\",\"inLanguage\":\"en-US\",\"@id\":\"https:\/\/adindustrial.com\/edt-by-timken\/#primaryimage\",\"url\":\"https:\/\/adindustrial.com\/wp-content\/uploads\/timken-logo.png\",\"contentUrl\":\"https:\/\/adindustrial.com\/wp-content\/uploads\/timken-logo.png\"},{\"@type\":\"BreadcrumbList\",\"@id\":\"https:\/\/adindustrial.com\/edt-by-timken\/#breadcrumb\",\"itemListElement\":[{\"@type\":\"ListItem\",\"position\":1,\"name\":\"Inicio\",\"item\":\"https:\/\/adindustrial.com\/\"},{\"@type\":\"ListItem\",\"position\":2,\"name\":\"EDT By TIMKEN\"}]},{\"@type\":\"WebSite\",\"@id\":\"https:\/\/adindustrial.com\/#website\",\"url\":\"https:\/\/adindustrial.com\/\",\"name\":\"AD INDUSTRIAL\",\"description\":\"Industria en movimiento\",\"publisher\":{\"@id\":\"https:\/\/adindustrial.com\/#organization\"},\"potentialAction\":[{\"@type\":\"SearchAction\",\"target\":{\"@type\":\"EntryPoint\",\"urlTemplate\":\"https:\/\/adindustrial.com\/?s={search_term_string}\"},\"query-input\":{\"@type\":\"PropertyValueSpecification\",\"valueRequired\":true,\"valueName\":\"search_term_string\"}}],\"inLanguage\":\"en-US\"},{\"@type\":\"Organization\",\"@id\":\"https:\/\/adindustrial.com\/#organization\",\"name\":\"Ad Industrial S.A. de C.V.\",\"url\":\"https:\/\/adindustrial.com\/\",\"logo\":{\"@type\":\"ImageObject\",\"inLanguage\":\"en-US\",\"@id\":\"https:\/\/adindustrial.com\/#\/schema\/logo\/image\/\",\"url\":\"https:\/\/adindustrial.com\/wp-content\/uploads\/2021\/03\/ADIndustrial-logo.png\",\"contentUrl\":\"https:\/\/adindustrial.com\/wp-content\/uploads\/2021\/03\/ADIndustrial-logo.png\",\"width\":1000,\"height\":265,\"caption\":\"Ad Industrial S.A. de C.V.\"},\"image\":{\"@id\":\"https:\/\/adindustrial.com\/#\/schema\/logo\/image\/\"}}]}<\/script>\n<!-- \/ Yoast SEO plugin. -->","yoast_head_json":{"title":"EDT By TIMKEN - AD INDUSTRIAL","robots":{"index":"index","follow":"follow","max-snippet":"max-snippet:-1","max-image-preview":"max-image-preview:large","max-video-preview":"max-video-preview:-1"},"canonical":"https:\/\/adindustrial.com\/en\/edt-by-timken\/","og_locale":"en_US","og_type":"article","og_title":"EDT By TIMKEN - AD INDUSTRIAL","og_description":"EDT Corp dise\u00f1a y fabrica rodamientos y chumaceras para ambientes de uso rudo o severo. \u00bfQu\u00e9 son \u201cambientes de uso rudo o severo\u201d? Son aquellas condiciones en las que el ambiente o la aplicaci\u00f3n contribuye a una falla prematura de la chumacera. Esto puede deberse a: Altas o bajas temperaturas Qu\u00edmicos agresivos Vapor Inmersi\u00f3n Operaci\u00f3n [&hellip;]","og_url":"https:\/\/adindustrial.com\/en\/edt-by-timken\/","og_site_name":"AD INDUSTRIAL","article_modified_time":"2024-03-22T18:39:38+00:00","og_image":[{"url":"https:\/\/adindustrial.com\/wp-content\/uploads\/timken-logo.png","type":"","width":"","height":""}],"twitter_card":"summary_large_image","twitter_misc":{"Est. reading time":"3 minutes"},"schema":{"@context":"https:\/\/schema.org","@graph":[{"@type":"WebPage","@id":"https:\/\/adindustrial.com\/edt-by-timken\/","url":"https:\/\/adindustrial.com\/edt-by-timken\/","name":"EDT By TIMKEN - AD INDUSTRIAL","isPartOf":{"@id":"https:\/\/adindustrial.com\/#website"},"primaryImageOfPage":{"@id":"https:\/\/adindustrial.com\/edt-by-timken\/#primaryimage"},"image":{"@id":"https:\/\/adindustrial.com\/edt-by-timken\/#primaryimage"},"thumbnailUrl":"https:\/\/adindustrial.com\/wp-content\/uploads\/timken-logo.png","datePublished":"2021-03-12T04:49:53+00:00","dateModified":"2024-03-22T18:39:38+00:00","breadcrumb":{"@id":"https:\/\/adindustrial.com\/edt-by-timken\/#breadcrumb"},"inLanguage":"en-US","potentialAction":[{"@type":"ReadAction","target":["https:\/\/adindustrial.com\/edt-by-timken\/"]}]},{"@type":"ImageObject","inLanguage":"en-US","@id":"https:\/\/adindustrial.com\/edt-by-timken\/#primaryimage","url":"https:\/\/adindustrial.com\/wp-content\/uploads\/timken-logo.png","contentUrl":"https:\/\/adindustrial.com\/wp-content\/uploads\/timken-logo.png"},{"@type":"BreadcrumbList","@id":"https:\/\/adindustrial.com\/edt-by-timken\/#breadcrumb","itemListElement":[{"@type":"ListItem","position":1,"name":"Inicio","item":"https:\/\/adindustrial.com\/"},{"@type":"ListItem","position":2,"name":"EDT By TIMKEN"}]},{"@type":"WebSite","@id":"https:\/\/adindustrial.com\/#website","url":"https:\/\/adindustrial.com\/","name":"AD INDUSTRIAL","description":"Industria en movimiento","publisher":{"@id":"https:\/\/adindustrial.com\/#organization"},"potentialAction":[{"@type":"SearchAction","target":{"@type":"EntryPoint","urlTemplate":"https:\/\/adindustrial.com\/?s={search_term_string}"},"query-input":{"@type":"PropertyValueSpecification","valueRequired":true,"valueName":"search_term_string"}}],"inLanguage":"en-US"},{"@type":"Organization","@id":"https:\/\/adindustrial.com\/#organization","name":"Ad Industrial S.A. de C.V.","url":"https:\/\/adindustrial.com\/","logo":{"@type":"ImageObject","inLanguage":"en-US","@id":"https:\/\/adindustrial.com\/#\/schema\/logo\/image\/","url":"https:\/\/adindustrial.com\/wp-content\/uploads\/2021\/03\/ADIndustrial-logo.png","contentUrl":"https:\/\/adindustrial.com\/wp-content\/uploads\/2021\/03\/ADIndustrial-logo.png","width":1000,"height":265,"caption":"Ad Industrial S.A. de C.V."},"image":{"@id":"https:\/\/adindustrial.com\/#\/schema\/logo\/image\/"}}]}},"_links":{"self":[{"href":"https:\/\/adindustrial.com\/en\/wp-json\/wp\/v2\/pages\/186","targetHints":{"allow":["GET"]}}],"collection":[{"href":"https:\/\/adindustrial.com\/en\/wp-json\/wp\/v2\/pages"}],"about":[{"href":"https:\/\/adindustrial.com\/en\/wp-json\/wp\/v2\/types\/page"}],"author":[{"embeddable":true,"href":"https:\/\/adindustrial.com\/en\/wp-json\/wp\/v2\/users\/1"}],"replies":[{"embeddable":true,"href":"https:\/\/adindustrial.com\/en\/wp-json\/wp\/v2\/comments?post=186"}],"version-history":[{"count":0,"href":"https:\/\/adindustrial.com\/en\/wp-json\/wp\/v2\/pages\/186\/revisions"}],"wp:attachment":[{"href":"https:\/\/adindustrial.com\/en\/wp-json\/wp\/v2\/media?parent=186"}],"curies":[{"name":"wp","href":"https:\/\/api.w.org\/{rel}","templated":true}]}}