{"id":1713,"date":"2023-03-07T16:16:46","date_gmt":"2023-03-07T22:16:46","guid":{"rendered":"https:\/\/adindustrial.com\/?page_id=1713"},"modified":"2023-03-10T21:21:49","modified_gmt":"2023-03-11T03:21:49","slug":"lubricantes","status":"publish","type":"page","link":"https:\/\/adindustrial.com\/en\/pulsarlube\/lubricantes\/","title":{"rendered":"Standard Greases"},"content":{"rendered":"<div data-elementor-type=\"wp-page\" data-elementor-id=\"1713\" class=\"elementor elementor-1713\" data-elementor-post-type=\"page\">\n\t\t\t\t\t\t<section class=\"elementor-section elementor-top-section elementor-element elementor-element-e1c709b elementor-section-full_width elementor-section-height-default elementor-section-height-default\" data-id=\"e1c709b\" data-element_type=\"section\" data-e-type=\"section\">\n\t\t\t\t\t\t<div class=\"elementor-container elementor-column-gap-default\">\n\t\t\t\t\t<div class=\"elementor-column elementor-col-100 elementor-top-column elementor-element elementor-element-795262d\" data-id=\"795262d\" data-element_type=\"column\" data-e-type=\"column\">\n\t\t\t<div class=\"elementor-widget-wrap elementor-element-populated\">\n\t\t\t\t\t\t<div class=\"elementor-element elementor-element-902c7ea elementor-widget elementor-widget-text-editor\" data-id=\"902c7ea\" data-element_type=\"widget\" data-e-type=\"widget\" data-widget_type=\"text-editor.default\">\n\t\t\t\t<div class=\"elementor-widget-container\">\n\t\t\t\t\t\t\t\t\t<p>Elegir el lubricante correcto es uno de los factores cr\u00edticos para una vida \u00fatil \u00f3ptima del rodamiento. Pulsarlube le ofrece las mejores selecciones de lubricantes para cada aplicaci\u00f3n espec\u00edfica.<\/p><p>Seleccione el tipo de grasa que desea para su aplicaci\u00f3n.<\/p>\t\t\t\t\t\t\t\t<\/div>\n\t\t\t\t<\/div>\n\t\t\t\t<div class=\"elementor-element elementor-element-b0fc2d7 uael-woo--align-center uael-sale-flash-custom elementor-widget elementor-widget-uael-woo-products\" data-id=\"b0fc2d7\" data-element_type=\"widget\" data-e-type=\"widget\" data-settings=\"{&quot;products_columns&quot;:&quot;4&quot;,&quot;products_columns_tablet&quot;:&quot;3&quot;,&quot;products_columns_mobile&quot;:&quot;1&quot;}\" data-widget_type=\"uael-woo-products.grid-franko\">\n\t\t\t\t<div class=\"elementor-widget-container\">\n\t\t\t\t\t<div class=\"uael-woocommerce uael-woo-products-grid uael-woo-skin-grid-franko uael-woo-query-custom\" data-page=\"1713\" data-skin=\"grid_franko\"><div class=\"columns-4 uael-woo-products-inner uael-woo-product__column-4 uael-woo-product__column-tablet-3 uael-woo-product__column-mobile-1 uael-woo-product__hover-swap\"><ul class=\"products columns-4\">\n\n<li class=\"lubricantes pulsarlube post-1870 product first instock shipping-taxable product-type-simple\">\n\t<div class=\"uael-woo-product-wrapper\">\n\t\t<div class=\"uael-woo-products-thumbnail-wrap\"><div class=\"uael-flash-container\"><\/div><a href=\"https:\/\/adindustrial.com\/en\/productos\/pulsarlube\/lubricantes\/pl1-multi-purpose\/\" class=\"woocommerce-LoopProduct-link woocommerce-loop-product__link\"><img decoding=\"async\" width=\"200\" height=\"200\" data-src=\"https:\/\/adindustrial.com\/wp-content\/uploads\/PL1-Multi-Purpose.png\" class=\"attachment-woocommerce_thumbnail size-woocommerce_thumbnail lazyload\" alt=\"PL1 Multi-Purpose\" src=\"data:image\/svg+xml;base64,PHN2ZyB3aWR0aD0iMSIgaGVpZ2h0PSIxIiB4bWxucz0iaHR0cDovL3d3dy53My5vcmcvMjAwMC9zdmciPjwvc3ZnPg==\" style=\"--smush-placeholder-width: 200px; --smush-placeholder-aspect-ratio: 200\/200;\" \/><\/a><div class=\"uael-product-actions\"><\/div><\/div><div class=\"uael-woo-products-summary-wrap\"><a href=\"https:\/\/adindustrial.com\/en\/productos\/pulsarlube\/lubricantes\/pl1-multi-purpose\/\" class=\"uael-loop-product__link\"><h2 class=\"woocommerce-loop-product__title\">PL1 Multi-Purpose<\/h2><\/a><\/div>\t<\/div>\n<\/li>\n\n<li class=\"lubricantes pulsarlube post-1871 product  instock shipping-taxable product-type-simple\">\n\t<div class=\"uael-woo-product-wrapper\">\n\t\t<div class=\"uael-woo-products-thumbnail-wrap\"><div class=\"uael-flash-container\"><\/div><a href=\"https:\/\/adindustrial.com\/en\/productos\/pulsarlube\/lubricantes\/pl2-heavy-duty\/\" class=\"woocommerce-LoopProduct-link woocommerce-loop-product__link\"><img decoding=\"async\" width=\"200\" height=\"200\" data-src=\"https:\/\/adindustrial.com\/wp-content\/uploads\/PL2-Heavy-Duty.png\" class=\"attachment-woocommerce_thumbnail size-woocommerce_thumbnail lazyload\" alt=\"PL2 Heavy Duty\" src=\"data:image\/svg+xml;base64,PHN2ZyB3aWR0aD0iMSIgaGVpZ2h0PSIxIiB4bWxucz0iaHR0cDovL3d3dy53My5vcmcvMjAwMC9zdmciPjwvc3ZnPg==\" style=\"--smush-placeholder-width: 200px; --smush-placeholder-aspect-ratio: 200\/200;\" \/><\/a><div class=\"uael-product-actions\"><\/div><\/div><div class=\"uael-woo-products-summary-wrap\"><a href=\"https:\/\/adindustrial.com\/en\/productos\/pulsarlube\/lubricantes\/pl2-heavy-duty\/\" class=\"uael-loop-product__link\"><h2 class=\"woocommerce-loop-product__title\">PL2 Heavy Duty<\/h2><\/a><\/div>\t<\/div>\n<\/li>\n\n<li class=\"lubricantes pulsarlube post-1872 product  instock shipping-taxable product-type-simple\">\n\t<div class=\"uael-woo-product-wrapper\">\n\t\t<div class=\"uael-woo-products-thumbnail-wrap\"><div class=\"uael-flash-container\"><\/div><a href=\"https:\/\/adindustrial.com\/en\/productos\/pulsarlube\/lubricantes\/pl3-high-speed\/\" class=\"woocommerce-LoopProduct-link woocommerce-loop-product__link\"><img decoding=\"async\" width=\"200\" height=\"200\" data-src=\"https:\/\/adindustrial.com\/wp-content\/uploads\/PL3-High-Speed.png\" class=\"attachment-woocommerce_thumbnail size-woocommerce_thumbnail lazyload\" alt=\"PL3 High-Speed\" src=\"data:image\/svg+xml;base64,PHN2ZyB3aWR0aD0iMSIgaGVpZ2h0PSIxIiB4bWxucz0iaHR0cDovL3d3dy53My5vcmcvMjAwMC9zdmciPjwvc3ZnPg==\" style=\"--smush-placeholder-width: 200px; --smush-placeholder-aspect-ratio: 200\/200;\" \/><\/a><div class=\"uael-product-actions\"><\/div><\/div><div class=\"uael-woo-products-summary-wrap\"><a href=\"https:\/\/adindustrial.com\/en\/productos\/pulsarlube\/lubricantes\/pl3-high-speed\/\" class=\"uael-loop-product__link\"><h2 class=\"woocommerce-loop-product__title\">PL3 High-Speed<\/h2><\/a><\/div>\t<\/div>\n<\/li>\n\n<li class=\"lubricantes pulsarlube post-1873 product last instock shipping-taxable product-type-simple\">\n\t<div class=\"uael-woo-product-wrapper\">\n\t\t<div class=\"uael-woo-products-thumbnail-wrap\"><div class=\"uael-flash-container\"><\/div><a href=\"https:\/\/adindustrial.com\/en\/productos\/pulsarlube\/lubricantes\/pl4-h1-food-grade\/\" class=\"woocommerce-LoopProduct-link woocommerce-loop-product__link\"><img decoding=\"async\" width=\"200\" height=\"200\" data-src=\"https:\/\/adindustrial.com\/wp-content\/uploads\/pl4_200-.png\" class=\"attachment-woocommerce_thumbnail size-woocommerce_thumbnail lazyload\" alt=\"PL4 H1 Food Grade\" src=\"data:image\/svg+xml;base64,PHN2ZyB3aWR0aD0iMSIgaGVpZ2h0PSIxIiB4bWxucz0iaHR0cDovL3d3dy53My5vcmcvMjAwMC9zdmciPjwvc3ZnPg==\" style=\"--smush-placeholder-width: 200px; --smush-placeholder-aspect-ratio: 200\/200;\" \/><\/a><div class=\"uael-product-actions\"><\/div><\/div><div class=\"uael-woo-products-summary-wrap\"><a href=\"https:\/\/adindustrial.com\/en\/productos\/pulsarlube\/lubricantes\/pl4-h1-food-grade\/\" class=\"uael-loop-product__link\"><h2 class=\"woocommerce-loop-product__title\">PL4 H1 Food Grade<\/h2><\/a><\/div>\t<\/div>\n<\/li>\n\n<li class=\"lubricantes pulsarlube post-1874 product first instock shipping-taxable product-type-simple\">\n\t<div class=\"uael-woo-product-wrapper\">\n\t\t<div class=\"uael-woo-products-thumbnail-wrap\"><div class=\"uael-flash-container\"><\/div><a href=\"https:\/\/adindustrial.com\/en\/productos\/pulsarlube\/lubricantes\/pl5-high-temperature\/\" class=\"woocommerce-LoopProduct-link woocommerce-loop-product__link\"><img decoding=\"async\" width=\"200\" height=\"200\" data-src=\"https:\/\/adindustrial.com\/wp-content\/uploads\/PL5-High-Temperature.png\" class=\"attachment-woocommerce_thumbnail size-woocommerce_thumbnail lazyload\" alt=\"PL5 High Temperature\" src=\"data:image\/svg+xml;base64,PHN2ZyB3aWR0aD0iMSIgaGVpZ2h0PSIxIiB4bWxucz0iaHR0cDovL3d3dy53My5vcmcvMjAwMC9zdmciPjwvc3ZnPg==\" style=\"--smush-placeholder-width: 200px; --smush-placeholder-aspect-ratio: 200\/200;\" \/><\/a><div class=\"uael-product-actions\"><\/div><\/div><div class=\"uael-woo-products-summary-wrap\"><a href=\"https:\/\/adindustrial.com\/en\/productos\/pulsarlube\/lubricantes\/pl5-high-temperature\/\" class=\"uael-loop-product__link\"><h2 class=\"woocommerce-loop-product__title\">PL5 High Temperature<\/h2><\/a><\/div>\t<\/div>\n<\/li>\n\n<li class=\"lubricantes pulsarlube post-1875 product  instock shipping-taxable product-type-simple\">\n\t<div class=\"uael-woo-product-wrapper\">\n\t\t<div class=\"uael-woo-products-thumbnail-wrap\"><div class=\"uael-flash-container\"><\/div><a href=\"https:\/\/adindustrial.com\/en\/productos\/pulsarlube\/lubricantes\/pl6-multi-purpose-with-mos2\/\" class=\"woocommerce-LoopProduct-link woocommerce-loop-product__link\"><img decoding=\"async\" width=\"200\" height=\"200\" data-src=\"https:\/\/adindustrial.com\/wp-content\/uploads\/PL6-Multi-Purpose-with-MoS2.png\" class=\"attachment-woocommerce_thumbnail size-woocommerce_thumbnail lazyload\" alt=\"PL6 Multi Purpose with MoS2\" src=\"data:image\/svg+xml;base64,PHN2ZyB3aWR0aD0iMSIgaGVpZ2h0PSIxIiB4bWxucz0iaHR0cDovL3d3dy53My5vcmcvMjAwMC9zdmciPjwvc3ZnPg==\" style=\"--smush-placeholder-width: 200px; --smush-placeholder-aspect-ratio: 200\/200;\" \/><\/a><div class=\"uael-product-actions\"><\/div><\/div><div class=\"uael-woo-products-summary-wrap\"><a href=\"https:\/\/adindustrial.com\/en\/productos\/pulsarlube\/lubricantes\/pl6-multi-purpose-with-mos2\/\" class=\"uael-loop-product__link\"><h2 class=\"woocommerce-loop-product__title\">PL6 Multi Purpose with MoS2<\/h2><\/a><\/div>\t<\/div>\n<\/li>\n\n<li class=\"lubricantes pulsarlube post-1876 product  instock shipping-taxable product-type-simple\">\n\t<div class=\"uael-woo-product-wrapper\">\n\t\t<div class=\"uael-woo-products-thumbnail-wrap\"><div class=\"uael-flash-container\"><\/div><a href=\"https:\/\/adindustrial.com\/en\/productos\/pulsarlube\/lubricantes\/pl7-low-temperature\/\" class=\"woocommerce-LoopProduct-link woocommerce-loop-product__link\"><img decoding=\"async\" width=\"200\" height=\"200\" data-src=\"https:\/\/adindustrial.com\/wp-content\/uploads\/PL7-Low-Temperature.png\" class=\"attachment-woocommerce_thumbnail size-woocommerce_thumbnail lazyload\" alt=\"PL7 Low Temperature\" src=\"data:image\/svg+xml;base64,PHN2ZyB3aWR0aD0iMSIgaGVpZ2h0PSIxIiB4bWxucz0iaHR0cDovL3d3dy53My5vcmcvMjAwMC9zdmciPjwvc3ZnPg==\" style=\"--smush-placeholder-width: 200px; --smush-placeholder-aspect-ratio: 200\/200;\" \/><\/a><div class=\"uael-product-actions\"><\/div><\/div><div class=\"uael-woo-products-summary-wrap\"><a href=\"https:\/\/adindustrial.com\/en\/productos\/pulsarlube\/lubricantes\/pl7-low-temperature\/\" class=\"uael-loop-product__link\"><h2 class=\"woocommerce-loop-product__title\">PL7 Low Temperature<\/h2><\/a><\/div>\t<\/div>\n<\/li>\n\n<li class=\"lubricantes pulsarlube post-1877 product last instock shipping-taxable product-type-simple\">\n\t<div class=\"uael-woo-product-wrapper\">\n\t\t<div class=\"uael-woo-products-thumbnail-wrap\"><div class=\"uael-flash-container\"><\/div><a href=\"https:\/\/adindustrial.com\/en\/productos\/pulsarlube\/lubricantes\/pl10-motor-bearing\/\" class=\"woocommerce-LoopProduct-link woocommerce-loop-product__link\"><img decoding=\"async\" width=\"200\" height=\"200\" data-src=\"https:\/\/adindustrial.com\/wp-content\/uploads\/PL10-Motor-Bearing.png\" class=\"attachment-woocommerce_thumbnail size-woocommerce_thumbnail lazyload\" alt=\"PL10 Motor Bearing\" src=\"data:image\/svg+xml;base64,PHN2ZyB3aWR0aD0iMSIgaGVpZ2h0PSIxIiB4bWxucz0iaHR0cDovL3d3dy53My5vcmcvMjAwMC9zdmciPjwvc3ZnPg==\" style=\"--smush-placeholder-width: 200px; --smush-placeholder-aspect-ratio: 200\/200;\" \/><\/a><div class=\"uael-product-actions\"><\/div><\/div><div class=\"uael-woo-products-summary-wrap\"><a href=\"https:\/\/adindustrial.com\/en\/productos\/pulsarlube\/lubricantes\/pl10-motor-bearing\/\" class=\"uael-loop-product__link\"><h2 class=\"woocommerce-loop-product__title\">PL10 Motor Bearing<\/h2><\/a><\/div>\t<\/div>\n<\/li>\n<\/ul>\n<\/div><\/div>\t\t\t\t<\/div>\n\t\t\t\t<\/div>\n\t\t\t\t\t<\/div>\n\t\t<\/div>\n\t\t\t\t\t<\/div>\n\t\t<\/section>\n\t\t\t\t<\/div>","protected":false},"excerpt":{"rendered":"<p>Elegir el lubricante correcto es uno de los factores cr\u00edticos para una vida \u00fatil \u00f3ptima del rodamiento. Pulsarlube le ofrece las mejores selecciones de lubricantes para cada aplicaci\u00f3n espec\u00edfica. Seleccione el tipo de grasa que desea para su aplicaci\u00f3n. PL1 Multi-Purpose PL2 Heavy Duty PL3 High-Speed PL4 H1 Food Grade PL5 High Temperature PL6 Multi [&hellip;]<\/p>\n","protected":false},"author":1,"featured_media":1565,"parent":1522,"menu_order":0,"comment_status":"closed","ping_status":"closed","template":"","meta":{"site-sidebar-layout":"no-sidebar","site-content-layout":"page-builder","ast-site-content-layout":"default","site-content-style":"default","site-sidebar-style":"default","ast-global-header-display":"","ast-banner-title-visibility":"","ast-main-header-display":"","ast-hfb-above-header-display":"","ast-hfb-below-header-display":"","ast-hfb-mobile-header-display":"","site-post-title":"disabled","ast-breadcrumbs-content":"","ast-featured-img":"disabled","footer-sml-layout":"","ast-disable-related-posts":"","theme-transparent-header-meta":"","adv-header-id-meta":"","stick-header-meta":"","header-above-stick-meta":"","header-main-stick-meta":"","header-below-stick-meta":"","astra-migrate-meta-layouts":"default","ast-page-background-enabled":"default","ast-page-background-meta":{"desktop":{"background-color":"","background-image":"","background-repeat":"repeat","background-position":"center center","background-size":"auto","background-attachment":"scroll","background-type":"","background-media":"","overlay-type":"","overlay-color":"","overlay-opacity":"","overlay-gradient":""},"tablet":{"background-color":"","background-image":"","background-repeat":"repeat","background-position":"center center","background-size":"auto","background-attachment":"scroll","background-type":"","background-media":"","overlay-type":"","overlay-color":"","overlay-opacity":"","overlay-gradient":""},"mobile":{"background-color":"","background-image":"","background-repeat":"repeat","background-position":"center center","background-size":"auto","background-attachment":"scroll","background-type":"","background-media":"","overlay-type":"","overlay-color":"","overlay-opacity":"","overlay-gradient":""}},"ast-content-background-meta":{"desktop":{"background-color":"var(--ast-global-color-5)","background-image":"","background-repeat":"repeat","background-position":"center center","background-size":"auto","background-attachment":"scroll","background-type":"","background-media":"","overlay-type":"","overlay-color":"","overlay-opacity":"","overlay-gradient":""},"tablet":{"background-color":"var(--ast-global-color-5)","background-image":"","background-repeat":"repeat","background-position":"center center","background-size":"auto","background-attachment":"scroll","background-type":"","background-media":"","overlay-type":"","overlay-color":"","overlay-opacity":"","overlay-gradient":""},"mobile":{"background-color":"var(--ast-global-color-5)","background-image":"","background-repeat":"repeat","background-position":"center center","background-size":"auto","background-attachment":"scroll","background-type":"","background-media":"","overlay-type":"","overlay-color":"","overlay-opacity":"","overlay-gradient":""}},"footnotes":""},"class_list":["post-1713","page","type-page","status-publish","has-post-thumbnail","hentry","desktop-align-left","tablet-align-left","mobile-align-left","ast-product-gallery-layout-horizontal-slider","ast-product-gallery-with-no-image","ast-product-tabs-layout-horizontal"],"yoast_head":"<!-- This site is optimized with the Yoast SEO plugin v27.0 - https:\/\/yoast.com\/product\/yoast-seo-wordpress\/ -->\n<title>Lubricantes - AD INDUSTRIAL<\/title>\n<meta name=\"robots\" content=\"index, follow, max-snippet:-1, max-image-preview:large, max-video-preview:-1\" \/>\n<link rel=\"canonical\" href=\"https:\/\/adindustrial.com\/en\/pulsarlube\/lubricantes\/\" \/>\n<meta property=\"og:locale\" content=\"en_US\" \/>\n<meta property=\"og:type\" content=\"article\" \/>\n<meta property=\"og:title\" content=\"Lubricantes - AD INDUSTRIAL\" \/>\n<meta property=\"og:description\" content=\"Elegir el lubricante correcto es uno de los factores cr\u00edticos para una vida \u00fatil \u00f3ptima del rodamiento. Pulsarlube le ofrece las mejores selecciones de lubricantes para cada aplicaci\u00f3n espec\u00edfica. Seleccione el tipo de grasa que desea para su aplicaci\u00f3n. PL1 Multi-Purpose PL2 Heavy Duty PL3 High-Speed PL4 H1 Food Grade PL5 High Temperature PL6 Multi [&hellip;]\" \/>\n<meta property=\"og:url\" content=\"https:\/\/adindustrial.com\/en\/pulsarlube\/lubricantes\/\" \/>\n<meta property=\"og:site_name\" content=\"AD INDUSTRIAL\" \/>\n<meta property=\"article:modified_time\" content=\"2023-03-11T03:21:49+00:00\" \/>\n<meta property=\"og:image\" content=\"https:\/\/adindustrial.com\/wp-content\/uploads\/PL1-Multi-Purpose.png\" \/>\n\t<meta property=\"og:image:width\" content=\"200\" \/>\n\t<meta property=\"og:image:height\" content=\"200\" \/>\n\t<meta property=\"og:image:type\" content=\"image\/png\" \/>\n<meta name=\"twitter:card\" content=\"summary_large_image\" \/>\n<meta name=\"twitter:label1\" content=\"Est. reading time\" \/>\n\t<meta name=\"twitter:data1\" content=\"2 minutes\" \/>\n<script type=\"application\/ld+json\" class=\"yoast-schema-graph\">{\"@context\":\"https:\/\/schema.org\",\"@graph\":[{\"@type\":\"WebPage\",\"@id\":\"https:\/\/adindustrial.com\/pulsarlube\/lubricantes\/\",\"url\":\"https:\/\/adindustrial.com\/pulsarlube\/lubricantes\/\",\"name\":\"Lubricantes - AD INDUSTRIAL\",\"isPartOf\":{\"@id\":\"https:\/\/adindustrial.com\/#website\"},\"primaryImageOfPage\":{\"@id\":\"https:\/\/adindustrial.com\/pulsarlube\/lubricantes\/#primaryimage\"},\"image\":{\"@id\":\"https:\/\/adindustrial.com\/pulsarlube\/lubricantes\/#primaryimage\"},\"thumbnailUrl\":\"https:\/\/adindustrial.com\/wp-content\/uploads\/PL1-Multi-Purpose.png\",\"datePublished\":\"2023-03-07T22:16:46+00:00\",\"dateModified\":\"2023-03-11T03:21:49+00:00\",\"breadcrumb\":{\"@id\":\"https:\/\/adindustrial.com\/pulsarlube\/lubricantes\/#breadcrumb\"},\"inLanguage\":\"en-US\",\"potentialAction\":[{\"@type\":\"ReadAction\",\"target\":[\"https:\/\/adindustrial.com\/pulsarlube\/lubricantes\/\"]}]},{\"@type\":\"ImageObject\",\"inLanguage\":\"en-US\",\"@id\":\"https:\/\/adindustrial.com\/pulsarlube\/lubricantes\/#primaryimage\",\"url\":\"https:\/\/adindustrial.com\/wp-content\/uploads\/PL1-Multi-Purpose.png\",\"contentUrl\":\"https:\/\/adindustrial.com\/wp-content\/uploads\/PL1-Multi-Purpose.png\",\"width\":200,\"height\":200},{\"@type\":\"BreadcrumbList\",\"@id\":\"https:\/\/adindustrial.com\/pulsarlube\/lubricantes\/#breadcrumb\",\"itemListElement\":[{\"@type\":\"ListItem\",\"position\":1,\"name\":\"Inicio\",\"item\":\"https:\/\/adindustrial.com\/\"},{\"@type\":\"ListItem\",\"position\":2,\"name\":\"Pulsarlube\",\"item\":\"https:\/\/adindustrial.com\/pulsarlube\/\"},{\"@type\":\"ListItem\",\"position\":3,\"name\":\"Lubricantes\"}]},{\"@type\":\"WebSite\",\"@id\":\"https:\/\/adindustrial.com\/#website\",\"url\":\"https:\/\/adindustrial.com\/\",\"name\":\"AD INDUSTRIAL\",\"description\":\"Industria en movimiento\",\"publisher\":{\"@id\":\"https:\/\/adindustrial.com\/#organization\"},\"potentialAction\":[{\"@type\":\"SearchAction\",\"target\":{\"@type\":\"EntryPoint\",\"urlTemplate\":\"https:\/\/adindustrial.com\/?s={search_term_string}\"},\"query-input\":{\"@type\":\"PropertyValueSpecification\",\"valueRequired\":true,\"valueName\":\"search_term_string\"}}],\"inLanguage\":\"en-US\"},{\"@type\":\"Organization\",\"@id\":\"https:\/\/adindustrial.com\/#organization\",\"name\":\"Ad Industrial S.A. de C.V.\",\"url\":\"https:\/\/adindustrial.com\/\",\"logo\":{\"@type\":\"ImageObject\",\"inLanguage\":\"en-US\",\"@id\":\"https:\/\/adindustrial.com\/#\/schema\/logo\/image\/\",\"url\":\"https:\/\/adindustrial.com\/wp-content\/uploads\/2021\/03\/ADIndustrial-logo.png\",\"contentUrl\":\"https:\/\/adindustrial.com\/wp-content\/uploads\/2021\/03\/ADIndustrial-logo.png\",\"width\":1000,\"height\":265,\"caption\":\"Ad Industrial S.A. de C.V.\"},\"image\":{\"@id\":\"https:\/\/adindustrial.com\/#\/schema\/logo\/image\/\"}}]}<\/script>\n<!-- \/ Yoast SEO plugin. -->","yoast_head_json":{"title":"Lubricantes - AD INDUSTRIAL","robots":{"index":"index","follow":"follow","max-snippet":"max-snippet:-1","max-image-preview":"max-image-preview:large","max-video-preview":"max-video-preview:-1"},"canonical":"https:\/\/adindustrial.com\/en\/pulsarlube\/lubricantes\/","og_locale":"en_US","og_type":"article","og_title":"Lubricantes - AD INDUSTRIAL","og_description":"Elegir el lubricante correcto es uno de los factores cr\u00edticos para una vida \u00fatil \u00f3ptima del rodamiento. Pulsarlube le ofrece las mejores selecciones de lubricantes para cada aplicaci\u00f3n espec\u00edfica. Seleccione el tipo de grasa que desea para su aplicaci\u00f3n. PL1 Multi-Purpose PL2 Heavy Duty PL3 High-Speed PL4 H1 Food Grade PL5 High Temperature PL6 Multi [&hellip;]","og_url":"https:\/\/adindustrial.com\/en\/pulsarlube\/lubricantes\/","og_site_name":"AD INDUSTRIAL","article_modified_time":"2023-03-11T03:21:49+00:00","og_image":[{"width":200,"height":200,"url":"https:\/\/adindustrial.com\/wp-content\/uploads\/PL1-Multi-Purpose.png","type":"image\/png"}],"twitter_card":"summary_large_image","twitter_misc":{"Est. reading time":"2 minutes"},"schema":{"@context":"https:\/\/schema.org","@graph":[{"@type":"WebPage","@id":"https:\/\/adindustrial.com\/pulsarlube\/lubricantes\/","url":"https:\/\/adindustrial.com\/pulsarlube\/lubricantes\/","name":"Lubricantes - AD INDUSTRIAL","isPartOf":{"@id":"https:\/\/adindustrial.com\/#website"},"primaryImageOfPage":{"@id":"https:\/\/adindustrial.com\/pulsarlube\/lubricantes\/#primaryimage"},"image":{"@id":"https:\/\/adindustrial.com\/pulsarlube\/lubricantes\/#primaryimage"},"thumbnailUrl":"https:\/\/adindustrial.com\/wp-content\/uploads\/PL1-Multi-Purpose.png","datePublished":"2023-03-07T22:16:46+00:00","dateModified":"2023-03-11T03:21:49+00:00","breadcrumb":{"@id":"https:\/\/adindustrial.com\/pulsarlube\/lubricantes\/#breadcrumb"},"inLanguage":"en-US","potentialAction":[{"@type":"ReadAction","target":["https:\/\/adindustrial.com\/pulsarlube\/lubricantes\/"]}]},{"@type":"ImageObject","inLanguage":"en-US","@id":"https:\/\/adindustrial.com\/pulsarlube\/lubricantes\/#primaryimage","url":"https:\/\/adindustrial.com\/wp-content\/uploads\/PL1-Multi-Purpose.png","contentUrl":"https:\/\/adindustrial.com\/wp-content\/uploads\/PL1-Multi-Purpose.png","width":200,"height":200},{"@type":"BreadcrumbList","@id":"https:\/\/adindustrial.com\/pulsarlube\/lubricantes\/#breadcrumb","itemListElement":[{"@type":"ListItem","position":1,"name":"Inicio","item":"https:\/\/adindustrial.com\/"},{"@type":"ListItem","position":2,"name":"Pulsarlube","item":"https:\/\/adindustrial.com\/pulsarlube\/"},{"@type":"ListItem","position":3,"name":"Lubricantes"}]},{"@type":"WebSite","@id":"https:\/\/adindustrial.com\/#website","url":"https:\/\/adindustrial.com\/","name":"AD INDUSTRIAL","description":"Industria en movimiento","publisher":{"@id":"https:\/\/adindustrial.com\/#organization"},"potentialAction":[{"@type":"SearchAction","target":{"@type":"EntryPoint","urlTemplate":"https:\/\/adindustrial.com\/?s={search_term_string}"},"query-input":{"@type":"PropertyValueSpecification","valueRequired":true,"valueName":"search_term_string"}}],"inLanguage":"en-US"},{"@type":"Organization","@id":"https:\/\/adindustrial.com\/#organization","name":"Ad Industrial S.A. de C.V.","url":"https:\/\/adindustrial.com\/","logo":{"@type":"ImageObject","inLanguage":"en-US","@id":"https:\/\/adindustrial.com\/#\/schema\/logo\/image\/","url":"https:\/\/adindustrial.com\/wp-content\/uploads\/2021\/03\/ADIndustrial-logo.png","contentUrl":"https:\/\/adindustrial.com\/wp-content\/uploads\/2021\/03\/ADIndustrial-logo.png","width":1000,"height":265,"caption":"Ad Industrial S.A. de C.V."},"image":{"@id":"https:\/\/adindustrial.com\/#\/schema\/logo\/image\/"}}]}},"_links":{"self":[{"href":"https:\/\/adindustrial.com\/en\/wp-json\/wp\/v2\/pages\/1713","targetHints":{"allow":["GET"]}}],"collection":[{"href":"https:\/\/adindustrial.com\/en\/wp-json\/wp\/v2\/pages"}],"about":[{"href":"https:\/\/adindustrial.com\/en\/wp-json\/wp\/v2\/types\/page"}],"author":[{"embeddable":true,"href":"https:\/\/adindustrial.com\/en\/wp-json\/wp\/v2\/users\/1"}],"replies":[{"embeddable":true,"href":"https:\/\/adindustrial.com\/en\/wp-json\/wp\/v2\/comments?post=1713"}],"version-history":[{"count":0,"href":"https:\/\/adindustrial.com\/en\/wp-json\/wp\/v2\/pages\/1713\/revisions"}],"up":[{"embeddable":true,"href":"https:\/\/adindustrial.com\/en\/wp-json\/wp\/v2\/pages\/1522"}],"wp:featuredmedia":[{"embeddable":true,"href":"https:\/\/adindustrial.com\/en\/wp-json\/wp\/v2\/media\/1565"}],"wp:attachment":[{"href":"https:\/\/adindustrial.com\/en\/wp-json\/wp\/v2\/media?parent=1713"}],"curies":[{"name":"wp","href":"https:\/\/api.w.org\/{rel}","templated":true}]}}